{"id":736125,"date":"2025-03-03T16:30:29","date_gmt":"2025-03-03T15:30:29","guid":{"rendered":"https:\/\/stoic-curie.212-227-153-4.plesk.page\/producto\/fendress-fenderbezugseinheit-f8-beige\/"},"modified":"2026-02-24T23:35:05","modified_gmt":"2026-02-24T23:35:05","slug":"fendress-fenderbezugseinheit-f8-beige","status":"publish","type":"product","link":"https:\/\/stoic-curie.212-227-153-4.plesk.page\/de\/product\/fendress-fenderbezugseinheit-f8-beige\/","title":{"rendered":"Fendress Fenderbezugseinheit F8 Beige"},"content":{"rendered":"<p>Fendress Fenderbezugseinheit F8 Beige &#8211; <\/p>\n<p>Handgefertigte Fendress Fenderbez\u00fcge aus weichem Fleece. Premium-Schutz f\u00fcr Ihre Fender, w\u00e4hrend Quietschen und Schrammen beseitigt werden. Weich und robust sch\u00fctzen diese Fenderbez\u00fcge effizient Ihren Gelcoat und verl\u00e4ngern die Lebensdauer Ihrer Fender.<\/p>\n<p>\u2022 &#8220;Fendress Covers&#8221; sind 100% Acryl, handgefertigte, hochwertige, widerstandsf\u00e4hige und nicht-abrasive Schlaufenstrickware. Weiche, pl\u00fcschige Fleecedeckel bieten den ultimativen Schutz f\u00fcr Ihre Oberseiten.<br \/>\u2022 &#8220;Fendress Covers&#8221; sind UV- und salzwasserbest\u00e4ndig und sch\u00fctzen Ihre Gelcoat-Oberfl\u00e4che effektiv vor Schrammen und Abrieb. Der strapazierf\u00e4hige Fleece-Stoff vereint alle besten Eigenschaften, einschlie\u00dflich Riss- und Abriebsfestigkeit, schnelle Trocknung und einfache Abnahme zur Reinigung.<br \/>\u2022 &#8220;Fendress Covers&#8221; verl\u00e4ngern die Lebensdauer Ihrer Fender und beseitigen l\u00e4stiges Fenderquietschen. UV-best\u00e4ndige Farben hinterlassen keine Spuren auf Ihren Oberseiten. Maschinewaschbar.<br \/>\u2022 &#8220;Fendress Covers&#8221; haben einen hochbelastbaren oberen Saum und einen elastischen unteren Saum f\u00fcr eine ma\u00dfgeschneiderte Passform f\u00fcr alle Fenderarten. Die Bez\u00fcge sind in 9 Farben erh\u00e4ltlich.<\/p>\n","protected":false},"excerpt":{"rendered":"<p>Fendress Fenderbezugseinheit F8 Beige &#8211; Handgefertigte Fendress Fenderbez\u00fcge aus weichem Fleece. Premium-Schutz f\u00fcr Ihre Fender, w\u00e4hrend Quietschen und Schrammen beseitigt<\/p>\n","protected":false},"featured_media":5944362,"comment_status":"open","ping_status":"closed","template":"","meta":[],"product_brand":[2935],"product_cat":[1564],"product_tag":[],"class_list":{"0":"post-736125","1":"product","2":"type-product","3":"status-publish","4":"has-post-thumbnail","6":"product_brand-fendress-de","7":"product_cat-fenderhuellen","9":"first","10":"instock","11":"shipping-taxable","12":"purchasable","13":"product-type-simple"},"_links":{"self":[{"href":"https:\/\/stoic-curie.212-227-153-4.plesk.page\/de\/wp-json\/wp\/v2\/product\/736125","targetHints":{"allow":["GET"]}}],"collection":[{"href":"https:\/\/stoic-curie.212-227-153-4.plesk.page\/de\/wp-json\/wp\/v2\/product"}],"about":[{"href":"https:\/\/stoic-curie.212-227-153-4.plesk.page\/de\/wp-json\/wp\/v2\/types\/product"}],"replies":[{"embeddable":true,"href":"https:\/\/stoic-curie.212-227-153-4.plesk.page\/de\/wp-json\/wp\/v2\/comments?post=736125"}],"version-history":[{"count":0,"href":"https:\/\/stoic-curie.212-227-153-4.plesk.page\/de\/wp-json\/wp\/v2\/product\/736125\/revisions"}],"wp:featuredmedia":[{"embeddable":true,"href":"https:\/\/stoic-curie.212-227-153-4.plesk.page\/de\/wp-json\/wp\/v2\/media\/5944362"}],"wp:attachment":[{"href":"https:\/\/stoic-curie.212-227-153-4.plesk.page\/de\/wp-json\/wp\/v2\/media?parent=736125"}],"wp:term":[{"taxonomy":"product_brand","embeddable":true,"href":"https:\/\/stoic-curie.212-227-153-4.plesk.page\/de\/wp-json\/wp\/v2\/product_brand?post=736125"},{"taxonomy":"product_cat","embeddable":true,"href":"https:\/\/stoic-curie.212-227-153-4.plesk.page\/de\/wp-json\/wp\/v2\/product_cat?post=736125"},{"taxonomy":"product_tag","embeddable":true,"href":"https:\/\/stoic-curie.212-227-153-4.plesk.page\/de\/wp-json\/wp\/v2\/product_tag?post=736125"}],"curies":[{"name":"wp","href":"https:\/\/api.w.org\/{rel}","templated":true}]}}