{"id":736128,"date":"2025-03-03T16:30:30","date_gmt":"2025-03-03T15:30:30","guid":{"rendered":"https:\/\/stoic-curie.212-227-153-4.plesk.page\/producto\/fendress-fenderbezugseinheit-f10-blau-navy\/"},"modified":"2026-02-24T23:35:05","modified_gmt":"2026-02-24T23:35:05","slug":"fendress-fenderbezugseinheit-f10-blau-navy","status":"publish","type":"product","link":"https:\/\/stoic-curie.212-227-153-4.plesk.page\/de\/product\/fendress-fenderbezugseinheit-f10-blau-navy\/","title":{"rendered":"Fendress Fenderbezugseinheit F10 Blau Navy"},"content":{"rendered":"<p>Fendress Fenderbezugseinheit F10 Blau Navy &#8211; <\/p>\n<p>Pl\u00fcschfleece handgefertigte Fendress Fenderabdeckungen. Premiumschutz f\u00fcr Ihre Fender, w\u00e4hrend fenderger\u00e4usche und Kratzspuren beseitigt werden. Sanft und robust sch\u00fctzen diese Fenderabdeckungen effizient deinen Gelcoat und verl\u00e4ngern die Lebensdauer deiner Fender.<\/p>\n<p>\u2022 &#8220;Fendress Covers&#8221; sind 100% Acryl, handgefertigte Premiumqualit\u00e4t, best\u00e4ndig und nicht-abrasiv, Loop-Strick. Sanfte, pl\u00fcschige Fleece-Fenderabdeckungen bieten den ultimativen Schutz f\u00fcr Ihre Oberseiten. <br \/>\u2022 &#8220;Fendress Covers&#8221; sind UV- und meerwasserbest\u00e4ndig und sch\u00fctzen effizient deinen Gelcoat vor Kratzspuren und Abrieb. Der strapazierf\u00e4hige und robuste Fleece-Stoff enth\u00e4lt alle besten Eigenschaften, einschlie\u00dflich Riss- und Abriebfestigkeit, schnelle Trocknungsf\u00e4higkeit und einfache Entfernung zur Reinigung. <br \/>\u2022 &#8220;Fendress Covers&#8221; lassen Ihre Fender l\u00e4nger halten und beseitigen l\u00e4stige Fenderger\u00e4usche. UV-best\u00e4ndige Farben hinterlassen keine Spuren auf deinen Oberseiten. Maschinenwaschbar. <br \/>\u2022 &#8220;Fendress Covers&#8221; hohe Widerstandsf\u00e4higkeit oben und elastischer Saum erm\u00f6glichen eine ma\u00dfgeschneiderte Passform f\u00fcr alle Arten von Fendern. Abdeckungen sind in 9 Farben erh\u00e4ltlich.<\/p>\n","protected":false},"excerpt":{"rendered":"<p>Fendress Fenderbezugseinheit F10 Blau Navy &#8211; Pl\u00fcschfleece handgefertigte Fendress Fenderabdeckungen. Premiumschutz f\u00fcr Ihre Fender, w\u00e4hrend fenderger\u00e4usche und Kratzspuren beseitigt werden.<\/p>\n","protected":false},"featured_media":5944351,"comment_status":"open","ping_status":"closed","template":"","meta":[],"product_brand":[2935],"product_cat":[1564],"product_tag":[],"class_list":{"0":"post-736128","1":"product","2":"type-product","3":"status-publish","4":"has-post-thumbnail","6":"product_brand-fendress-de","7":"product_cat-fenderhuellen","9":"first","10":"instock","11":"shipping-taxable","12":"purchasable","13":"product-type-simple"},"_links":{"self":[{"href":"https:\/\/stoic-curie.212-227-153-4.plesk.page\/de\/wp-json\/wp\/v2\/product\/736128","targetHints":{"allow":["GET"]}}],"collection":[{"href":"https:\/\/stoic-curie.212-227-153-4.plesk.page\/de\/wp-json\/wp\/v2\/product"}],"about":[{"href":"https:\/\/stoic-curie.212-227-153-4.plesk.page\/de\/wp-json\/wp\/v2\/types\/product"}],"replies":[{"embeddable":true,"href":"https:\/\/stoic-curie.212-227-153-4.plesk.page\/de\/wp-json\/wp\/v2\/comments?post=736128"}],"version-history":[{"count":0,"href":"https:\/\/stoic-curie.212-227-153-4.plesk.page\/de\/wp-json\/wp\/v2\/product\/736128\/revisions"}],"wp:featuredmedia":[{"embeddable":true,"href":"https:\/\/stoic-curie.212-227-153-4.plesk.page\/de\/wp-json\/wp\/v2\/media\/5944351"}],"wp:attachment":[{"href":"https:\/\/stoic-curie.212-227-153-4.plesk.page\/de\/wp-json\/wp\/v2\/media?parent=736128"}],"wp:term":[{"taxonomy":"product_brand","embeddable":true,"href":"https:\/\/stoic-curie.212-227-153-4.plesk.page\/de\/wp-json\/wp\/v2\/product_brand?post=736128"},{"taxonomy":"product_cat","embeddable":true,"href":"https:\/\/stoic-curie.212-227-153-4.plesk.page\/de\/wp-json\/wp\/v2\/product_cat?post=736128"},{"taxonomy":"product_tag","embeddable":true,"href":"https:\/\/stoic-curie.212-227-153-4.plesk.page\/de\/wp-json\/wp\/v2\/product_tag?post=736128"}],"curies":[{"name":"wp","href":"https:\/\/api.w.org\/{rel}","templated":true}]}}