{"id":736129,"date":"2025-03-03T16:30:30","date_gmt":"2025-03-03T15:30:30","guid":{"rendered":"https:\/\/stoic-curie.212-227-153-4.plesk.page\/producto\/fendress-fenderbezugseinheit-f10-beige\/"},"modified":"2026-02-24T23:35:05","modified_gmt":"2026-02-24T23:35:05","slug":"fendress-fenderbezugseinheit-f10-beige","status":"publish","type":"product","link":"https:\/\/stoic-curie.212-227-153-4.plesk.page\/de\/product\/fendress-fenderbezugseinheit-f10-beige\/","title":{"rendered":"Fendress Fenderbezugseinheit F10 Beige"},"content":{"rendered":"<p>Fendress Fenderbezugseinheit F10 Beige &#8211; <\/p>\n<p>Pl\u00fcsch-Fleece handgefertigte Fendress Fenderabdeckungen. Premium Schutz f\u00fcr Ihre Fender, w\u00e4hrend sie quietschen und schmutzige Abdr\u00fccke beseitigen. Weich und robust sch\u00fctzen diese Fenderabdeckungen effizient Ihre Gelcoat-Oberfl\u00e4che und verl\u00e4ngern die Lebensdauer Ihrer Fender.<\/p>\n<p>\u2022 \u201cFendress Covers\u201d sind 100% Acryl handgefertigte Premium-Qualit\u00e4t, widerstandsf\u00e4hig und nicht abrasive Schlingenstrick. Weiche, pl\u00fcschige Fleece-Fenderabdeckungen bieten den ultimativen Schutz f\u00fcr Ihre Oberfl\u00e4chen. \u2022 \u201cFendress Covers\u201d sind UV- und salzwasserbest\u00e4ndig und sch\u00fctzen effizient Ihre Gelcoat-Oberfl\u00e4che vor Abdr\u00fccken und Abrasionen. Der strapazierf\u00e4hige Fleece-Stoff bietet alle besten Eigenschaften, einschlie\u00dflich Riss- und Abriebfestigkeit, schnelle Trocknung und einfache Entfernung zur Reinigung. \u2022 \u201cFendress Covers\u201d verl\u00e4ngern die Lebensdauer Ihrer Fender und beseitigen l\u00e4stige Quietschen. UV-best\u00e4ndige Farben hinterlassen keine Spuren auf Ihren Oberfl\u00e4chen. Maschinenwaschbar. \u2022 \u201cFendress Covers\u201d hochgradig widerstandsf\u00e4higen oberen Bereich und elastischen unteren Saum erm\u00f6glichen eine individuelle Passform f\u00fcr alle Arten von Fendern. Abdeckungen sind in 9 Farben erh\u00e4ltlich.<\/p>\n","protected":false},"excerpt":{"rendered":"<p>Fendress Fenderbezugseinheit F10 Beige &#8211; Pl\u00fcsch-Fleece handgefertigte Fendress Fenderabdeckungen. Premium Schutz f\u00fcr Ihre Fender, w\u00e4hrend sie quietschen und schmutzige Abdr\u00fccke<\/p>\n","protected":false},"featured_media":5944362,"comment_status":"open","ping_status":"closed","template":"","meta":[],"product_brand":[2935],"product_cat":[1564],"product_tag":[],"class_list":{"0":"post-736129","1":"product","2":"type-product","3":"status-publish","4":"has-post-thumbnail","6":"product_brand-fendress-de","7":"product_cat-fenderhuellen","9":"first","10":"instock","11":"shipping-taxable","12":"purchasable","13":"product-type-simple"},"_links":{"self":[{"href":"https:\/\/stoic-curie.212-227-153-4.plesk.page\/de\/wp-json\/wp\/v2\/product\/736129","targetHints":{"allow":["GET"]}}],"collection":[{"href":"https:\/\/stoic-curie.212-227-153-4.plesk.page\/de\/wp-json\/wp\/v2\/product"}],"about":[{"href":"https:\/\/stoic-curie.212-227-153-4.plesk.page\/de\/wp-json\/wp\/v2\/types\/product"}],"replies":[{"embeddable":true,"href":"https:\/\/stoic-curie.212-227-153-4.plesk.page\/de\/wp-json\/wp\/v2\/comments?post=736129"}],"version-history":[{"count":0,"href":"https:\/\/stoic-curie.212-227-153-4.plesk.page\/de\/wp-json\/wp\/v2\/product\/736129\/revisions"}],"wp:featuredmedia":[{"embeddable":true,"href":"https:\/\/stoic-curie.212-227-153-4.plesk.page\/de\/wp-json\/wp\/v2\/media\/5944362"}],"wp:attachment":[{"href":"https:\/\/stoic-curie.212-227-153-4.plesk.page\/de\/wp-json\/wp\/v2\/media?parent=736129"}],"wp:term":[{"taxonomy":"product_brand","embeddable":true,"href":"https:\/\/stoic-curie.212-227-153-4.plesk.page\/de\/wp-json\/wp\/v2\/product_brand?post=736129"},{"taxonomy":"product_cat","embeddable":true,"href":"https:\/\/stoic-curie.212-227-153-4.plesk.page\/de\/wp-json\/wp\/v2\/product_cat?post=736129"},{"taxonomy":"product_tag","embeddable":true,"href":"https:\/\/stoic-curie.212-227-153-4.plesk.page\/de\/wp-json\/wp\/v2\/product_tag?post=736129"}],"curies":[{"name":"wp","href":"https:\/\/api.w.org\/{rel}","templated":true}]}}