{"id":736131,"date":"2025-03-03T16:30:30","date_gmt":"2025-03-03T15:30:30","guid":{"rendered":"https:\/\/stoic-curie.212-227-153-4.plesk.page\/producto\/fendress-fenderbezugseinheit-f11-schwarz\/"},"modified":"2026-02-24T23:35:05","modified_gmt":"2026-02-24T23:35:05","slug":"fendress-fenderbezugseinheit-f11-schwarz","status":"publish","type":"product","link":"https:\/\/stoic-curie.212-227-153-4.plesk.page\/de\/product\/fendress-fenderbezugseinheit-f11-schwarz\/","title":{"rendered":"Fendress Fenderbezugseinheit F11 Schwarz"},"content":{"rendered":"<p>Fendress Fenderbezugseinheit F11 Schwarz &#8211; <\/p>\n<p>Pl\u00fcsch-Fleece handgefertigte Fendress Fender\u00fcberz\u00fcge. Premium-Schutz f\u00fcr Ihre Fender, w\u00e4hrend Quietschen und schmerzhafte Markierungen beseitigt werden. Diese weichen und robusten Fender\u00fcberz\u00fcge sch\u00fctzen effizient Ihre Gelcoat-Lackierung und verl\u00e4ngern die Lebensdauer Ihrer Fender. <\/p>\n<p> \u2022 \u201cFendress Covers\u201d sind 100% Acryl, handgefertigt, von hoher Qualit\u00e4t, widerstandsf\u00e4hig und nicht-abrasiv gestrickt. Weiche, pl\u00fcschige Fleece-Fender\u00fcberz\u00fcge bieten den ultimativen Schutz f\u00fcr Ihre Decks. <br \/> \u2022 \u201cFendress Covers\u201d sind UV- und salzwasserbest\u00e4ndig und sch\u00fctzen Ihre Gelcoat-Lackierung effektiv vor schmerzhaften Markierungen und Abrieb. Der strapazierf\u00e4hige und robuste Fleece-Stoff hat alle besten Eigenschaften, einschlie\u00dflich Riss- und Abriebfestigkeit, schnelles Trocknen und einfache Abnahme zur Reinigung. <br \/> \u2022 \u201cFendress Covers\u201d verl\u00e4ngern die Lebensdauer Ihrer Fender und beseitigen l\u00e4stiges Fenderquietschen. UV-best\u00e4ndige Farben hinterlassen keine Spuren auf Ihren Decks. Maschinenwaschbar. <br \/> \u2022 \u201cFendress Covers\u201d mit hochgradig widerstandsf\u00e4higem oberen Teil und elastischem Saum erm\u00f6glichen eine ma\u00dfgeschneiderte Passform f\u00fcr alle Fendertypen. \u00dcberz\u00fcge sind in 9 Farben erh\u00e4ltlich.<\/p>\n","protected":false},"excerpt":{"rendered":"<p>Fendress Fenderbezugseinheit F11 Schwarz &#8211; Pl\u00fcsch-Fleece handgefertigte Fendress Fender\u00fcberz\u00fcge. Premium-Schutz f\u00fcr Ihre Fender, w\u00e4hrend Quietschen und schmerzhafte Markierungen beseitigt werden.<\/p>\n","protected":false},"featured_media":5944361,"comment_status":"open","ping_status":"closed","template":"","meta":[],"product_brand":[2935],"product_cat":[1564],"product_tag":[],"class_list":{"0":"post-736131","1":"product","2":"type-product","3":"status-publish","4":"has-post-thumbnail","6":"product_brand-fendress-de","7":"product_cat-fenderhuellen","9":"first","10":"instock","11":"shipping-taxable","12":"purchasable","13":"product-type-simple"},"_links":{"self":[{"href":"https:\/\/stoic-curie.212-227-153-4.plesk.page\/de\/wp-json\/wp\/v2\/product\/736131","targetHints":{"allow":["GET"]}}],"collection":[{"href":"https:\/\/stoic-curie.212-227-153-4.plesk.page\/de\/wp-json\/wp\/v2\/product"}],"about":[{"href":"https:\/\/stoic-curie.212-227-153-4.plesk.page\/de\/wp-json\/wp\/v2\/types\/product"}],"replies":[{"embeddable":true,"href":"https:\/\/stoic-curie.212-227-153-4.plesk.page\/de\/wp-json\/wp\/v2\/comments?post=736131"}],"version-history":[{"count":0,"href":"https:\/\/stoic-curie.212-227-153-4.plesk.page\/de\/wp-json\/wp\/v2\/product\/736131\/revisions"}],"wp:featuredmedia":[{"embeddable":true,"href":"https:\/\/stoic-curie.212-227-153-4.plesk.page\/de\/wp-json\/wp\/v2\/media\/5944361"}],"wp:attachment":[{"href":"https:\/\/stoic-curie.212-227-153-4.plesk.page\/de\/wp-json\/wp\/v2\/media?parent=736131"}],"wp:term":[{"taxonomy":"product_brand","embeddable":true,"href":"https:\/\/stoic-curie.212-227-153-4.plesk.page\/de\/wp-json\/wp\/v2\/product_brand?post=736131"},{"taxonomy":"product_cat","embeddable":true,"href":"https:\/\/stoic-curie.212-227-153-4.plesk.page\/de\/wp-json\/wp\/v2\/product_cat?post=736131"},{"taxonomy":"product_tag","embeddable":true,"href":"https:\/\/stoic-curie.212-227-153-4.plesk.page\/de\/wp-json\/wp\/v2\/product_tag?post=736131"}],"curies":[{"name":"wp","href":"https:\/\/api.w.org\/{rel}","templated":true}]}}