{"id":736135,"date":"2025-03-03T16:30:31","date_gmt":"2025-03-03T15:30:31","guid":{"rendered":"https:\/\/stoic-curie.212-227-153-4.plesk.page\/producto\/nawa-modulare-fenderhalterungen-215mm\/"},"modified":"2026-02-24T23:35:06","modified_gmt":"2026-02-24T23:35:06","slug":"nawa-modulare-fenderhalterungen-215mm","status":"publish","type":"product","link":"https:\/\/stoic-curie.212-227-153-4.plesk.page\/de\/product\/nawa-modulare-fenderhalterungen-215mm\/","title":{"rendered":"Nawa Modulare Fenderhalterungen 215mm"},"content":{"rendered":"<p>Nawa Modulare Fenderhalterungen 215mm &#8211; <\/p>\n<p>Die modulare Fenderhalterung NAWA aus hochwertigem elektropoliertem 316-Edelstahl. Die vielseitigsten Fender-Staurauml\u00f6sungen mit patentierten Verbindern, die es erm\u00f6glichen, die K\u00f6rbe in jeder Kombination an jedem Gel\u00e4nder zu befestigen. Alles, was Sie f\u00fcr die Installation ben\u00f6tigen, ist ein Schraubendreher, ein oder mehrere K\u00f6rbe und ein oder mehrere schwenkbare oder parallele Verbinder. Der schwenkbare Verbinder ist eine Rohrschelle f\u00fcr 22, 25, 30 oder 32 mm Rohr. Der parallele Verbinder verbindet mehrere K\u00f6rbe miteinander.<\/p>\n","protected":false},"excerpt":{"rendered":"<p>Nawa Modulare Fenderhalterungen 215mm &#8211; Die modulare Fenderhalterung NAWA aus hochwertigem elektropoliertem 316-Edelstahl. Die vielseitigsten Fender-Staurauml\u00f6sungen mit patentierten Verbindern, die<\/p>\n","protected":false},"featured_media":5940131,"comment_status":"open","ping_status":"closed","template":"","meta":[],"product_brand":[3180],"product_cat":[1560],"product_tag":[],"class_list":{"0":"post-736135","1":"product","2":"type-product","3":"status-publish","4":"has-post-thumbnail","6":"product_brand-nawa-de","7":"product_cat-fender-zubehoer","9":"first","10":"instock","11":"shipping-taxable","12":"purchasable","13":"product-type-simple"},"_links":{"self":[{"href":"https:\/\/stoic-curie.212-227-153-4.plesk.page\/de\/wp-json\/wp\/v2\/product\/736135","targetHints":{"allow":["GET"]}}],"collection":[{"href":"https:\/\/stoic-curie.212-227-153-4.plesk.page\/de\/wp-json\/wp\/v2\/product"}],"about":[{"href":"https:\/\/stoic-curie.212-227-153-4.plesk.page\/de\/wp-json\/wp\/v2\/types\/product"}],"replies":[{"embeddable":true,"href":"https:\/\/stoic-curie.212-227-153-4.plesk.page\/de\/wp-json\/wp\/v2\/comments?post=736135"}],"version-history":[{"count":0,"href":"https:\/\/stoic-curie.212-227-153-4.plesk.page\/de\/wp-json\/wp\/v2\/product\/736135\/revisions"}],"wp:featuredmedia":[{"embeddable":true,"href":"https:\/\/stoic-curie.212-227-153-4.plesk.page\/de\/wp-json\/wp\/v2\/media\/5940131"}],"wp:attachment":[{"href":"https:\/\/stoic-curie.212-227-153-4.plesk.page\/de\/wp-json\/wp\/v2\/media?parent=736135"}],"wp:term":[{"taxonomy":"product_brand","embeddable":true,"href":"https:\/\/stoic-curie.212-227-153-4.plesk.page\/de\/wp-json\/wp\/v2\/product_brand?post=736135"},{"taxonomy":"product_cat","embeddable":true,"href":"https:\/\/stoic-curie.212-227-153-4.plesk.page\/de\/wp-json\/wp\/v2\/product_cat?post=736135"},{"taxonomy":"product_tag","embeddable":true,"href":"https:\/\/stoic-curie.212-227-153-4.plesk.page\/de\/wp-json\/wp\/v2\/product_tag?post=736135"}],"curies":[{"name":"wp","href":"https:\/\/api.w.org\/{rel}","templated":true}]}}