{"id":736136,"date":"2025-03-03T16:30:31","date_gmt":"2025-03-03T15:30:31","guid":{"rendered":"https:\/\/stoic-curie.212-227-153-4.plesk.page\/producto\/nawa-modulare-fenderhalterungen-230mm\/"},"modified":"2026-02-24T23:35:06","modified_gmt":"2026-02-24T23:35:06","slug":"nawa-modulare-fenderhalterungen-230mm","status":"publish","type":"product","link":"https:\/\/stoic-curie.212-227-153-4.plesk.page\/de\/product\/nawa-modulare-fenderhalterungen-230mm\/","title":{"rendered":"Nawa Modulare Fenderhalterungen 230mm"},"content":{"rendered":"<p>Nawa Modulare Fenderhalterungen 230mm &#8211; <\/p>\n<p>Die modularen Fenderhalter von NAWA bestehen aus hochwertigem, elektropolierten 316er Edelstahl. Dies ist die vielseitigste L\u00f6sung zur Aufbewahrung von Fendern mit patentierten Verbindern, die es erm\u00f6glichen, die K\u00f6rbe an jedem Gel\u00e4nder in beliebiger Kombination zu befestigen. F\u00fcr die Installation ben\u00f6tigen Sie nur einen Schraubenzieher, einen oder mehrere K\u00f6rbe sowie einen oder mehrere drehbare oder parallele Verbinder. Der drehbare Verbinder ist ein Rohrschellen f\u00fcr 22, 25, 30 oder 32 mm.<\/p>\n","protected":false},"excerpt":{"rendered":"<p>Nawa Modulare Fenderhalterungen 230mm &#8211; Die modularen Fenderhalter von NAWA bestehen aus hochwertigem, elektropolierten 316er Edelstahl. Dies ist die vielseitigste<\/p>\n","protected":false},"featured_media":5940131,"comment_status":"open","ping_status":"closed","template":"","meta":[],"product_brand":[3180],"product_cat":[1560],"product_tag":[],"class_list":{"0":"post-736136","1":"product","2":"type-product","3":"status-publish","4":"has-post-thumbnail","6":"product_brand-nawa-de","7":"product_cat-fender-zubehoer","9":"first","10":"instock","11":"shipping-taxable","12":"purchasable","13":"product-type-simple"},"_links":{"self":[{"href":"https:\/\/stoic-curie.212-227-153-4.plesk.page\/de\/wp-json\/wp\/v2\/product\/736136","targetHints":{"allow":["GET"]}}],"collection":[{"href":"https:\/\/stoic-curie.212-227-153-4.plesk.page\/de\/wp-json\/wp\/v2\/product"}],"about":[{"href":"https:\/\/stoic-curie.212-227-153-4.plesk.page\/de\/wp-json\/wp\/v2\/types\/product"}],"replies":[{"embeddable":true,"href":"https:\/\/stoic-curie.212-227-153-4.plesk.page\/de\/wp-json\/wp\/v2\/comments?post=736136"}],"version-history":[{"count":0,"href":"https:\/\/stoic-curie.212-227-153-4.plesk.page\/de\/wp-json\/wp\/v2\/product\/736136\/revisions"}],"wp:featuredmedia":[{"embeddable":true,"href":"https:\/\/stoic-curie.212-227-153-4.plesk.page\/de\/wp-json\/wp\/v2\/media\/5940131"}],"wp:attachment":[{"href":"https:\/\/stoic-curie.212-227-153-4.plesk.page\/de\/wp-json\/wp\/v2\/media?parent=736136"}],"wp:term":[{"taxonomy":"product_brand","embeddable":true,"href":"https:\/\/stoic-curie.212-227-153-4.plesk.page\/de\/wp-json\/wp\/v2\/product_brand?post=736136"},{"taxonomy":"product_cat","embeddable":true,"href":"https:\/\/stoic-curie.212-227-153-4.plesk.page\/de\/wp-json\/wp\/v2\/product_cat?post=736136"},{"taxonomy":"product_tag","embeddable":true,"href":"https:\/\/stoic-curie.212-227-153-4.plesk.page\/de\/wp-json\/wp\/v2\/product_tag?post=736136"}],"curies":[{"name":"wp","href":"https:\/\/api.w.org\/{rel}","templated":true}]}}