{"id":736137,"date":"2025-03-03T16:30:32","date_gmt":"2025-03-03T15:30:32","guid":{"rendered":"https:\/\/stoic-curie.212-227-153-4.plesk.page\/producto\/nawa-modulare-fenderhalterungen-250mm\/"},"modified":"2026-02-24T23:35:06","modified_gmt":"2026-02-24T23:35:06","slug":"nawa-modulare-fenderhalterungen-250mm","status":"publish","type":"product","link":"https:\/\/stoic-curie.212-227-153-4.plesk.page\/de\/product\/nawa-modulare-fenderhalterungen-250mm\/","title":{"rendered":"Nawa Modulare Fenderhalterungen 250mm"},"content":{"rendered":"<p>Nawa Modulare Fenderhalterungen 250mm &#8211; <\/p>\n<p>NAWA modulare Fenderhalter aus hochwertigem elektropoliertem 316 Edelstahl. Die vielseitigste L\u00f6sung zur Fenderaufbewahrung mit patentierten Verbindern, die es erm\u00f6glichen, die K\u00f6rbe an jedem Gel\u00e4nder in beliebiger Kombination zu befestigen. F\u00fcr die Installation ben\u00f6tigen Sie lediglich einen Schraubendreher, einen oder mehrere K\u00f6rbe und einen oder mehrere drehbare oder parallele Verbinder. Der drehbare Verbinder ist eine 22, 25, 30 oder 32 mm gro\u00dfe Rohrklemme. Der parallele Verbinder verbindet mehrere K\u00f6rbe miteinander.<\/p>\n","protected":false},"excerpt":{"rendered":"<p>Nawa Modulare Fenderhalterungen 250mm &#8211; NAWA modulare Fenderhalter aus hochwertigem elektropoliertem 316 Edelstahl. Die vielseitigste L\u00f6sung zur Fenderaufbewahrung mit patentierten<\/p>\n","protected":false},"featured_media":5940131,"comment_status":"open","ping_status":"closed","template":"","meta":[],"product_brand":[3180],"product_cat":[1560],"product_tag":[],"class_list":{"0":"post-736137","1":"product","2":"type-product","3":"status-publish","4":"has-post-thumbnail","6":"product_brand-nawa-de","7":"product_cat-fender-zubehoer","9":"first","10":"instock","11":"shipping-taxable","12":"purchasable","13":"product-type-simple"},"_links":{"self":[{"href":"https:\/\/stoic-curie.212-227-153-4.plesk.page\/de\/wp-json\/wp\/v2\/product\/736137","targetHints":{"allow":["GET"]}}],"collection":[{"href":"https:\/\/stoic-curie.212-227-153-4.plesk.page\/de\/wp-json\/wp\/v2\/product"}],"about":[{"href":"https:\/\/stoic-curie.212-227-153-4.plesk.page\/de\/wp-json\/wp\/v2\/types\/product"}],"replies":[{"embeddable":true,"href":"https:\/\/stoic-curie.212-227-153-4.plesk.page\/de\/wp-json\/wp\/v2\/comments?post=736137"}],"version-history":[{"count":0,"href":"https:\/\/stoic-curie.212-227-153-4.plesk.page\/de\/wp-json\/wp\/v2\/product\/736137\/revisions"}],"wp:featuredmedia":[{"embeddable":true,"href":"https:\/\/stoic-curie.212-227-153-4.plesk.page\/de\/wp-json\/wp\/v2\/media\/5940131"}],"wp:attachment":[{"href":"https:\/\/stoic-curie.212-227-153-4.plesk.page\/de\/wp-json\/wp\/v2\/media?parent=736137"}],"wp:term":[{"taxonomy":"product_brand","embeddable":true,"href":"https:\/\/stoic-curie.212-227-153-4.plesk.page\/de\/wp-json\/wp\/v2\/product_brand?post=736137"},{"taxonomy":"product_cat","embeddable":true,"href":"https:\/\/stoic-curie.212-227-153-4.plesk.page\/de\/wp-json\/wp\/v2\/product_cat?post=736137"},{"taxonomy":"product_tag","embeddable":true,"href":"https:\/\/stoic-curie.212-227-153-4.plesk.page\/de\/wp-json\/wp\/v2\/product_tag?post=736137"}],"curies":[{"name":"wp","href":"https:\/\/api.w.org\/{rel}","templated":true}]}}