{"id":736138,"date":"2025-03-03T16:30:32","date_gmt":"2025-03-03T15:30:32","guid":{"rendered":"https:\/\/stoic-curie.212-227-153-4.plesk.page\/producto\/nawa-modulare-fenderhalterungen-305mm\/"},"modified":"2026-02-24T23:35:06","modified_gmt":"2026-02-24T23:35:06","slug":"nawa-modulare-fenderhalterungen-305mm","status":"publish","type":"product","link":"https:\/\/stoic-curie.212-227-153-4.plesk.page\/de\/product\/nawa-modulare-fenderhalterungen-305mm\/","title":{"rendered":"Nawa Modulare Fenderhalterungen 305mm"},"content":{"rendered":"<p>Nawa Modulare Fenderhalterungen 305mm &#8211; <\/p>\n<p>NAWA modulare Fenderhalter aus hochwertigem, elektropoliertem 316-Edelstahl. Die vielseitigsten Fender-L\u00f6sungen mit patentierten Connectors, die es erm\u00f6glichen, die K\u00f6rbe in jeder Kombination an jedem Gel\u00e4nder zu befestigen. Alles, was Sie f\u00fcr die Installation ben\u00f6tigen, ist ein Schraubendreher, ein oder mehrere K\u00f6rbe und einen oder mehrere drehbare oder parallele Connectors. Der drehbare Connector ist eine 22, 25, 30 oder 32 mm Rohrschelle.<\/p>\n","protected":false},"excerpt":{"rendered":"<p>Nawa Modulare Fenderhalterungen 305mm &#8211; NAWA modulare Fenderhalter aus hochwertigem, elektropoliertem 316-Edelstahl. Die vielseitigsten Fender-L\u00f6sungen mit patentierten Connectors, die es<\/p>\n","protected":false},"featured_media":5940131,"comment_status":"open","ping_status":"closed","template":"","meta":[],"product_brand":[3180],"product_cat":[1560],"product_tag":[],"class_list":{"0":"post-736138","1":"product","2":"type-product","3":"status-publish","4":"has-post-thumbnail","6":"product_brand-nawa-de","7":"product_cat-fender-zubehoer","9":"first","10":"instock","11":"shipping-taxable","12":"purchasable","13":"product-type-simple"},"_links":{"self":[{"href":"https:\/\/stoic-curie.212-227-153-4.plesk.page\/de\/wp-json\/wp\/v2\/product\/736138","targetHints":{"allow":["GET"]}}],"collection":[{"href":"https:\/\/stoic-curie.212-227-153-4.plesk.page\/de\/wp-json\/wp\/v2\/product"}],"about":[{"href":"https:\/\/stoic-curie.212-227-153-4.plesk.page\/de\/wp-json\/wp\/v2\/types\/product"}],"replies":[{"embeddable":true,"href":"https:\/\/stoic-curie.212-227-153-4.plesk.page\/de\/wp-json\/wp\/v2\/comments?post=736138"}],"version-history":[{"count":0,"href":"https:\/\/stoic-curie.212-227-153-4.plesk.page\/de\/wp-json\/wp\/v2\/product\/736138\/revisions"}],"wp:featuredmedia":[{"embeddable":true,"href":"https:\/\/stoic-curie.212-227-153-4.plesk.page\/de\/wp-json\/wp\/v2\/media\/5940131"}],"wp:attachment":[{"href":"https:\/\/stoic-curie.212-227-153-4.plesk.page\/de\/wp-json\/wp\/v2\/media?parent=736138"}],"wp:term":[{"taxonomy":"product_brand","embeddable":true,"href":"https:\/\/stoic-curie.212-227-153-4.plesk.page\/de\/wp-json\/wp\/v2\/product_brand?post=736138"},{"taxonomy":"product_cat","embeddable":true,"href":"https:\/\/stoic-curie.212-227-153-4.plesk.page\/de\/wp-json\/wp\/v2\/product_cat?post=736138"},{"taxonomy":"product_tag","embeddable":true,"href":"https:\/\/stoic-curie.212-227-153-4.plesk.page\/de\/wp-json\/wp\/v2\/product_tag?post=736138"}],"curies":[{"name":"wp","href":"https:\/\/api.w.org\/{rel}","templated":true}]}}