{"id":736149,"date":"2025-03-03T16:30:34","date_gmt":"2025-03-03T15:30:34","guid":{"rendered":"https:\/\/stoic-curie.212-227-153-4.plesk.page\/producto\/gummidichtung-d-95x95mm\/"},"modified":"2026-02-24T23:35:06","modified_gmt":"2026-02-24T23:35:06","slug":"gummidichtung-d-95x95mm","status":"publish","type":"product","link":"https:\/\/stoic-curie.212-227-153-4.plesk.page\/de\/product\/gummidichtung-d-95x95mm\/","title":{"rendered":"Gummidichtung D 9,5&#215;9,5mm"},"content":{"rendered":"<p>Gummidichtung D 9,5&#215;9,5mm &#8211; <\/p>\n<p>Wasserdichte Trim-Lok-Dichtung f\u00fcr T\u00fcren, Klappen und Verschl\u00fcsse. Komplett mit HT-Acrylkleber oder starkem 3M-Kleber, der speziell f\u00fcr den Au\u00dfenbereich geeignet ist. Sie l\u00e4sst sich dank der erweiterten EPDM-Gummistruktur, die sich perfekt an die Form der Kante anpasst, leicht montieren. 15 Meter Packung.<\/p>\n","protected":false},"excerpt":{"rendered":"<p>Gummidichtung D 9,5&#215;9,5mm &#8211; Wasserdichte Trim-Lok-Dichtung f\u00fcr T\u00fcren, Klappen und Verschl\u00fcsse. Komplett mit HT-Acrylkleber oder starkem 3M-Kleber, der speziell f\u00fcr<\/p>\n","protected":false},"featured_media":5944405,"comment_status":"open","ping_status":"closed","template":"","meta":[],"product_brand":[3480],"product_cat":[1415],"product_tag":[],"class_list":{"0":"post-736149","1":"product","2":"type-product","3":"status-publish","4":"has-post-thumbnail","6":"product_brand-tessilmare-de","7":"product_cat-bootsluken","9":"first","10":"instock","11":"shipping-taxable","12":"purchasable","13":"product-type-simple"},"_links":{"self":[{"href":"https:\/\/stoic-curie.212-227-153-4.plesk.page\/de\/wp-json\/wp\/v2\/product\/736149","targetHints":{"allow":["GET"]}}],"collection":[{"href":"https:\/\/stoic-curie.212-227-153-4.plesk.page\/de\/wp-json\/wp\/v2\/product"}],"about":[{"href":"https:\/\/stoic-curie.212-227-153-4.plesk.page\/de\/wp-json\/wp\/v2\/types\/product"}],"replies":[{"embeddable":true,"href":"https:\/\/stoic-curie.212-227-153-4.plesk.page\/de\/wp-json\/wp\/v2\/comments?post=736149"}],"version-history":[{"count":0,"href":"https:\/\/stoic-curie.212-227-153-4.plesk.page\/de\/wp-json\/wp\/v2\/product\/736149\/revisions"}],"wp:featuredmedia":[{"embeddable":true,"href":"https:\/\/stoic-curie.212-227-153-4.plesk.page\/de\/wp-json\/wp\/v2\/media\/5944405"}],"wp:attachment":[{"href":"https:\/\/stoic-curie.212-227-153-4.plesk.page\/de\/wp-json\/wp\/v2\/media?parent=736149"}],"wp:term":[{"taxonomy":"product_brand","embeddable":true,"href":"https:\/\/stoic-curie.212-227-153-4.plesk.page\/de\/wp-json\/wp\/v2\/product_brand?post=736149"},{"taxonomy":"product_cat","embeddable":true,"href":"https:\/\/stoic-curie.212-227-153-4.plesk.page\/de\/wp-json\/wp\/v2\/product_cat?post=736149"},{"taxonomy":"product_tag","embeddable":true,"href":"https:\/\/stoic-curie.212-227-153-4.plesk.page\/de\/wp-json\/wp\/v2\/product_tag?post=736149"}],"curies":[{"name":"wp","href":"https:\/\/api.w.org\/{rel}","templated":true}]}}