{"id":736154,"date":"2025-03-03T16:30:35","date_gmt":"2025-03-03T15:30:35","guid":{"rendered":"https:\/\/stoic-curie.212-227-153-4.plesk.page\/producto\/gummiband-schwarz-zur-abdichtung-16x9mm-15-m\/"},"modified":"2026-02-24T23:35:06","modified_gmt":"2026-02-24T23:35:06","slug":"gummiband-schwarz-zur-abdichtung-16x9mm-15-m","status":"publish","type":"product","link":"https:\/\/stoic-curie.212-227-153-4.plesk.page\/de\/product\/gummiband-schwarz-zur-abdichtung-16x9mm-15-m\/","title":{"rendered":"Gummiband Schwarz zur Abdichtung 16x9mm, 15 m"},"content":{"rendered":"<p>Gummiband Schwarz zur Abdichtung 16x9mm, 15 m &#8211; <\/p>\n<p>Wasserdichter Trim-Lok-Dichtungsring f\u00fcr T\u00fcren, Klappen und Riegel. Komplett mit HT-Acrylkleber oder starkem 3M-Kleber, der speziell f\u00fcr den Au\u00dfeneinsatz ausgelegt ist. Dank der erweiterten EPDM-Gummistruktur ist er einfach zu montieren und passt sich perfekt der Form der Kante an. Packung mit 15 Metern.<\/p>\n","protected":false},"excerpt":{"rendered":"<p>Gummiband Schwarz zur Abdichtung 16x9mm, 15 m &#8211; Wasserdichter Trim-Lok-Dichtungsring f\u00fcr T\u00fcren, Klappen und Riegel. Komplett mit HT-Acrylkleber oder starkem<\/p>\n","protected":false},"featured_media":5944407,"comment_status":"open","ping_status":"closed","template":"","meta":[],"product_brand":[3480],"product_cat":[1415],"product_tag":[],"class_list":{"0":"post-736154","1":"product","2":"type-product","3":"status-publish","4":"has-post-thumbnail","6":"product_brand-tessilmare-de","7":"product_cat-bootsluken","9":"first","10":"instock","11":"shipping-taxable","12":"purchasable","13":"product-type-simple"},"_links":{"self":[{"href":"https:\/\/stoic-curie.212-227-153-4.plesk.page\/de\/wp-json\/wp\/v2\/product\/736154","targetHints":{"allow":["GET"]}}],"collection":[{"href":"https:\/\/stoic-curie.212-227-153-4.plesk.page\/de\/wp-json\/wp\/v2\/product"}],"about":[{"href":"https:\/\/stoic-curie.212-227-153-4.plesk.page\/de\/wp-json\/wp\/v2\/types\/product"}],"replies":[{"embeddable":true,"href":"https:\/\/stoic-curie.212-227-153-4.plesk.page\/de\/wp-json\/wp\/v2\/comments?post=736154"}],"version-history":[{"count":0,"href":"https:\/\/stoic-curie.212-227-153-4.plesk.page\/de\/wp-json\/wp\/v2\/product\/736154\/revisions"}],"wp:featuredmedia":[{"embeddable":true,"href":"https:\/\/stoic-curie.212-227-153-4.plesk.page\/de\/wp-json\/wp\/v2\/media\/5944407"}],"wp:attachment":[{"href":"https:\/\/stoic-curie.212-227-153-4.plesk.page\/de\/wp-json\/wp\/v2\/media?parent=736154"}],"wp:term":[{"taxonomy":"product_brand","embeddable":true,"href":"https:\/\/stoic-curie.212-227-153-4.plesk.page\/de\/wp-json\/wp\/v2\/product_brand?post=736154"},{"taxonomy":"product_cat","embeddable":true,"href":"https:\/\/stoic-curie.212-227-153-4.plesk.page\/de\/wp-json\/wp\/v2\/product_cat?post=736154"},{"taxonomy":"product_tag","embeddable":true,"href":"https:\/\/stoic-curie.212-227-153-4.plesk.page\/de\/wp-json\/wp\/v2\/product_tag?post=736154"}],"curies":[{"name":"wp","href":"https:\/\/api.w.org\/{rel}","templated":true}]}}