{"id":736157,"date":"2025-03-03T16:30:36","date_gmt":"2025-03-03T15:30:36","guid":{"rendered":"https:\/\/stoic-curie.212-227-153-4.plesk.page\/producto\/gummiband-weiss-zur-abdichtung-19x12-5mm-15-m\/"},"modified":"2026-02-24T23:35:06","modified_gmt":"2026-02-24T23:35:06","slug":"gummiband-weiss-zur-abdichtung-19x12-5mm-15-m","status":"publish","type":"product","link":"https:\/\/stoic-curie.212-227-153-4.plesk.page\/de\/product\/gummiband-weiss-zur-abdichtung-19x12-5mm-15-m\/","title":{"rendered":"Gummiband Wei\u00df zur Abdichtung 19&#215;12.5mm, 15 m"},"content":{"rendered":"<p>Gummiband Wei\u00df zur Abdichtung 19&#215;12.5mm, 15 m &#8211; <\/p>\n<p>Wasserdichter Trim-Lok-Dichtungsband f\u00fcr T\u00fcren, Luken und Riegel. Komplett mit HT-Acryld\u00fcbel oder starkem 3M-Kleber, der speziell f\u00fcr den Au\u00dfenbereich entwickelt wurde. Es l\u00e4sst sich leicht montieren, dank der erweiterten EPDM-Gummistruktur, die sich perfekt an die Form der Kante anpasst. 15 Meter Packung.<\/p>\n","protected":false},"excerpt":{"rendered":"<p>Gummiband Wei\u00df zur Abdichtung 19&#215;12.5mm, 15 m &#8211; Wasserdichter Trim-Lok-Dichtungsband f\u00fcr T\u00fcren, Luken und Riegel. Komplett mit HT-Acryld\u00fcbel oder starkem<\/p>\n","protected":false},"featured_media":5944410,"comment_status":"open","ping_status":"closed","template":"","meta":[],"product_brand":[3480],"product_cat":[1415],"product_tag":[],"class_list":{"0":"post-736157","1":"product","2":"type-product","3":"status-publish","4":"has-post-thumbnail","6":"product_brand-tessilmare-de","7":"product_cat-bootsluken","9":"first","10":"instock","11":"shipping-taxable","12":"purchasable","13":"product-type-simple"},"_links":{"self":[{"href":"https:\/\/stoic-curie.212-227-153-4.plesk.page\/de\/wp-json\/wp\/v2\/product\/736157","targetHints":{"allow":["GET"]}}],"collection":[{"href":"https:\/\/stoic-curie.212-227-153-4.plesk.page\/de\/wp-json\/wp\/v2\/product"}],"about":[{"href":"https:\/\/stoic-curie.212-227-153-4.plesk.page\/de\/wp-json\/wp\/v2\/types\/product"}],"replies":[{"embeddable":true,"href":"https:\/\/stoic-curie.212-227-153-4.plesk.page\/de\/wp-json\/wp\/v2\/comments?post=736157"}],"version-history":[{"count":0,"href":"https:\/\/stoic-curie.212-227-153-4.plesk.page\/de\/wp-json\/wp\/v2\/product\/736157\/revisions"}],"wp:featuredmedia":[{"embeddable":true,"href":"https:\/\/stoic-curie.212-227-153-4.plesk.page\/de\/wp-json\/wp\/v2\/media\/5944410"}],"wp:attachment":[{"href":"https:\/\/stoic-curie.212-227-153-4.plesk.page\/de\/wp-json\/wp\/v2\/media?parent=736157"}],"wp:term":[{"taxonomy":"product_brand","embeddable":true,"href":"https:\/\/stoic-curie.212-227-153-4.plesk.page\/de\/wp-json\/wp\/v2\/product_brand?post=736157"},{"taxonomy":"product_cat","embeddable":true,"href":"https:\/\/stoic-curie.212-227-153-4.plesk.page\/de\/wp-json\/wp\/v2\/product_cat?post=736157"},{"taxonomy":"product_tag","embeddable":true,"href":"https:\/\/stoic-curie.212-227-153-4.plesk.page\/de\/wp-json\/wp\/v2\/product_tag?post=736157"}],"curies":[{"name":"wp","href":"https:\/\/api.w.org\/{rel}","templated":true}]}}