{"id":736158,"date":"2025-03-03T16:30:36","date_gmt":"2025-03-03T15:30:36","guid":{"rendered":"https:\/\/stoic-curie.212-227-153-4.plesk.page\/producto\/gummidichtung-11x11mm-25-m\/"},"modified":"2026-02-24T23:35:06","modified_gmt":"2026-02-24T23:35:06","slug":"gummidichtung-11x11mm-25-m","status":"publish","type":"product","link":"https:\/\/stoic-curie.212-227-153-4.plesk.page\/de\/product\/gummidichtung-11x11mm-25-m\/","title":{"rendered":"Gummidichtung 11x11mm &#8211; 25 m"},"content":{"rendered":"<p>Gummidichtung 11x11mm &#8211; 25 m &#8211; <\/p>\n<p>Sehr hochwertige, expandierte EPDM-Gummi-Dichtungen von Jim Black. Ozon- und wetterbest\u00e4ndig, ideal f\u00fcr Innen- und Au\u00dfenanwendungen. Perfekt zum Abdichten von Klappen, Fenstern und T\u00fcren. Verpackungseinheit: 25 Meter.<\/p>\n","protected":false},"excerpt":{"rendered":"<p>Gummidichtung 11x11mm &#8211; 25 m &#8211; Sehr hochwertige, expandierte EPDM-Gummi-Dichtungen von Jim Black. Ozon- und wetterbest\u00e4ndig, ideal f\u00fcr Innen- und<\/p>\n","protected":false},"featured_media":5944412,"comment_status":"open","ping_status":"closed","template":"","meta":[],"product_brand":[3480],"product_cat":[1415],"product_tag":[],"class_list":{"0":"post-736158","1":"product","2":"type-product","3":"status-publish","4":"has-post-thumbnail","6":"product_brand-tessilmare-de","7":"product_cat-bootsluken","9":"first","10":"instock","11":"shipping-taxable","12":"purchasable","13":"product-type-simple"},"_links":{"self":[{"href":"https:\/\/stoic-curie.212-227-153-4.plesk.page\/de\/wp-json\/wp\/v2\/product\/736158","targetHints":{"allow":["GET"]}}],"collection":[{"href":"https:\/\/stoic-curie.212-227-153-4.plesk.page\/de\/wp-json\/wp\/v2\/product"}],"about":[{"href":"https:\/\/stoic-curie.212-227-153-4.plesk.page\/de\/wp-json\/wp\/v2\/types\/product"}],"replies":[{"embeddable":true,"href":"https:\/\/stoic-curie.212-227-153-4.plesk.page\/de\/wp-json\/wp\/v2\/comments?post=736158"}],"version-history":[{"count":0,"href":"https:\/\/stoic-curie.212-227-153-4.plesk.page\/de\/wp-json\/wp\/v2\/product\/736158\/revisions"}],"wp:featuredmedia":[{"embeddable":true,"href":"https:\/\/stoic-curie.212-227-153-4.plesk.page\/de\/wp-json\/wp\/v2\/media\/5944412"}],"wp:attachment":[{"href":"https:\/\/stoic-curie.212-227-153-4.plesk.page\/de\/wp-json\/wp\/v2\/media?parent=736158"}],"wp:term":[{"taxonomy":"product_brand","embeddable":true,"href":"https:\/\/stoic-curie.212-227-153-4.plesk.page\/de\/wp-json\/wp\/v2\/product_brand?post=736158"},{"taxonomy":"product_cat","embeddable":true,"href":"https:\/\/stoic-curie.212-227-153-4.plesk.page\/de\/wp-json\/wp\/v2\/product_cat?post=736158"},{"taxonomy":"product_tag","embeddable":true,"href":"https:\/\/stoic-curie.212-227-153-4.plesk.page\/de\/wp-json\/wp\/v2\/product_tag?post=736158"}],"curies":[{"name":"wp","href":"https:\/\/api.w.org\/{rel}","templated":true}]}}