{"id":736164,"date":"2025-03-03T16:30:37","date_gmt":"2025-03-03T15:30:37","guid":{"rendered":"https:\/\/stoic-curie.212-227-153-4.plesk.page\/producto\/elektrisches-kabel-24m-fuer-tcd-quick-control-panels\/"},"modified":"2026-02-24T23:35:06","modified_gmt":"2026-02-24T23:35:06","slug":"elektrisches-kabel-24m-fuer-tcd-quick-control-panels","status":"publish","type":"product","link":"https:\/\/stoic-curie.212-227-153-4.plesk.page\/de\/product\/elektrisches-kabel-24m-fuer-tcd-quick-control-panels\/","title":{"rendered":"Elektrisches Kabel 24m f\u00fcr TCD Quick Control Panels"},"content":{"rendered":"<p>Elektrisches Kabel 24m f\u00fcr TCD Quick Control Panels &#8211; <\/p>\n<p>TCD Schnellsteuerpanels mit Drucktasten oder Joysticks zur Bedienung der Bugstrahlruder. Einfache und intuitive Benutzeroberfl\u00e4che. Universelle 8-30 Vdc Stromversorgung. M\u00f6glichkeit zum parallelen Anschluss mehrerer TCD-Steuerungen. Einfach zu installieren dank des 2-Draht-Anschlusses (optionale Erweiterungen). Automatisches Priorit\u00e4tssystem und Deaktivierung. Schutz gegen Verpolung, Kurzschl\u00fcsse, langanhaltende Motoraktivit\u00e4t und Unterbrechung der Verdrahtung der Thrustersteuerungen.<\/p>\n","protected":false},"excerpt":{"rendered":"<p>Elektrisches Kabel 24m f\u00fcr TCD Quick Control Panels &#8211; TCD Schnellsteuerpanels mit Drucktasten oder Joysticks zur Bedienung der Bugstrahlruder. Einfache<\/p>\n","protected":false},"featured_media":5944430,"comment_status":"open","ping_status":"closed","template":"","meta":[],"product_brand":[3280],"product_cat":[1323],"product_tag":[],"class_list":{"0":"post-736164","1":"product","2":"type-product","3":"status-publish","4":"has-post-thumbnail","6":"product_brand-quick-de","7":"product_cat-bugstrahlruder-quick","9":"first","10":"instock","11":"shipping-taxable","12":"purchasable","13":"product-type-simple"},"_links":{"self":[{"href":"https:\/\/stoic-curie.212-227-153-4.plesk.page\/de\/wp-json\/wp\/v2\/product\/736164","targetHints":{"allow":["GET"]}}],"collection":[{"href":"https:\/\/stoic-curie.212-227-153-4.plesk.page\/de\/wp-json\/wp\/v2\/product"}],"about":[{"href":"https:\/\/stoic-curie.212-227-153-4.plesk.page\/de\/wp-json\/wp\/v2\/types\/product"}],"replies":[{"embeddable":true,"href":"https:\/\/stoic-curie.212-227-153-4.plesk.page\/de\/wp-json\/wp\/v2\/comments?post=736164"}],"version-history":[{"count":0,"href":"https:\/\/stoic-curie.212-227-153-4.plesk.page\/de\/wp-json\/wp\/v2\/product\/736164\/revisions"}],"wp:featuredmedia":[{"embeddable":true,"href":"https:\/\/stoic-curie.212-227-153-4.plesk.page\/de\/wp-json\/wp\/v2\/media\/5944430"}],"wp:attachment":[{"href":"https:\/\/stoic-curie.212-227-153-4.plesk.page\/de\/wp-json\/wp\/v2\/media?parent=736164"}],"wp:term":[{"taxonomy":"product_brand","embeddable":true,"href":"https:\/\/stoic-curie.212-227-153-4.plesk.page\/de\/wp-json\/wp\/v2\/product_brand?post=736164"},{"taxonomy":"product_cat","embeddable":true,"href":"https:\/\/stoic-curie.212-227-153-4.plesk.page\/de\/wp-json\/wp\/v2\/product_cat?post=736164"},{"taxonomy":"product_tag","embeddable":true,"href":"https:\/\/stoic-curie.212-227-153-4.plesk.page\/de\/wp-json\/wp\/v2\/product_tag?post=736164"}],"curies":[{"name":"wp","href":"https:\/\/api.w.org\/{rel}","templated":true}]}}