{"id":736176,"date":"2025-03-03T16:30:40","date_gmt":"2025-03-03T15:30:40","guid":{"rendered":"https:\/\/stoic-curie.212-227-153-4.plesk.page\/producto\/messinglager-fuer-65-mm-welle-aussendurchmesser-3-zoll-3-8-zoll\/"},"modified":"2026-02-24T23:35:06","modified_gmt":"2026-02-24T23:35:06","slug":"messinglager-fuer-65-mm-welle-aussendurchmesser-3-zoll-3-8-zoll","status":"publish","type":"product","link":"https:\/\/stoic-curie.212-227-153-4.plesk.page\/de\/product\/messinglager-fuer-65-mm-welle-aussendurchmesser-3-zoll-3-8-zoll\/","title":{"rendered":"Messinglager f\u00fcr 65 mm Welle (Au\u00dfendurchmesser 3 Zoll 3\/8 Zoll)"},"content":{"rendered":"<p>Messinglager f\u00fcr 65 mm Welle (Au\u00dfendurchmesser 3 Zoll 3\/8 Zoll) &#8211; <\/p>\n<p>Wasserge\u00f6lte Wellenlager mit metrischem Innendurchmesser &#8211; Zoll Au\u00dfendurchmesser. Messingschale, Gummiteil mit axialen Kan\u00e4len.<\/p>\n","protected":false},"excerpt":{"rendered":"<p>Messinglager f\u00fcr 65 mm Welle (Au\u00dfendurchmesser 3 Zoll 3\/8 Zoll) &#8211; Wasserge\u00f6lte Wellenlager mit metrischem Innendurchmesser &#8211; Zoll Au\u00dfendurchmesser. Messingschale,<\/p>\n","protected":false},"featured_media":5940503,"comment_status":"open","ping_status":"closed","template":"","meta":[],"product_brand":[2915],"product_cat":[1525],"product_tag":[],"class_list":{"0":"post-736176","1":"product","2":"type-product","3":"status-publish","4":"has-post-thumbnail","6":"product_brand-eliche-radice-de","7":"product_cat-propellerwellenlager","9":"first","10":"instock","11":"shipping-taxable","12":"purchasable","13":"product-type-simple"},"_links":{"self":[{"href":"https:\/\/stoic-curie.212-227-153-4.plesk.page\/de\/wp-json\/wp\/v2\/product\/736176","targetHints":{"allow":["GET"]}}],"collection":[{"href":"https:\/\/stoic-curie.212-227-153-4.plesk.page\/de\/wp-json\/wp\/v2\/product"}],"about":[{"href":"https:\/\/stoic-curie.212-227-153-4.plesk.page\/de\/wp-json\/wp\/v2\/types\/product"}],"replies":[{"embeddable":true,"href":"https:\/\/stoic-curie.212-227-153-4.plesk.page\/de\/wp-json\/wp\/v2\/comments?post=736176"}],"version-history":[{"count":0,"href":"https:\/\/stoic-curie.212-227-153-4.plesk.page\/de\/wp-json\/wp\/v2\/product\/736176\/revisions"}],"wp:featuredmedia":[{"embeddable":true,"href":"https:\/\/stoic-curie.212-227-153-4.plesk.page\/de\/wp-json\/wp\/v2\/media\/5940503"}],"wp:attachment":[{"href":"https:\/\/stoic-curie.212-227-153-4.plesk.page\/de\/wp-json\/wp\/v2\/media?parent=736176"}],"wp:term":[{"taxonomy":"product_brand","embeddable":true,"href":"https:\/\/stoic-curie.212-227-153-4.plesk.page\/de\/wp-json\/wp\/v2\/product_brand?post=736176"},{"taxonomy":"product_cat","embeddable":true,"href":"https:\/\/stoic-curie.212-227-153-4.plesk.page\/de\/wp-json\/wp\/v2\/product_cat?post=736176"},{"taxonomy":"product_tag","embeddable":true,"href":"https:\/\/stoic-curie.212-227-153-4.plesk.page\/de\/wp-json\/wp\/v2\/product_tag?post=736176"}],"curies":[{"name":"wp","href":"https:\/\/api.w.org\/{rel}","templated":true}]}}