{"id":736183,"date":"2025-03-03T16:30:41","date_gmt":"2025-03-03T15:30:41","guid":{"rendered":"https:\/\/stoic-curie.212-227-153-4.plesk.page\/producto\/messinglager-fuer-100-mm-welle-aussendurchmesser-5-zoll-1-4-zoll\/"},"modified":"2026-02-24T23:35:06","modified_gmt":"2026-02-24T23:35:06","slug":"messinglager-fuer-100-mm-welle-aussendurchmesser-5-zoll-1-4-zoll","status":"publish","type":"product","link":"https:\/\/stoic-curie.212-227-153-4.plesk.page\/de\/product\/messinglager-fuer-100-mm-welle-aussendurchmesser-5-zoll-1-4-zoll\/","title":{"rendered":"Messingwellenlager 100 x 133,35 x 406,4 mm"},"content":{"rendered":"<p>Messingwellenlager 100 x 133,35 x 406,4 mm &#8211; <\/p>\n<p style=\"color: rgb(34, 34, 34); font-family: Arial, Helvetica, sans-serif; font-size: small;\">Wasserge Schmier-Lager sind durch einen metrischen Innendurchmesser und einen in Zoll gemessenen Au\u00dfendurchmesser gekennzeichnet. Diese Lager sind mit einem Messing-Au\u00dfengeh\u00e4use und einem Gummiinnenbereich mit axialen Kan\u00e4len konstruiert. Sie sind f\u00fcr Langlebigkeit ausgelegt und verwenden Marine-Messing zusammen mit einer langlebigen synthetischen Nitrilkautschukbeschichtung.<\/p>\n<p style=\"color: rgb(34, 34, 34); font-family: Arial, Helvetica, sans-serif; font-size: small;\">Um eine optimale Leistung zu gew\u00e4hrleisten, sollte ein neues Cutless-Lager mit Messinggeh\u00e4use einen Abstand von 0,006 Zoll f\u00fcr jeden Zoll Durchmesser der Welle haben.<\/p>\n<p style=\"color: rgb(34, 34, 34); font-family: Arial, Helvetica, sans-serif; font-size: small;\">Spezifikationen:<\/p>\n<ul style=\"color: rgb(34, 34, 34); font-family: Arial, Helvetica, sans-serif; font-size: small;\">\n<li>Wellen Durchmesser: 100 mm<\/li>\n<li>Au\u00dfendurchmesser: 133,35 mm<\/li>\n<li>L\u00e4nge: 406,4 mm<\/li>\n<\/ul>\n","protected":false},"excerpt":{"rendered":"<p>Messingwellenlager 100 x 133,35 x 406,4 mm &#8211; Wasserge Schmier-Lager sind durch einen metrischen Innendurchmesser und einen in Zoll gemessenen<\/p>\n","protected":false},"featured_media":5940503,"comment_status":"open","ping_status":"closed","template":"","meta":[],"product_brand":[2915],"product_cat":[1525],"product_tag":[],"class_list":{"0":"post-736183","1":"product","2":"type-product","3":"status-publish","4":"has-post-thumbnail","6":"product_brand-eliche-radice-de","7":"product_cat-propellerwellenlager","9":"first","10":"instock","11":"shipping-taxable","12":"purchasable","13":"product-type-simple"},"_links":{"self":[{"href":"https:\/\/stoic-curie.212-227-153-4.plesk.page\/de\/wp-json\/wp\/v2\/product\/736183","targetHints":{"allow":["GET"]}}],"collection":[{"href":"https:\/\/stoic-curie.212-227-153-4.plesk.page\/de\/wp-json\/wp\/v2\/product"}],"about":[{"href":"https:\/\/stoic-curie.212-227-153-4.plesk.page\/de\/wp-json\/wp\/v2\/types\/product"}],"replies":[{"embeddable":true,"href":"https:\/\/stoic-curie.212-227-153-4.plesk.page\/de\/wp-json\/wp\/v2\/comments?post=736183"}],"version-history":[{"count":0,"href":"https:\/\/stoic-curie.212-227-153-4.plesk.page\/de\/wp-json\/wp\/v2\/product\/736183\/revisions"}],"wp:featuredmedia":[{"embeddable":true,"href":"https:\/\/stoic-curie.212-227-153-4.plesk.page\/de\/wp-json\/wp\/v2\/media\/5940503"}],"wp:attachment":[{"href":"https:\/\/stoic-curie.212-227-153-4.plesk.page\/de\/wp-json\/wp\/v2\/media?parent=736183"}],"wp:term":[{"taxonomy":"product_brand","embeddable":true,"href":"https:\/\/stoic-curie.212-227-153-4.plesk.page\/de\/wp-json\/wp\/v2\/product_brand?post=736183"},{"taxonomy":"product_cat","embeddable":true,"href":"https:\/\/stoic-curie.212-227-153-4.plesk.page\/de\/wp-json\/wp\/v2\/product_cat?post=736183"},{"taxonomy":"product_tag","embeddable":true,"href":"https:\/\/stoic-curie.212-227-153-4.plesk.page\/de\/wp-json\/wp\/v2\/product_tag?post=736183"}],"curies":[{"name":"wp","href":"https:\/\/api.w.org\/{rel}","templated":true}]}}