{"id":736227,"date":"2025-03-03T16:30:50","date_gmt":"2025-03-03T15:30:50","guid":{"rendered":"https:\/\/stoic-curie.212-227-153-4.plesk.page\/producto\/messing-wellenlager-1-1-8-2857-x-1-5-8-4127-x-l4-1-2-11430\/"},"modified":"2026-02-24T23:35:06","modified_gmt":"2026-02-24T23:35:06","slug":"messing-wellenlager-1-1-8-2857-x-1-5-8-4127-x-l4-1-2-11430","status":"publish","type":"product","link":"https:\/\/stoic-curie.212-227-153-4.plesk.page\/de\/product\/messing-wellenlager-1-1-8-2857-x-1-5-8-4127-x-l4-1-2-11430\/","title":{"rendered":"Messing-Wellenlager 1&#8243; 1\/8 (28,57) x 1&#8243; 5\/8 (41,27) x L4&#8243; 1\/2 (114,30)"},"content":{"rendered":"<p>Messing-Wellenlager 1&#8243; 1\/8 (28,57) x 1&#8243; 5\/8 (41,27) x L4&#8243; 1\/2 (114,30) &#8211; <\/p>\n<p>Wassergeschmierte Wellenlager mit innerem und \u00e4u\u00dferem Ma\u00df in Zoll. Messinggeh\u00e4use, gummierte Innenkomponente mit axialen Kan\u00e4len.<\/p>\n","protected":false},"excerpt":{"rendered":"<p>Messing-Wellenlager 1&#8243; 1\/8 (28,57) x 1&#8243; 5\/8 (41,27) x L4&#8243; 1\/2 (114,30) &#8211; Wassergeschmierte Wellenlager mit innerem und \u00e4u\u00dferem Ma\u00df<\/p>\n","protected":false},"featured_media":5940503,"comment_status":"open","ping_status":"closed","template":"","meta":[],"product_brand":[2915],"product_cat":[1525],"product_tag":[],"class_list":{"0":"post-736227","1":"product","2":"type-product","3":"status-publish","4":"has-post-thumbnail","6":"product_brand-eliche-radice-de","7":"product_cat-propellerwellenlager","9":"first","10":"instock","11":"shipping-taxable","12":"purchasable","13":"product-type-simple"},"_links":{"self":[{"href":"https:\/\/stoic-curie.212-227-153-4.plesk.page\/de\/wp-json\/wp\/v2\/product\/736227","targetHints":{"allow":["GET"]}}],"collection":[{"href":"https:\/\/stoic-curie.212-227-153-4.plesk.page\/de\/wp-json\/wp\/v2\/product"}],"about":[{"href":"https:\/\/stoic-curie.212-227-153-4.plesk.page\/de\/wp-json\/wp\/v2\/types\/product"}],"replies":[{"embeddable":true,"href":"https:\/\/stoic-curie.212-227-153-4.plesk.page\/de\/wp-json\/wp\/v2\/comments?post=736227"}],"version-history":[{"count":0,"href":"https:\/\/stoic-curie.212-227-153-4.plesk.page\/de\/wp-json\/wp\/v2\/product\/736227\/revisions"}],"wp:featuredmedia":[{"embeddable":true,"href":"https:\/\/stoic-curie.212-227-153-4.plesk.page\/de\/wp-json\/wp\/v2\/media\/5940503"}],"wp:attachment":[{"href":"https:\/\/stoic-curie.212-227-153-4.plesk.page\/de\/wp-json\/wp\/v2\/media?parent=736227"}],"wp:term":[{"taxonomy":"product_brand","embeddable":true,"href":"https:\/\/stoic-curie.212-227-153-4.plesk.page\/de\/wp-json\/wp\/v2\/product_brand?post=736227"},{"taxonomy":"product_cat","embeddable":true,"href":"https:\/\/stoic-curie.212-227-153-4.plesk.page\/de\/wp-json\/wp\/v2\/product_cat?post=736227"},{"taxonomy":"product_tag","embeddable":true,"href":"https:\/\/stoic-curie.212-227-153-4.plesk.page\/de\/wp-json\/wp\/v2\/product_tag?post=736227"}],"curies":[{"name":"wp","href":"https:\/\/api.w.org\/{rel}","templated":true}]}}