{"id":736237,"date":"2025-03-03T16:30:52","date_gmt":"2025-03-03T15:30:52","guid":{"rendered":"https:\/\/stoic-curie.212-227-153-4.plesk.page\/producto\/messing-wellenlager-2-1-2-6350-x-3-1-4-8255-x-l10-25400\/"},"modified":"2026-02-24T23:35:06","modified_gmt":"2026-02-24T23:35:06","slug":"messing-wellenlager-2-1-2-6350-x-3-1-4-8255-x-l10-25400","status":"publish","type":"product","link":"https:\/\/stoic-curie.212-227-153-4.plesk.page\/de\/product\/messing-wellenlager-2-1-2-6350-x-3-1-4-8255-x-l10-25400\/","title":{"rendered":"Messing-Wellenlager 2&#8243; 1\/2 (63,50) x 3&#8243; 1\/4 (82,55) x L10&#8243; (254,00)"},"content":{"rendered":"<p>Messing-Wellenlager 2&#8243; 1\/2 (63,50) x 3&#8243; 1\/4 (82,55) x L10&#8243; (254,00) &#8211; <\/p>\n<p>Wasserge\u00f6lte Wellenlager mit inneren und \u00e4u\u00dferen Durchmessern in Zoll. Messingschale, Gummiteil mit axialen Kan\u00e4len.<\/p>\n","protected":false},"excerpt":{"rendered":"<p>Messing-Wellenlager 2&#8243; 1\/2 (63,50) x 3&#8243; 1\/4 (82,55) x L10&#8243; (254,00) &#8211; Wasserge\u00f6lte Wellenlager mit inneren und \u00e4u\u00dferen Durchmessern in<\/p>\n","protected":false},"featured_media":5940503,"comment_status":"open","ping_status":"closed","template":"","meta":[],"product_brand":[2915],"product_cat":[1525],"product_tag":[],"class_list":{"0":"post-736237","1":"product","2":"type-product","3":"status-publish","4":"has-post-thumbnail","6":"product_brand-eliche-radice-de","7":"product_cat-propellerwellenlager","9":"first","10":"instock","11":"shipping-taxable","12":"purchasable","13":"product-type-simple"},"_links":{"self":[{"href":"https:\/\/stoic-curie.212-227-153-4.plesk.page\/de\/wp-json\/wp\/v2\/product\/736237","targetHints":{"allow":["GET"]}}],"collection":[{"href":"https:\/\/stoic-curie.212-227-153-4.plesk.page\/de\/wp-json\/wp\/v2\/product"}],"about":[{"href":"https:\/\/stoic-curie.212-227-153-4.plesk.page\/de\/wp-json\/wp\/v2\/types\/product"}],"replies":[{"embeddable":true,"href":"https:\/\/stoic-curie.212-227-153-4.plesk.page\/de\/wp-json\/wp\/v2\/comments?post=736237"}],"version-history":[{"count":0,"href":"https:\/\/stoic-curie.212-227-153-4.plesk.page\/de\/wp-json\/wp\/v2\/product\/736237\/revisions"}],"wp:featuredmedia":[{"embeddable":true,"href":"https:\/\/stoic-curie.212-227-153-4.plesk.page\/de\/wp-json\/wp\/v2\/media\/5940503"}],"wp:attachment":[{"href":"https:\/\/stoic-curie.212-227-153-4.plesk.page\/de\/wp-json\/wp\/v2\/media?parent=736237"}],"wp:term":[{"taxonomy":"product_brand","embeddable":true,"href":"https:\/\/stoic-curie.212-227-153-4.plesk.page\/de\/wp-json\/wp\/v2\/product_brand?post=736237"},{"taxonomy":"product_cat","embeddable":true,"href":"https:\/\/stoic-curie.212-227-153-4.plesk.page\/de\/wp-json\/wp\/v2\/product_cat?post=736237"},{"taxonomy":"product_tag","embeddable":true,"href":"https:\/\/stoic-curie.212-227-153-4.plesk.page\/de\/wp-json\/wp\/v2\/product_tag?post=736237"}],"curies":[{"name":"wp","href":"https:\/\/api.w.org\/{rel}","templated":true}]}}