{"id":736243,"date":"2025-03-03T16:30:53","date_gmt":"2025-03-03T15:30:53","guid":{"rendered":"https:\/\/stoic-curie.212-227-153-4.plesk.page\/producto\/splitter-glomex-ra201-fuer-vhf-antennen\/"},"modified":"2026-02-24T23:35:06","modified_gmt":"2026-02-24T23:35:06","slug":"splitter-glomex-ra201-fuer-vhf-antennen","status":"publish","type":"product","link":"https:\/\/stoic-curie.212-227-153-4.plesk.page\/de\/product\/splitter-glomex-ra201-fuer-vhf-antennen\/","title":{"rendered":"Splitter Glomex Ra201 f\u00fcr VHF-Antennen"},"content":{"rendered":"<p>Splitter Glomex Ra201 f\u00fcr VHF-Antennen &#8211; <\/p>\n<p>Dank dieses Splitters k\u00f6nnen Sie eine VHF-Antenne verwenden, um gleichzeitig AM\/FM- und AIS-Radiosignale zu empfangen; au\u00dferdem kann das VHF-Transceiver ebenfalls genutzt werden. Es handelt sich um ein kompaktes Bauteil, das an jedem Ort einfach zu installieren ist. Es ben\u00f6tigt lediglich eine 12V-Stromversorgung. Es ist mit einem koaxialen Eingang f\u00fcr die Antenne und drei Ausg\u00e4ngen f\u00fcr VHF, AM\/FM-Radio und AIS ausgestattet. Dies bedeutet ein einfacheres und kosteng\u00fcnstigeres System. Impedanz: 50 Ohm. Maximale VHF-Leistung: 100W. Stromversorgung: 12V. Stromaufnahme: 25mA.<\/p>\n","protected":false},"excerpt":{"rendered":"<p>Splitter Glomex Ra201 f\u00fcr VHF-Antennen &#8211; Dank dieses Splitters k\u00f6nnen Sie eine VHF-Antenne verwenden, um gleichzeitig AM\/FM- und AIS-Radiosignale zu<\/p>\n","protected":false},"featured_media":5944443,"comment_status":"open","ping_status":"closed","template":"","meta":[],"product_brand":[2980],"product_cat":[1466],"product_tag":[],"class_list":{"0":"post-736243","1":"product","2":"type-product","3":"status-publish","4":"has-post-thumbnail","6":"product_brand-glomex-de","7":"product_cat-vhf-antennen","9":"first","10":"instock","11":"shipping-taxable","12":"purchasable","13":"product-type-simple"},"_links":{"self":[{"href":"https:\/\/stoic-curie.212-227-153-4.plesk.page\/de\/wp-json\/wp\/v2\/product\/736243","targetHints":{"allow":["GET"]}}],"collection":[{"href":"https:\/\/stoic-curie.212-227-153-4.plesk.page\/de\/wp-json\/wp\/v2\/product"}],"about":[{"href":"https:\/\/stoic-curie.212-227-153-4.plesk.page\/de\/wp-json\/wp\/v2\/types\/product"}],"replies":[{"embeddable":true,"href":"https:\/\/stoic-curie.212-227-153-4.plesk.page\/de\/wp-json\/wp\/v2\/comments?post=736243"}],"version-history":[{"count":0,"href":"https:\/\/stoic-curie.212-227-153-4.plesk.page\/de\/wp-json\/wp\/v2\/product\/736243\/revisions"}],"wp:featuredmedia":[{"embeddable":true,"href":"https:\/\/stoic-curie.212-227-153-4.plesk.page\/de\/wp-json\/wp\/v2\/media\/5944443"}],"wp:attachment":[{"href":"https:\/\/stoic-curie.212-227-153-4.plesk.page\/de\/wp-json\/wp\/v2\/media?parent=736243"}],"wp:term":[{"taxonomy":"product_brand","embeddable":true,"href":"https:\/\/stoic-curie.212-227-153-4.plesk.page\/de\/wp-json\/wp\/v2\/product_brand?post=736243"},{"taxonomy":"product_cat","embeddable":true,"href":"https:\/\/stoic-curie.212-227-153-4.plesk.page\/de\/wp-json\/wp\/v2\/product_cat?post=736243"},{"taxonomy":"product_tag","embeddable":true,"href":"https:\/\/stoic-curie.212-227-153-4.plesk.page\/de\/wp-json\/wp\/v2\/product_tag?post=736243"}],"curies":[{"name":"wp","href":"https:\/\/api.w.org\/{rel}","templated":true}]}}