{"id":736244,"date":"2025-03-03T16:30:53","date_gmt":"2025-03-03T15:30:53","guid":{"rendered":"https:\/\/stoic-curie.212-227-153-4.plesk.page\/producto\/aluminium-extensions-glomex-ra129-30cm\/"},"modified":"2026-02-24T23:35:06","modified_gmt":"2026-02-24T23:35:06","slug":"aluminium-extensions-glomex-ra129-30cm","status":"publish","type":"product","link":"https:\/\/stoic-curie.212-227-153-4.plesk.page\/de\/product\/aluminium-extensions-glomex-ra129-30cm\/","title":{"rendered":"Aluminium extensions Glomex Ra129 30cm"},"content":{"rendered":"<p>Aluminium extensions Glomex Ra129 30cm &#8211; <\/p>\n<p>Glomex RA129 wei\u00dfe lackierte Aluminiumverl\u00e4ngerungen f\u00fcr GPS-Antennen. Erm\u00f6glicht zentrale und seitliche Durchf\u00fchrungen des GPS-Kabels. Standard 1&#8243; x 14 Gewinde an beiden Enden.<\/p>\n","protected":false},"excerpt":{"rendered":"<p>Aluminium extensions Glomex Ra129 30cm &#8211; Glomex RA129 wei\u00dfe lackierte Aluminiumverl\u00e4ngerungen f\u00fcr GPS-Antennen. Erm\u00f6glicht zentrale und seitliche Durchf\u00fchrungen des GPS-Kabels.<\/p>\n","protected":false},"featured_media":5944445,"comment_status":"open","ping_status":"closed","template":"","meta":[],"product_brand":[2279,2980],"product_cat":[1457],"product_tag":[],"class_list":{"0":"post-736244","1":"product","2":"type-product","3":"status-publish","4":"has-post-thumbnail","6":"product_brand-glomex","7":"product_brand-glomex-de","8":"product_cat-bootelektronik","10":"first","11":"outofstock","12":"shipping-taxable","13":"purchasable","14":"product-type-simple"},"_links":{"self":[{"href":"https:\/\/stoic-curie.212-227-153-4.plesk.page\/de\/wp-json\/wp\/v2\/product\/736244","targetHints":{"allow":["GET"]}}],"collection":[{"href":"https:\/\/stoic-curie.212-227-153-4.plesk.page\/de\/wp-json\/wp\/v2\/product"}],"about":[{"href":"https:\/\/stoic-curie.212-227-153-4.plesk.page\/de\/wp-json\/wp\/v2\/types\/product"}],"replies":[{"embeddable":true,"href":"https:\/\/stoic-curie.212-227-153-4.plesk.page\/de\/wp-json\/wp\/v2\/comments?post=736244"}],"version-history":[{"count":0,"href":"https:\/\/stoic-curie.212-227-153-4.plesk.page\/de\/wp-json\/wp\/v2\/product\/736244\/revisions"}],"wp:featuredmedia":[{"embeddable":true,"href":"https:\/\/stoic-curie.212-227-153-4.plesk.page\/de\/wp-json\/wp\/v2\/media\/5944445"}],"wp:attachment":[{"href":"https:\/\/stoic-curie.212-227-153-4.plesk.page\/de\/wp-json\/wp\/v2\/media?parent=736244"}],"wp:term":[{"taxonomy":"product_brand","embeddable":true,"href":"https:\/\/stoic-curie.212-227-153-4.plesk.page\/de\/wp-json\/wp\/v2\/product_brand?post=736244"},{"taxonomy":"product_cat","embeddable":true,"href":"https:\/\/stoic-curie.212-227-153-4.plesk.page\/de\/wp-json\/wp\/v2\/product_cat?post=736244"},{"taxonomy":"product_tag","embeddable":true,"href":"https:\/\/stoic-curie.212-227-153-4.plesk.page\/de\/wp-json\/wp\/v2\/product_tag?post=736244"}],"curies":[{"name":"wp","href":"https:\/\/api.w.org\/{rel}","templated":true}]}}