{"id":736245,"date":"2025-03-03T16:30:54","date_gmt":"2025-03-03T15:30:54","guid":{"rendered":"https:\/\/stoic-curie.212-227-153-4.plesk.page\/producto\/edelstahl-unterstuetzung-glomex-v9124-fuer-tv-antennen-avior-talitha-altair-polaris-webboat\/"},"modified":"2026-02-24T23:35:06","modified_gmt":"2026-02-24T23:35:06","slug":"edelstahl-unterstuetzung-glomex-v9124-fuer-tv-antennen-avior-talitha-altair-polaris-webboat","status":"publish","type":"product","link":"https:\/\/stoic-curie.212-227-153-4.plesk.page\/de\/product\/edelstahl-unterstuetzung-glomex-v9124-fuer-tv-antennen-avior-talitha-altair-polaris-webboat\/","title":{"rendered":"Edelstahl-Unterst\u00fctzung Glomex V9124 f\u00fcr TV-Antennen Avior \/ Talitha \/ Altair \/ Polaris \/ Webboat"},"content":{"rendered":"<p>Edelstahl-Unterst\u00fctzung Glomex V9124 f\u00fcr TV-Antennen Avior \/ Talitha \/ Altair \/ Polaris \/ Webboat &#8211; <\/p>\n<p>Die omnidirektionale Glomex V9125AGCU\/DAB20 Talitha antenna f\u00fcr analoges\/digitales Fernsehen. Dank der 31 mm hohen Haifischflosse, die den Empfang vertikaler Signale erm\u00f6glicht, kann diese Antenne sowohl analoge als auch digitale TV-Signale, die horizontal und vertikal polarisiert sind, empfangen. Damit ist sie die ideale L\u00f6sung f\u00fcr jede Art von Boot, Segelboot oder Motorschiff. Ausgestattet mit einem Stylus f\u00fcr den Empfang des DAB-Signals und einem automatischen Regelverst\u00e4rker (AGC), der ein perfektes Signal sowohl auf See als auch im Hafen gew\u00e4hrleistet. In Kombination mit einem V9147 Splitter (2-Wege, optional), der zwischen der Antenne und dem Verst\u00e4rker installiert wird, kann sie auch AM-FM-Radiosignale empfangen. Frequenz 87,5\/774 MHz, 174\/240 MHz DA &#8211; Impedanz 75 Ohm &#8211; Universelles Netzteil 12\/24V.<\/p>\n","protected":false},"excerpt":{"rendered":"<p>Edelstahl-Unterst\u00fctzung Glomex V9124 f\u00fcr TV-Antennen Avior \/ Talitha \/ Altair \/ Polaris \/ Webboat &#8211; Die omnidirektionale Glomex V9125AGCU\/DAB20 Talitha<\/p>\n","protected":false},"featured_media":5944451,"comment_status":"open","ping_status":"closed","template":"","meta":[],"product_brand":[2279,2980],"product_cat":[1467],"product_tag":[],"class_list":{"0":"post-736245","1":"product","2":"type-product","3":"status-publish","4":"has-post-thumbnail","6":"product_brand-glomex","7":"product_brand-glomex-de","8":"product_cat-tv-antennen","10":"first","11":"instock","12":"shipping-taxable","13":"purchasable","14":"product-type-simple"},"_links":{"self":[{"href":"https:\/\/stoic-curie.212-227-153-4.plesk.page\/de\/wp-json\/wp\/v2\/product\/736245","targetHints":{"allow":["GET"]}}],"collection":[{"href":"https:\/\/stoic-curie.212-227-153-4.plesk.page\/de\/wp-json\/wp\/v2\/product"}],"about":[{"href":"https:\/\/stoic-curie.212-227-153-4.plesk.page\/de\/wp-json\/wp\/v2\/types\/product"}],"replies":[{"embeddable":true,"href":"https:\/\/stoic-curie.212-227-153-4.plesk.page\/de\/wp-json\/wp\/v2\/comments?post=736245"}],"version-history":[{"count":0,"href":"https:\/\/stoic-curie.212-227-153-4.plesk.page\/de\/wp-json\/wp\/v2\/product\/736245\/revisions"}],"wp:featuredmedia":[{"embeddable":true,"href":"https:\/\/stoic-curie.212-227-153-4.plesk.page\/de\/wp-json\/wp\/v2\/media\/5944451"}],"wp:attachment":[{"href":"https:\/\/stoic-curie.212-227-153-4.plesk.page\/de\/wp-json\/wp\/v2\/media?parent=736245"}],"wp:term":[{"taxonomy":"product_brand","embeddable":true,"href":"https:\/\/stoic-curie.212-227-153-4.plesk.page\/de\/wp-json\/wp\/v2\/product_brand?post=736245"},{"taxonomy":"product_cat","embeddable":true,"href":"https:\/\/stoic-curie.212-227-153-4.plesk.page\/de\/wp-json\/wp\/v2\/product_cat?post=736245"},{"taxonomy":"product_tag","embeddable":true,"href":"https:\/\/stoic-curie.212-227-153-4.plesk.page\/de\/wp-json\/wp\/v2\/product_tag?post=736245"}],"curies":[{"name":"wp","href":"https:\/\/api.w.org\/{rel}","templated":true}]}}