{"id":736246,"date":"2025-03-03T16:30:54","date_gmt":"2025-03-03T15:30:54","guid":{"rendered":"https:\/\/stoic-curie.212-227-153-4.plesk.page\/producto\/edelstahl-unterstuetzung-glomex-v9173tv-fuer-tv-antennen-nashira-adhara-polaris-webboat\/"},"modified":"2026-02-24T23:35:06","modified_gmt":"2026-02-24T23:35:06","slug":"edelstahl-unterstuetzung-glomex-v9173tv-fuer-tv-antennen-nashira-adhara-polaris-webboat","status":"publish","type":"product","link":"https:\/\/stoic-curie.212-227-153-4.plesk.page\/de\/product\/edelstahl-unterstuetzung-glomex-v9173tv-fuer-tv-antennen-nashira-adhara-polaris-webboat\/","title":{"rendered":"Edelstahl-Unterst\u00fctzung Glomex V9173TV f\u00fcr TV-Antennen Nashira \/ Adhara \/ Polaris \/ Webboat"},"content":{"rendered":"<p>Edelstahl-Unterst\u00fctzung Glomex V9173TV f\u00fcr TV-Antennen Nashira \/ Adhara \/ Polaris \/ Webboat &#8211; <\/p>\n<p>Die omnidirektionale Glomex V9150AGC Adhara TV-Antenne f\u00fcr analoge\/digitale TV-Signale ist ideal f\u00fcr jede Art von Boot. Dank der 55 mm hohen Haifischflossenform kann sie sowohl vertikale als auch horizontale TV-Signale empfangen. Sie ist mit einem Stylus ausgestattet, um das DAB-Signal zu empfangen, sowie einem automatischen Verst\u00e4rkungsregelger\u00e4t (AGC), das ein perfektes Signal sowohl auf See als auch im Hafen garantiert. Die verst\u00e4rkte Basis mit der mikrogeschwei\u00dften Edelstahlhalterung sorgt f\u00fcr die beste Stabilit\u00e4t der Antenne unter allen Seebedingungen. Mit dem optionalen V9147-Splitter, der zwischen der Antenne und dem Verst\u00e4rker installiert wird, kann die Antenne auch AM-FM-Radiofrequenzen empfangen. Kompatibel mit 6 TV-Ger\u00e4ten. Frequenz 87,5\/774 MHz, 174\/240 MHz DAB &#8211; Impedanz 75 Ohm &#8211; Universelle Stromversorgung 12\/24V. Komplett mit 3&#215;20 m Koaxialkabeln und TV-Ger\u00e4tekabel.<\/p>\n","protected":false},"excerpt":{"rendered":"<p>Edelstahl-Unterst\u00fctzung Glomex V9173TV f\u00fcr TV-Antennen Nashira \/ Adhara \/ Polaris \/ Webboat &#8211; Die omnidirektionale Glomex V9150AGC Adhara TV-Antenne f\u00fcr<\/p>\n","protected":false},"featured_media":5944453,"comment_status":"open","ping_status":"closed","template":"","meta":[],"product_brand":[2980],"product_cat":[1467],"product_tag":[],"class_list":{"0":"post-736246","1":"product","2":"type-product","3":"status-publish","4":"has-post-thumbnail","6":"product_brand-glomex-de","7":"product_cat-tv-antennen","9":"first","10":"instock","11":"shipping-taxable","12":"purchasable","13":"product-type-simple"},"_links":{"self":[{"href":"https:\/\/stoic-curie.212-227-153-4.plesk.page\/de\/wp-json\/wp\/v2\/product\/736246","targetHints":{"allow":["GET"]}}],"collection":[{"href":"https:\/\/stoic-curie.212-227-153-4.plesk.page\/de\/wp-json\/wp\/v2\/product"}],"about":[{"href":"https:\/\/stoic-curie.212-227-153-4.plesk.page\/de\/wp-json\/wp\/v2\/types\/product"}],"replies":[{"embeddable":true,"href":"https:\/\/stoic-curie.212-227-153-4.plesk.page\/de\/wp-json\/wp\/v2\/comments?post=736246"}],"version-history":[{"count":0,"href":"https:\/\/stoic-curie.212-227-153-4.plesk.page\/de\/wp-json\/wp\/v2\/product\/736246\/revisions"}],"wp:featuredmedia":[{"embeddable":true,"href":"https:\/\/stoic-curie.212-227-153-4.plesk.page\/de\/wp-json\/wp\/v2\/media\/5944453"}],"wp:attachment":[{"href":"https:\/\/stoic-curie.212-227-153-4.plesk.page\/de\/wp-json\/wp\/v2\/media?parent=736246"}],"wp:term":[{"taxonomy":"product_brand","embeddable":true,"href":"https:\/\/stoic-curie.212-227-153-4.plesk.page\/de\/wp-json\/wp\/v2\/product_brand?post=736246"},{"taxonomy":"product_cat","embeddable":true,"href":"https:\/\/stoic-curie.212-227-153-4.plesk.page\/de\/wp-json\/wp\/v2\/product_cat?post=736246"},{"taxonomy":"product_tag","embeddable":true,"href":"https:\/\/stoic-curie.212-227-153-4.plesk.page\/de\/wp-json\/wp\/v2\/product_tag?post=736246"}],"curies":[{"name":"wp","href":"https:\/\/api.w.org\/{rel}","templated":true}]}}