{"id":736249,"date":"2025-03-03T16:30:54","date_gmt":"2025-03-03T15:30:54","guid":{"rendered":"https:\/\/stoic-curie.212-227-153-4.plesk.page\/producto\/fendress-fenderbezugseinheit-f8-blau-royal\/"},"modified":"2026-02-24T23:35:06","modified_gmt":"2026-02-24T23:35:06","slug":"fendress-fenderbezugseinheit-f8-blau-royal","status":"publish","type":"product","link":"https:\/\/stoic-curie.212-227-153-4.plesk.page\/de\/product\/fendress-fenderbezugseinheit-f8-blau-royal\/","title":{"rendered":"Fendress Fenderbezugseinheit F8 Blau Royal"},"content":{"rendered":"<p>Fendress Fenderbezugseinheit F8 Blau Royal &#8211; <\/p>\n<p>Pl\u00fcsch-Fleece handgefertigte Fendress Fenderabdeckungen. Premium-Schutz f\u00fcr Ihre Fender und Eliminierung von Fenderquietschen und Kratzern. Weich und dennoch robust, sch\u00fctzen diese Fenderabdeckungen effizient Ihre Gelcoat-Beschichtung und verl\u00e4ngern die Lebensdauer Ihrer Fender.<\/p>\n<p>\u2022 \u201cFendress Covers\u201d sind 100% Acryl handgefertigte Premium-Qualit\u00e4t, widerstandsf\u00e4hig und nicht abrasiv. Weiche, pl\u00fcschige Fleece-Fenderabdeckungen bieten den ultimativen Schutz f\u00fcr Ihre Oberfl\u00e4chen. \u2022 \u201cFendress Covers\u201d sind UV- und salzwasserbest\u00e4ndig und sch\u00fctzen Ihre Gelcoat-Beschichtung effizient vor Kratzern und Abnutzung. Der belastbare und robuste Fleece-Stoff verf\u00fcgt \u00fcber die besten Eigenschaften, darunter Riss- und Abriebfestigkeit, schnelle Trocknung und einfache Entfernung zum Reinigen. \u2022 \u201cFendress Covers\u201d verl\u00e4ngern die Lebensdauer Ihrer Fender und beseitigen nerviges Fenderquietschen. UV-best\u00e4ndige Farben hinterlassen keine Spuren auf Ihren Oberfl\u00e4chen. Maschinenwaschbar. \u2022 \u201cFendress Covers\u201d mit hohem Widerstand und elastischem Saum erm\u00f6glichen eine ma\u00dfgeschneiderte Passform f\u00fcr alle Fenderarten. Die Abdeckungen sind in 9 Farben erh\u00e4ltlich.<\/p>\n","protected":false},"excerpt":{"rendered":"<p>Fendress Fenderbezugseinheit F8 Blau Royal &#8211; Pl\u00fcsch-Fleece handgefertigte Fendress Fenderabdeckungen. Premium-Schutz f\u00fcr Ihre Fender und Eliminierung von Fenderquietschen und Kratzern.<\/p>\n","protected":false},"featured_media":5944460,"comment_status":"open","ping_status":"closed","template":"","meta":[],"product_brand":[2935],"product_cat":[1564],"product_tag":[],"class_list":{"0":"post-736249","1":"product","2":"type-product","3":"status-publish","4":"has-post-thumbnail","6":"product_brand-fendress-de","7":"product_cat-fenderhuellen","9":"first","10":"instock","11":"shipping-taxable","12":"purchasable","13":"product-type-simple"},"_links":{"self":[{"href":"https:\/\/stoic-curie.212-227-153-4.plesk.page\/de\/wp-json\/wp\/v2\/product\/736249","targetHints":{"allow":["GET"]}}],"collection":[{"href":"https:\/\/stoic-curie.212-227-153-4.plesk.page\/de\/wp-json\/wp\/v2\/product"}],"about":[{"href":"https:\/\/stoic-curie.212-227-153-4.plesk.page\/de\/wp-json\/wp\/v2\/types\/product"}],"replies":[{"embeddable":true,"href":"https:\/\/stoic-curie.212-227-153-4.plesk.page\/de\/wp-json\/wp\/v2\/comments?post=736249"}],"version-history":[{"count":0,"href":"https:\/\/stoic-curie.212-227-153-4.plesk.page\/de\/wp-json\/wp\/v2\/product\/736249\/revisions"}],"wp:featuredmedia":[{"embeddable":true,"href":"https:\/\/stoic-curie.212-227-153-4.plesk.page\/de\/wp-json\/wp\/v2\/media\/5944460"}],"wp:attachment":[{"href":"https:\/\/stoic-curie.212-227-153-4.plesk.page\/de\/wp-json\/wp\/v2\/media?parent=736249"}],"wp:term":[{"taxonomy":"product_brand","embeddable":true,"href":"https:\/\/stoic-curie.212-227-153-4.plesk.page\/de\/wp-json\/wp\/v2\/product_brand?post=736249"},{"taxonomy":"product_cat","embeddable":true,"href":"https:\/\/stoic-curie.212-227-153-4.plesk.page\/de\/wp-json\/wp\/v2\/product_cat?post=736249"},{"taxonomy":"product_tag","embeddable":true,"href":"https:\/\/stoic-curie.212-227-153-4.plesk.page\/de\/wp-json\/wp\/v2\/product_tag?post=736249"}],"curies":[{"name":"wp","href":"https:\/\/api.w.org\/{rel}","templated":true}]}}