{"id":736264,"date":"2025-03-03T16:30:57","date_gmt":"2025-03-03T15:30:57","guid":{"rendered":"https:\/\/stoic-curie.212-227-153-4.plesk.page\/producto\/fiberglas-tunnel-fuer-vetus-25kgf-110mm-x-100cm\/"},"modified":"2026-02-24T23:35:06","modified_gmt":"2026-02-24T23:35:06","slug":"fiberglas-tunnel-fuer-vetus-25kgf-110mm-x-100cm","status":"publish","type":"product","link":"https:\/\/stoic-curie.212-227-153-4.plesk.page\/de\/product\/fiberglas-tunnel-fuer-vetus-25kgf-110mm-x-100cm\/","title":{"rendered":"Fiberglas-Tunnel 110mm x 100cm"},"content":{"rendered":"<p>Fiberglas-Tunnel 110mm x 100cm &#8211; <\/p>\n<p style=\"color: rgb(34, 34, 34); font-family: Arial, Helvetica, sans-serif; font-size: small;\"><span style=\"color: rgb(102, 102, 102); font-family: &quot;Open Sans&quot;, sans-serif; font-size: 12px;\">Dieser Fiberglas-Tunnel ist speziell f\u00fcr die Installation von Tunnelantrieben konzipiert und funktioniert hervorragend mit den Marken Quick und Vetus. Mit einer L\u00e4nge von 100 cm und einem Durchmesser von 110 mm ist er eine ausgezeichnete Wahl f\u00fcr Ihre Bootsbed\u00fcrfnisse.<\/span><\/p>\n<p><strong>Spezifikationen:<\/strong><\/p>\n<ul>\n<li><strong>Material:<\/strong> GFK (glasfaserverst\u00e4rkter Kunststoff)<\/li>\n<li><strong>Marke:<\/strong> Quick<\/li>\n<li><strong>L\u00e4nge:<\/strong> 1000 mm<\/li>\n<li><strong>Durchmesser:<\/strong> 110 mm<\/li>\n<li><strong>Dicke:<\/strong> 5,5 mm<\/li>\n<\/ul>\n","protected":false},"excerpt":{"rendered":"<p>Fiberglas-Tunnel 110mm x 100cm &#8211; Dieser Fiberglas-Tunnel ist speziell f\u00fcr die Installation von Tunnelantrieben konzipiert und funktioniert hervorragend mit den<\/p>\n","protected":false},"featured_media":5942044,"comment_status":"open","ping_status":"closed","template":"","meta":[],"product_brand":[3280],"product_cat":[1323,1322],"product_tag":[],"class_list":{"0":"post-736264","1":"product","2":"type-product","3":"status-publish","4":"has-post-thumbnail","6":"product_brand-quick-de","7":"product_cat-bugstrahlruder-quick","8":"product_cat-bugstrahlruder-vetus","10":"first","11":"instock","12":"shipping-taxable","13":"purchasable","14":"product-type-simple"},"_links":{"self":[{"href":"https:\/\/stoic-curie.212-227-153-4.plesk.page\/de\/wp-json\/wp\/v2\/product\/736264","targetHints":{"allow":["GET"]}}],"collection":[{"href":"https:\/\/stoic-curie.212-227-153-4.plesk.page\/de\/wp-json\/wp\/v2\/product"}],"about":[{"href":"https:\/\/stoic-curie.212-227-153-4.plesk.page\/de\/wp-json\/wp\/v2\/types\/product"}],"replies":[{"embeddable":true,"href":"https:\/\/stoic-curie.212-227-153-4.plesk.page\/de\/wp-json\/wp\/v2\/comments?post=736264"}],"version-history":[{"count":0,"href":"https:\/\/stoic-curie.212-227-153-4.plesk.page\/de\/wp-json\/wp\/v2\/product\/736264\/revisions"}],"wp:featuredmedia":[{"embeddable":true,"href":"https:\/\/stoic-curie.212-227-153-4.plesk.page\/de\/wp-json\/wp\/v2\/media\/5942044"}],"wp:attachment":[{"href":"https:\/\/stoic-curie.212-227-153-4.plesk.page\/de\/wp-json\/wp\/v2\/media?parent=736264"}],"wp:term":[{"taxonomy":"product_brand","embeddable":true,"href":"https:\/\/stoic-curie.212-227-153-4.plesk.page\/de\/wp-json\/wp\/v2\/product_brand?post=736264"},{"taxonomy":"product_cat","embeddable":true,"href":"https:\/\/stoic-curie.212-227-153-4.plesk.page\/de\/wp-json\/wp\/v2\/product_cat?post=736264"},{"taxonomy":"product_tag","embeddable":true,"href":"https:\/\/stoic-curie.212-227-153-4.plesk.page\/de\/wp-json\/wp\/v2\/product_tag?post=736264"}],"curies":[{"name":"wp","href":"https:\/\/api.w.org\/{rel}","templated":true}]}}