{"id":736265,"date":"2025-03-03T16:30:58","date_gmt":"2025-03-03T15:30:58","guid":{"rendered":"https:\/\/stoic-curie.212-227-153-4.plesk.page\/producto\/fiberglas-tunnel-fuer-vetus-35-55kgf-150mm-x-75cm\/"},"modified":"2026-02-24T23:35:06","modified_gmt":"2026-02-24T23:35:06","slug":"fiberglas-tunnel-fuer-vetus-35-55kgf-150mm-x-75cm","status":"publish","type":"product","link":"https:\/\/stoic-curie.212-227-153-4.plesk.page\/de\/product\/fiberglas-tunnel-fuer-vetus-35-55kgf-150mm-x-75cm\/","title":{"rendered":"Fiberglas-Tunnel 150mm x 75cm"},"content":{"rendered":"<p>Fiberglas-Tunnel 150mm x 75cm &#8211; <\/p>\n<p>Dieser Fiberglas-Tunnel ist f\u00fcr die Installation von Bugstrahlrudern konzipiert und ist mit den Marken Quick und Vetus kompatibel. Er misst 75 cm in der L\u00e4nge und hat einen Durchmesser von 150 mm, was ihn zu einer geeigneten Option f\u00fcr Ihre Bootsbed\u00fcrfnisse macht.<\/p>\n<p><strong>Spezifikationen:<\/strong><\/p>\n<ul>\n<li><strong>Material:<\/strong> GRP (glasfaserverst\u00e4rkter Kunststoff)<\/li>\n<li><strong>Marke:<\/strong> Quick<\/li>\n<li><strong>L\u00e4nge:<\/strong> 750 mm<\/li>\n<li><strong>Durchmesser:<\/strong> 150 mm<\/li>\n<li><strong>Dicke:<\/strong> 5.5 mm<\/li>\n<\/ul>\n","protected":false},"excerpt":{"rendered":"<p>Fiberglas-Tunnel 150mm x 75cm &#8211; Dieser Fiberglas-Tunnel ist f\u00fcr die Installation von Bugstrahlrudern konzipiert und ist mit den Marken Quick<\/p>\n","protected":false},"featured_media":5942044,"comment_status":"open","ping_status":"closed","template":"","meta":[],"product_brand":[3280],"product_cat":[1323,1322],"product_tag":[],"class_list":{"0":"post-736265","1":"product","2":"type-product","3":"status-publish","4":"has-post-thumbnail","6":"product_brand-quick-de","7":"product_cat-bugstrahlruder-quick","8":"product_cat-bugstrahlruder-vetus","10":"first","11":"instock","12":"shipping-taxable","13":"purchasable","14":"product-type-simple"},"_links":{"self":[{"href":"https:\/\/stoic-curie.212-227-153-4.plesk.page\/de\/wp-json\/wp\/v2\/product\/736265","targetHints":{"allow":["GET"]}}],"collection":[{"href":"https:\/\/stoic-curie.212-227-153-4.plesk.page\/de\/wp-json\/wp\/v2\/product"}],"about":[{"href":"https:\/\/stoic-curie.212-227-153-4.plesk.page\/de\/wp-json\/wp\/v2\/types\/product"}],"replies":[{"embeddable":true,"href":"https:\/\/stoic-curie.212-227-153-4.plesk.page\/de\/wp-json\/wp\/v2\/comments?post=736265"}],"version-history":[{"count":0,"href":"https:\/\/stoic-curie.212-227-153-4.plesk.page\/de\/wp-json\/wp\/v2\/product\/736265\/revisions"}],"wp:featuredmedia":[{"embeddable":true,"href":"https:\/\/stoic-curie.212-227-153-4.plesk.page\/de\/wp-json\/wp\/v2\/media\/5942044"}],"wp:attachment":[{"href":"https:\/\/stoic-curie.212-227-153-4.plesk.page\/de\/wp-json\/wp\/v2\/media?parent=736265"}],"wp:term":[{"taxonomy":"product_brand","embeddable":true,"href":"https:\/\/stoic-curie.212-227-153-4.plesk.page\/de\/wp-json\/wp\/v2\/product_brand?post=736265"},{"taxonomy":"product_cat","embeddable":true,"href":"https:\/\/stoic-curie.212-227-153-4.plesk.page\/de\/wp-json\/wp\/v2\/product_cat?post=736265"},{"taxonomy":"product_tag","embeddable":true,"href":"https:\/\/stoic-curie.212-227-153-4.plesk.page\/de\/wp-json\/wp\/v2\/product_tag?post=736265"}],"curies":[{"name":"wp","href":"https:\/\/api.w.org\/{rel}","templated":true}]}}