{"id":736268,"date":"2025-03-03T16:30:58","date_gmt":"2025-03-03T15:30:58","guid":{"rendered":"https:\/\/stoic-curie.212-227-153-4.plesk.page\/producto\/antenne-glomex-ra300dab-120-m\/"},"modified":"2026-02-24T23:35:07","modified_gmt":"2026-02-24T23:35:07","slug":"antenne-glomex-ra300dab-120-m","status":"publish","type":"product","link":"https:\/\/stoic-curie.212-227-153-4.plesk.page\/de\/product\/antenne-glomex-ra300dab-120-m\/","title":{"rendered":"Antenne Glomex RA300DAB 1,20 m"},"content":{"rendered":"<p>Antenne Glomex RA300DAB 1,20 m &#8211; <\/p>\n<p>UV-best\u00e4ndige flexible Glasfaser DAB (Digital Audio Broadcasting) RA300DAB Antenne f\u00fcr jede Art von Boot. Erm\u00f6glicht den Empfang des digitalen DAB-Radiosignals mit besserer Qualit\u00e4t, auch w\u00e4hrend der Navigation. Der FME-Stecker erm\u00f6glicht eine schnelle und einfache Installation dank der angeschlossenen Kabel und Adapter. 5\/8&#8243; x 24 Gewindebasis. 174-240 MHz \/ 50 Ohm. H\u00f6he: 1,2 m. Mit der Verl\u00e4ngerung oder dem Adapter kann die Antenne auf 1&#8243; x 14 Gewindebasen montiert werden. Der Stecker erm\u00f6glicht den Anschluss des FME-Gewindes an den PL258 Koaxialanschluss.<\/p>\n","protected":false},"excerpt":{"rendered":"<p>Antenne Glomex RA300DAB 1,20 m &#8211; UV-best\u00e4ndige flexible Glasfaser DAB (Digital Audio Broadcasting) RA300DAB Antenne f\u00fcr jede Art von Boot.<\/p>\n","protected":false},"featured_media":5944511,"comment_status":"open","ping_status":"closed","template":"","meta":[],"product_brand":[2980],"product_cat":[1446],"product_tag":[],"class_list":{"0":"post-736268","1":"product","2":"type-product","3":"status-publish","4":"has-post-thumbnail","6":"product_brand-glomex-de","7":"product_cat-stereoanlage-und-lautsprecher","9":"first","10":"instock","11":"shipping-taxable","12":"purchasable","13":"product-type-simple"},"_links":{"self":[{"href":"https:\/\/stoic-curie.212-227-153-4.plesk.page\/de\/wp-json\/wp\/v2\/product\/736268","targetHints":{"allow":["GET"]}}],"collection":[{"href":"https:\/\/stoic-curie.212-227-153-4.plesk.page\/de\/wp-json\/wp\/v2\/product"}],"about":[{"href":"https:\/\/stoic-curie.212-227-153-4.plesk.page\/de\/wp-json\/wp\/v2\/types\/product"}],"replies":[{"embeddable":true,"href":"https:\/\/stoic-curie.212-227-153-4.plesk.page\/de\/wp-json\/wp\/v2\/comments?post=736268"}],"version-history":[{"count":0,"href":"https:\/\/stoic-curie.212-227-153-4.plesk.page\/de\/wp-json\/wp\/v2\/product\/736268\/revisions"}],"wp:featuredmedia":[{"embeddable":true,"href":"https:\/\/stoic-curie.212-227-153-4.plesk.page\/de\/wp-json\/wp\/v2\/media\/5944511"}],"wp:attachment":[{"href":"https:\/\/stoic-curie.212-227-153-4.plesk.page\/de\/wp-json\/wp\/v2\/media?parent=736268"}],"wp:term":[{"taxonomy":"product_brand","embeddable":true,"href":"https:\/\/stoic-curie.212-227-153-4.plesk.page\/de\/wp-json\/wp\/v2\/product_brand?post=736268"},{"taxonomy":"product_cat","embeddable":true,"href":"https:\/\/stoic-curie.212-227-153-4.plesk.page\/de\/wp-json\/wp\/v2\/product_cat?post=736268"},{"taxonomy":"product_tag","embeddable":true,"href":"https:\/\/stoic-curie.212-227-153-4.plesk.page\/de\/wp-json\/wp\/v2\/product_tag?post=736268"}],"curies":[{"name":"wp","href":"https:\/\/api.w.org\/{rel}","templated":true}]}}