{"id":736273,"date":"2025-03-03T16:30:59","date_gmt":"2025-03-03T15:30:59","guid":{"rendered":"https:\/\/stoic-curie.212-227-153-4.plesk.page\/producto\/glomex-ra303-fiberglas-verlaengerung-12-m\/"},"modified":"2026-02-24T23:35:07","modified_gmt":"2026-02-24T23:35:07","slug":"glomex-ra303-fiberglas-verlaengerung-12-m","status":"publish","type":"product","link":"https:\/\/stoic-curie.212-227-153-4.plesk.page\/de\/product\/glomex-ra303-fiberglas-verlaengerung-12-m\/","title":{"rendered":"Glomex Ra303 Fiberglas-Verl\u00e4ngerung 1,2 m"},"content":{"rendered":"<p>Glomex Ra303 Fiberglas-Verl\u00e4ngerung 1,2 m &#8211; <\/p>\n<p>UV-best\u00e4ndige, flexible Fiberglas-Antenne RA300AIS (Automatic Identification System) f\u00fcr alle Arten von Booten. Sie erm\u00f6glicht den Empfang von AIS-Signalen und relevanten Informationen \u00fcber den Verkehr in der Umgebung. Der FME-Anschluss erm\u00f6glicht eine schnelle und einfache Installation dank der angesteckten Kabel und Adapter. Gewindegr\u00f6\u00dfe: 5\/8&#8243; x 24. 100W \/ 6db \/ 161.975-162.025 MHz \/ 50 Ohm. H\u00f6he: 1,2 m. Mit der Verl\u00e4ngerung oder dem Adapter kann die Antenne auf 1&#8243; x 14 Gewindegrundplatten montiert werden. Der Anschluss erm\u00f6glicht die Verbindung des FME-Gewindes mit der PL258-Koaxialverbindung.<\/p>\n","protected":false},"excerpt":{"rendered":"<p>Glomex Ra303 Fiberglas-Verl\u00e4ngerung 1,2 m &#8211; UV-best\u00e4ndige, flexible Fiberglas-Antenne RA300AIS (Automatic Identification System) f\u00fcr alle Arten von Booten. Sie erm\u00f6glicht<\/p>\n","protected":false},"featured_media":3012216,"comment_status":"open","ping_status":"closed","template":"","meta":[],"product_brand":[2279,2980],"product_cat":[1466],"product_tag":[],"class_list":{"0":"post-736273","1":"product","2":"type-product","3":"status-publish","4":"has-post-thumbnail","6":"product_brand-glomex","7":"product_brand-glomex-de","8":"product_cat-vhf-antennen","10":"first","11":"instock","12":"shipping-taxable","13":"purchasable","14":"product-type-simple"},"_links":{"self":[{"href":"https:\/\/stoic-curie.212-227-153-4.plesk.page\/de\/wp-json\/wp\/v2\/product\/736273","targetHints":{"allow":["GET"]}}],"collection":[{"href":"https:\/\/stoic-curie.212-227-153-4.plesk.page\/de\/wp-json\/wp\/v2\/product"}],"about":[{"href":"https:\/\/stoic-curie.212-227-153-4.plesk.page\/de\/wp-json\/wp\/v2\/types\/product"}],"replies":[{"embeddable":true,"href":"https:\/\/stoic-curie.212-227-153-4.plesk.page\/de\/wp-json\/wp\/v2\/comments?post=736273"}],"version-history":[{"count":0,"href":"https:\/\/stoic-curie.212-227-153-4.plesk.page\/de\/wp-json\/wp\/v2\/product\/736273\/revisions"}],"wp:featuredmedia":[{"embeddable":true,"href":"https:\/\/stoic-curie.212-227-153-4.plesk.page\/de\/wp-json\/"}],"wp:attachment":[{"href":"https:\/\/stoic-curie.212-227-153-4.plesk.page\/de\/wp-json\/wp\/v2\/media?parent=736273"}],"wp:term":[{"taxonomy":"product_brand","embeddable":true,"href":"https:\/\/stoic-curie.212-227-153-4.plesk.page\/de\/wp-json\/wp\/v2\/product_brand?post=736273"},{"taxonomy":"product_cat","embeddable":true,"href":"https:\/\/stoic-curie.212-227-153-4.plesk.page\/de\/wp-json\/wp\/v2\/product_cat?post=736273"},{"taxonomy":"product_tag","embeddable":true,"href":"https:\/\/stoic-curie.212-227-153-4.plesk.page\/de\/wp-json\/wp\/v2\/product_tag?post=736273"}],"curies":[{"name":"wp","href":"https:\/\/api.w.org\/{rel}","templated":true}]}}