{"id":736274,"date":"2025-03-03T16:30:59","date_gmt":"2025-03-03T15:30:59","guid":{"rendered":"https:\/\/stoic-curie.212-227-153-4.plesk.page\/producto\/verkabelte-fernbedienung-fusion-ms-nrx300\/"},"modified":"2026-02-24T23:35:07","modified_gmt":"2026-02-24T23:35:07","slug":"verkabelte-fernbedienung-fusion-ms-nrx300","status":"publish","type":"product","link":"https:\/\/stoic-curie.212-227-153-4.plesk.page\/de\/product\/verkabelte-fernbedienung-fusion-ms-nrx300\/","title":{"rendered":"Verkabelte Fernbedienung Fusion MS-NRX300"},"content":{"rendered":"<p>Verkabelte Fernbedienung Fusion MS-NRX300 &#8211; <\/p>\n<p>Fusion MS-RA70N Dashboard-Marine-Stereo mit glasgebundenem, hintergrundbeleuchtetem LCD-Display. RDS FM\/AM DAB-f\u00e4higes Radio, USB- und hinterer AUX-Eingang. Integriertes Bluetooth f\u00fcr Smartphone und kompatibles Audio-Streaming. Ausgestattet mit der Fusion-Link-Fernbedienungsfunktion, die es erm\u00f6glicht, das Stereo mit einer Garmin-Uhr oder einem kompatiblen NMEA2000-Multifunktionsdisplay zu steuern. Unabh\u00e4ngige Multi-Zonen-Einstellungssteuerung f\u00fcr zwei separate Audiozonen. IPx7 wasserdicht, kann flach oder b\u00fcndig montiert werden. D=Tiefe<\/p>\n","protected":false},"excerpt":{"rendered":"<p>Verkabelte Fernbedienung Fusion MS-NRX300 &#8211; Fusion MS-RA70N Dashboard-Marine-Stereo mit glasgebundenem, hintergrundbeleuchtetem LCD-Display. RDS FM\/AM DAB-f\u00e4higes Radio, USB- und hinterer AUX-Eingang.<\/p>\n","protected":false},"featured_media":5942877,"comment_status":"open","ping_status":"closed","template":"","meta":[],"product_brand":[2960],"product_cat":[1446],"product_tag":[],"class_list":{"0":"post-736274","1":"product","2":"type-product","3":"status-publish","4":"has-post-thumbnail","6":"product_brand-fusion-de","7":"product_cat-stereoanlage-und-lautsprecher","9":"first","10":"instock","11":"shipping-taxable","12":"purchasable","13":"product-type-simple"},"_links":{"self":[{"href":"https:\/\/stoic-curie.212-227-153-4.plesk.page\/de\/wp-json\/wp\/v2\/product\/736274","targetHints":{"allow":["GET"]}}],"collection":[{"href":"https:\/\/stoic-curie.212-227-153-4.plesk.page\/de\/wp-json\/wp\/v2\/product"}],"about":[{"href":"https:\/\/stoic-curie.212-227-153-4.plesk.page\/de\/wp-json\/wp\/v2\/types\/product"}],"replies":[{"embeddable":true,"href":"https:\/\/stoic-curie.212-227-153-4.plesk.page\/de\/wp-json\/wp\/v2\/comments?post=736274"}],"version-history":[{"count":0,"href":"https:\/\/stoic-curie.212-227-153-4.plesk.page\/de\/wp-json\/wp\/v2\/product\/736274\/revisions"}],"wp:featuredmedia":[{"embeddable":true,"href":"https:\/\/stoic-curie.212-227-153-4.plesk.page\/de\/wp-json\/wp\/v2\/media\/5942877"}],"wp:attachment":[{"href":"https:\/\/stoic-curie.212-227-153-4.plesk.page\/de\/wp-json\/wp\/v2\/media?parent=736274"}],"wp:term":[{"taxonomy":"product_brand","embeddable":true,"href":"https:\/\/stoic-curie.212-227-153-4.plesk.page\/de\/wp-json\/wp\/v2\/product_brand?post=736274"},{"taxonomy":"product_cat","embeddable":true,"href":"https:\/\/stoic-curie.212-227-153-4.plesk.page\/de\/wp-json\/wp\/v2\/product_cat?post=736274"},{"taxonomy":"product_tag","embeddable":true,"href":"https:\/\/stoic-curie.212-227-153-4.plesk.page\/de\/wp-json\/wp\/v2\/product_tag?post=736274"}],"curies":[{"name":"wp","href":"https:\/\/api.w.org\/{rel}","templated":true}]}}