{"id":736288,"date":"2025-03-03T16:31:37","date_gmt":"2025-03-03T15:31:37","guid":{"rendered":"https:\/\/stoic-curie.212-227-153-4.plesk.page\/producto\/jacke-helly-hansen-storm-990-schwarz-groesse-xl\/"},"modified":"2026-02-24T23:35:07","modified_gmt":"2026-02-24T23:35:07","slug":"jacke-helly-hansen-storm-990-schwarz-groesse-xl","status":"publish","type":"product","link":"https:\/\/stoic-curie.212-227-153-4.plesk.page\/de\/product\/jacke-helly-hansen-storm-990-schwarz-groesse-xl\/","title":{"rendered":"Jacke Helly Hansen Storm 990 Schwarz (Gr\u00f6\u00dfe: XL)"},"content":{"rendered":"<p>Jacke Helly Hansen Storm 990 Schwarz (Gr\u00f6\u00dfe: XL) &#8211; <\/p>\n<p>Die Helly Hansen Storm Regenjacke besteht aus 310 g\/m2 Polyester-Gewebe mit PVC-Beschichtung und ist ideal geeignet, um Sie w\u00e4hrend des Angelns oder bei anderen Aktivit\u00e4ten an Bord oder auf dem Deck vor Wasser zu sch\u00fctzen. Sie verf\u00fcgt \u00fcber eine doppelte Hauptstofffrontklappe, eine innere Rei\u00dfverschlusstasche mit L\u00f6chern f\u00fcr Kopfh\u00f6rer, keine Schultern\u00e4hte, eine Kapuze mit Kordelzug und Neoprenb\u00fcndchen sowie eine Schlaufe f\u00fcr ein Ausweis.<\/p>\n","protected":false},"excerpt":{"rendered":"<p>Jacke Helly Hansen Storm 990 Schwarz (Gr\u00f6\u00dfe: XL) &#8211; Die Helly Hansen Storm Regenjacke besteht aus 310 g\/m2 Polyester-Gewebe mit<\/p>\n","protected":false},"featured_media":5944557,"comment_status":"open","ping_status":"closed","template":"","meta":[],"product_brand":[3000],"product_cat":[1570],"product_tag":[],"class_list":{"0":"post-736288","1":"product","2":"type-product","3":"status-publish","4":"has-post-thumbnail","6":"product_brand-helly-hansen-de","7":"product_cat-nautische-bekleidung-helly-hansen","9":"first","10":"instock","11":"shipping-taxable","12":"purchasable","13":"product-type-simple"},"_links":{"self":[{"href":"https:\/\/stoic-curie.212-227-153-4.plesk.page\/de\/wp-json\/wp\/v2\/product\/736288","targetHints":{"allow":["GET"]}}],"collection":[{"href":"https:\/\/stoic-curie.212-227-153-4.plesk.page\/de\/wp-json\/wp\/v2\/product"}],"about":[{"href":"https:\/\/stoic-curie.212-227-153-4.plesk.page\/de\/wp-json\/wp\/v2\/types\/product"}],"replies":[{"embeddable":true,"href":"https:\/\/stoic-curie.212-227-153-4.plesk.page\/de\/wp-json\/wp\/v2\/comments?post=736288"}],"version-history":[{"count":0,"href":"https:\/\/stoic-curie.212-227-153-4.plesk.page\/de\/wp-json\/wp\/v2\/product\/736288\/revisions"}],"wp:featuredmedia":[{"embeddable":true,"href":"https:\/\/stoic-curie.212-227-153-4.plesk.page\/de\/wp-json\/wp\/v2\/media\/5944557"}],"wp:attachment":[{"href":"https:\/\/stoic-curie.212-227-153-4.plesk.page\/de\/wp-json\/wp\/v2\/media?parent=736288"}],"wp:term":[{"taxonomy":"product_brand","embeddable":true,"href":"https:\/\/stoic-curie.212-227-153-4.plesk.page\/de\/wp-json\/wp\/v2\/product_brand?post=736288"},{"taxonomy":"product_cat","embeddable":true,"href":"https:\/\/stoic-curie.212-227-153-4.plesk.page\/de\/wp-json\/wp\/v2\/product_cat?post=736288"},{"taxonomy":"product_tag","embeddable":true,"href":"https:\/\/stoic-curie.212-227-153-4.plesk.page\/de\/wp-json\/wp\/v2\/product_tag?post=736288"}],"curies":[{"name":"wp","href":"https:\/\/api.w.org\/{rel}","templated":true}]}}