{"id":736301,"date":"2025-03-03T16:31:40","date_gmt":"2025-03-03T15:31:40","guid":{"rendered":"https:\/\/stoic-curie.212-227-153-4.plesk.page\/producto\/jacke-fuer-regenwetter-helly-hansen-gale-orange-groesse-s\/"},"modified":"2026-02-24T23:35:07","modified_gmt":"2026-02-24T23:35:07","slug":"jacke-fuer-regenwetter-helly-hansen-gale-orange-groesse-s","status":"publish","type":"product","link":"https:\/\/stoic-curie.212-227-153-4.plesk.page\/de\/product\/jacke-fuer-regenwetter-helly-hansen-gale-orange-groesse-s\/","title":{"rendered":"Jacke f\u00fcr Regenwetter Helly Hansen Gale Orange &#8211; Gr\u00f6\u00dfe S"},"content":{"rendered":"<p>Jacke f\u00fcr Regenwetter Helly Hansen Gale Orange &#8211; Gr\u00f6\u00dfe S &#8211; <\/p>\n<p>Die Helly Hansen Gale Regenjacke besteht aus 240 g\/m\u00b2 Polyestermaterial mit PU-Beschichtung und bietet optimalen Schutz vor Wasser, sei es beim Angeln oder anderen Aktivit\u00e4ten an Bord oder auf dem Deck. Sie verf\u00fcgt \u00fcber eine doppelte Hauptstofffrontklappe, eine innere Rei\u00dfverschlusstasche mit L\u00f6chern f\u00fcr Kopfh\u00f6rer, zwei Fronttaschen, eine Kapuze mit Kordelzugverstellung, Neoprenb\u00fcndchen, einen unteren Saum mit Kordelzugverstellung und eine ID-Karten-Schlaufe.<\/p>\n","protected":false},"excerpt":{"rendered":"<p>Jacke f\u00fcr Regenwetter Helly Hansen Gale Orange &#8211; Gr\u00f6\u00dfe S &#8211; Die Helly Hansen Gale Regenjacke besteht aus 240 g\/m\u00b2<\/p>\n","protected":false},"featured_media":5944567,"comment_status":"open","ping_status":"closed","template":"","meta":[],"product_brand":[3000],"product_cat":[1570],"product_tag":[],"class_list":{"0":"post-736301","1":"product","2":"type-product","3":"status-publish","4":"has-post-thumbnail","6":"product_brand-helly-hansen-de","7":"product_cat-nautische-bekleidung-helly-hansen","9":"first","10":"instock","11":"shipping-taxable","12":"purchasable","13":"product-type-simple"},"_links":{"self":[{"href":"https:\/\/stoic-curie.212-227-153-4.plesk.page\/de\/wp-json\/wp\/v2\/product\/736301","targetHints":{"allow":["GET"]}}],"collection":[{"href":"https:\/\/stoic-curie.212-227-153-4.plesk.page\/de\/wp-json\/wp\/v2\/product"}],"about":[{"href":"https:\/\/stoic-curie.212-227-153-4.plesk.page\/de\/wp-json\/wp\/v2\/types\/product"}],"replies":[{"embeddable":true,"href":"https:\/\/stoic-curie.212-227-153-4.plesk.page\/de\/wp-json\/wp\/v2\/comments?post=736301"}],"version-history":[{"count":0,"href":"https:\/\/stoic-curie.212-227-153-4.plesk.page\/de\/wp-json\/wp\/v2\/product\/736301\/revisions"}],"wp:featuredmedia":[{"embeddable":true,"href":"https:\/\/stoic-curie.212-227-153-4.plesk.page\/de\/wp-json\/wp\/v2\/media\/5944567"}],"wp:attachment":[{"href":"https:\/\/stoic-curie.212-227-153-4.plesk.page\/de\/wp-json\/wp\/v2\/media?parent=736301"}],"wp:term":[{"taxonomy":"product_brand","embeddable":true,"href":"https:\/\/stoic-curie.212-227-153-4.plesk.page\/de\/wp-json\/wp\/v2\/product_brand?post=736301"},{"taxonomy":"product_cat","embeddable":true,"href":"https:\/\/stoic-curie.212-227-153-4.plesk.page\/de\/wp-json\/wp\/v2\/product_cat?post=736301"},{"taxonomy":"product_tag","embeddable":true,"href":"https:\/\/stoic-curie.212-227-153-4.plesk.page\/de\/wp-json\/wp\/v2\/product_tag?post=736301"}],"curies":[{"name":"wp","href":"https:\/\/api.w.org\/{rel}","templated":true}]}}