{"id":736306,"date":"2025-03-03T16:31:41","date_gmt":"2025-03-03T15:31:41","guid":{"rendered":"https:\/\/stoic-curie.212-227-153-4.plesk.page\/producto\/jacke-fuer-regenwetter-helly-hansen-gale-blau-groesse-xs\/"},"modified":"2026-02-24T23:35:07","modified_gmt":"2026-02-24T23:35:07","slug":"jacke-fuer-regenwetter-helly-hansen-gale-blau-groesse-xs","status":"publish","type":"product","link":"https:\/\/stoic-curie.212-227-153-4.plesk.page\/de\/product\/jacke-fuer-regenwetter-helly-hansen-gale-blau-groesse-xs\/","title":{"rendered":"Jacke f\u00fcr Regenwetter Helly Hansen Gale Blau &#8211; Gr\u00f6\u00dfe XS"},"content":{"rendered":"<p>Jacke f\u00fcr Regenwetter Helly Hansen Gale Blau &#8211; Gr\u00f6\u00dfe XS &#8211; <\/p>\n<p>Die Helly Hansen Gale Regenjacke besteht aus 240 g\/m2 Polyestergewebe mit PU-Beschichtung und sch\u00fctzt Sie hervorragend vor Wasser beim Angeln oder anderen Aktivit\u00e4ten an Bord oder auf dem Deck. Sie verf\u00fcgt \u00fcber einen doppellagigen Hauptstoff vorne, eine innere Rei\u00dfverschlusstasche mit \u00d6ffnungen f\u00fcr Kopfh\u00f6rer, zwei Fronttaschen, eine Kapuze mit Zugkordelverstellung, Neoprenb\u00fcndchen, einen verstellbaren Saum und eine Schlaufe f\u00fcr die ID-Karte.<\/p>\n","protected":false},"excerpt":{"rendered":"<p>Jacke f\u00fcr Regenwetter Helly Hansen Gale Blau &#8211; Gr\u00f6\u00dfe XS &#8211; Die Helly Hansen Gale Regenjacke besteht aus 240 g\/m2<\/p>\n","protected":false},"featured_media":5944567,"comment_status":"open","ping_status":"closed","template":"","meta":[],"product_brand":[3000],"product_cat":[1570],"product_tag":[],"class_list":{"0":"post-736306","1":"product","2":"type-product","3":"status-publish","4":"has-post-thumbnail","6":"product_brand-helly-hansen-de","7":"product_cat-nautische-bekleidung-helly-hansen","9":"first","10":"instock","11":"shipping-taxable","12":"purchasable","13":"product-type-simple"},"_links":{"self":[{"href":"https:\/\/stoic-curie.212-227-153-4.plesk.page\/de\/wp-json\/wp\/v2\/product\/736306","targetHints":{"allow":["GET"]}}],"collection":[{"href":"https:\/\/stoic-curie.212-227-153-4.plesk.page\/de\/wp-json\/wp\/v2\/product"}],"about":[{"href":"https:\/\/stoic-curie.212-227-153-4.plesk.page\/de\/wp-json\/wp\/v2\/types\/product"}],"replies":[{"embeddable":true,"href":"https:\/\/stoic-curie.212-227-153-4.plesk.page\/de\/wp-json\/wp\/v2\/comments?post=736306"}],"version-history":[{"count":0,"href":"https:\/\/stoic-curie.212-227-153-4.plesk.page\/de\/wp-json\/wp\/v2\/product\/736306\/revisions"}],"wp:featuredmedia":[{"embeddable":true,"href":"https:\/\/stoic-curie.212-227-153-4.plesk.page\/de\/wp-json\/wp\/v2\/media\/5944567"}],"wp:attachment":[{"href":"https:\/\/stoic-curie.212-227-153-4.plesk.page\/de\/wp-json\/wp\/v2\/media?parent=736306"}],"wp:term":[{"taxonomy":"product_brand","embeddable":true,"href":"https:\/\/stoic-curie.212-227-153-4.plesk.page\/de\/wp-json\/wp\/v2\/product_brand?post=736306"},{"taxonomy":"product_cat","embeddable":true,"href":"https:\/\/stoic-curie.212-227-153-4.plesk.page\/de\/wp-json\/wp\/v2\/product_cat?post=736306"},{"taxonomy":"product_tag","embeddable":true,"href":"https:\/\/stoic-curie.212-227-153-4.plesk.page\/de\/wp-json\/wp\/v2\/product_tag?post=736306"}],"curies":[{"name":"wp","href":"https:\/\/api.w.org\/{rel}","templated":true}]}}