{"id":736323,"date":"2025-03-03T16:31:46","date_gmt":"2025-03-03T15:31:46","guid":{"rendered":"https:\/\/stoic-curie.212-227-153-4.plesk.page\/producto\/regenhose-helly-hansen-gale-blau-groesse-xxl\/"},"modified":"2026-02-24T23:35:07","modified_gmt":"2026-02-24T23:35:07","slug":"regenhose-helly-hansen-gale-blau-groesse-xxl","status":"publish","type":"product","link":"https:\/\/stoic-curie.212-227-153-4.plesk.page\/de\/product\/regenhose-helly-hansen-gale-blau-groesse-xxl\/","title":{"rendered":"Regenhose Helly Hansen Gale Blau &#8211; Gr\u00f6\u00dfe XXL"},"content":{"rendered":"<p>Regenhose Helly Hansen Gale Blau &#8211; Gr\u00f6\u00dfe XXL &#8211; <\/p>\n<p>Die Helly Hansen Gale Regenhose besteht aus 240 g\/m\u00b2 Polyesterstoff mit PU-Beschichtung und ist ideal geeignet, um Sie w\u00e4hrend des Fischens oder bei anderen Aktivit\u00e4ten an Bord oder auf dem Deck vor Wasser zu sch\u00fctzen. Sie verf\u00fcgt \u00fcber einen elastischen Bund und eine Kordelverstellung sowie einen verstellbaren Saum mit Kn\u00f6pfen.<\/p>\n","protected":false},"excerpt":{"rendered":"<p>Regenhose Helly Hansen Gale Blau &#8211; Gr\u00f6\u00dfe XXL &#8211; Die Helly Hansen Gale Regenhose besteht aus 240 g\/m\u00b2 Polyesterstoff mit<\/p>\n","protected":false},"featured_media":5944572,"comment_status":"open","ping_status":"closed","template":"","meta":[],"product_brand":[3000],"product_cat":[1570],"product_tag":[],"class_list":{"0":"post-736323","1":"product","2":"type-product","3":"status-publish","4":"has-post-thumbnail","6":"product_brand-helly-hansen-de","7":"product_cat-nautische-bekleidung-helly-hansen","9":"first","10":"instock","11":"shipping-taxable","12":"purchasable","13":"product-type-simple"},"_links":{"self":[{"href":"https:\/\/stoic-curie.212-227-153-4.plesk.page\/de\/wp-json\/wp\/v2\/product\/736323","targetHints":{"allow":["GET"]}}],"collection":[{"href":"https:\/\/stoic-curie.212-227-153-4.plesk.page\/de\/wp-json\/wp\/v2\/product"}],"about":[{"href":"https:\/\/stoic-curie.212-227-153-4.plesk.page\/de\/wp-json\/wp\/v2\/types\/product"}],"replies":[{"embeddable":true,"href":"https:\/\/stoic-curie.212-227-153-4.plesk.page\/de\/wp-json\/wp\/v2\/comments?post=736323"}],"version-history":[{"count":0,"href":"https:\/\/stoic-curie.212-227-153-4.plesk.page\/de\/wp-json\/wp\/v2\/product\/736323\/revisions"}],"wp:featuredmedia":[{"embeddable":true,"href":"https:\/\/stoic-curie.212-227-153-4.plesk.page\/de\/wp-json\/wp\/v2\/media\/5944572"}],"wp:attachment":[{"href":"https:\/\/stoic-curie.212-227-153-4.plesk.page\/de\/wp-json\/wp\/v2\/media?parent=736323"}],"wp:term":[{"taxonomy":"product_brand","embeddable":true,"href":"https:\/\/stoic-curie.212-227-153-4.plesk.page\/de\/wp-json\/wp\/v2\/product_brand?post=736323"},{"taxonomy":"product_cat","embeddable":true,"href":"https:\/\/stoic-curie.212-227-153-4.plesk.page\/de\/wp-json\/wp\/v2\/product_cat?post=736323"},{"taxonomy":"product_tag","embeddable":true,"href":"https:\/\/stoic-curie.212-227-153-4.plesk.page\/de\/wp-json\/wp\/v2\/product_tag?post=736323"}],"curies":[{"name":"wp","href":"https:\/\/api.w.org\/{rel}","templated":true}]}}