{"id":736353,"date":"2025-03-03T16:31:52","date_gmt":"2025-03-03T15:31:52","guid":{"rendered":"https:\/\/stoic-curie.212-227-153-4.plesk.page\/producto\/latzhose-helly-hansen-mandal-orange-groesse-xxl\/"},"modified":"2026-02-24T23:35:07","modified_gmt":"2026-02-24T23:35:07","slug":"latzhose-helly-hansen-mandal-orange-groesse-xxl","status":"publish","type":"product","link":"https:\/\/stoic-curie.212-227-153-4.plesk.page\/de\/product\/latzhose-helly-hansen-mandal-orange-groesse-xxl\/","title":{"rendered":"Latzhose Helly Hansen Mandal Orange &#8211; Gr\u00f6\u00dfe XXL"},"content":{"rendered":"<p>Latzhose Helly Hansen Mandal Orange &#8211; Gr\u00f6\u00dfe XXL &#8211; <\/p>\n<p>Helly Hansen Mandal Bib aus 410 g\/m2 Polyester mit PU-Beschichtung, ideal zum Schutz vor Wasser beim Angeln oder bei anderen Aktivit\u00e4ten an Bord oder auf dem Deck. Mit einer Vordertasche mit Rei\u00dfverschluss, verstellbaren elastischen Tr\u00e4gern und einer Bundverstellung mit Kn\u00f6pfen.<\/p>\n","protected":false},"excerpt":{"rendered":"<p>Latzhose Helly Hansen Mandal Orange &#8211; Gr\u00f6\u00dfe XXL &#8211; Helly Hansen Mandal Bib aus 410 g\/m2 Polyester mit PU-Beschichtung, ideal<\/p>\n","protected":false},"featured_media":5944595,"comment_status":"open","ping_status":"closed","template":"","meta":[],"product_brand":[3000],"product_cat":[1570],"product_tag":[],"class_list":{"0":"post-736353","1":"product","2":"type-product","3":"status-publish","4":"has-post-thumbnail","6":"product_brand-helly-hansen-de","7":"product_cat-nautische-bekleidung-helly-hansen","9":"first","10":"instock","11":"shipping-taxable","12":"purchasable","13":"product-type-simple"},"_links":{"self":[{"href":"https:\/\/stoic-curie.212-227-153-4.plesk.page\/de\/wp-json\/wp\/v2\/product\/736353","targetHints":{"allow":["GET"]}}],"collection":[{"href":"https:\/\/stoic-curie.212-227-153-4.plesk.page\/de\/wp-json\/wp\/v2\/product"}],"about":[{"href":"https:\/\/stoic-curie.212-227-153-4.plesk.page\/de\/wp-json\/wp\/v2\/types\/product"}],"replies":[{"embeddable":true,"href":"https:\/\/stoic-curie.212-227-153-4.plesk.page\/de\/wp-json\/wp\/v2\/comments?post=736353"}],"version-history":[{"count":0,"href":"https:\/\/stoic-curie.212-227-153-4.plesk.page\/de\/wp-json\/wp\/v2\/product\/736353\/revisions"}],"wp:featuredmedia":[{"embeddable":true,"href":"https:\/\/stoic-curie.212-227-153-4.plesk.page\/de\/wp-json\/wp\/v2\/media\/5944595"}],"wp:attachment":[{"href":"https:\/\/stoic-curie.212-227-153-4.plesk.page\/de\/wp-json\/wp\/v2\/media?parent=736353"}],"wp:term":[{"taxonomy":"product_brand","embeddable":true,"href":"https:\/\/stoic-curie.212-227-153-4.plesk.page\/de\/wp-json\/wp\/v2\/product_brand?post=736353"},{"taxonomy":"product_cat","embeddable":true,"href":"https:\/\/stoic-curie.212-227-153-4.plesk.page\/de\/wp-json\/wp\/v2\/product_cat?post=736353"},{"taxonomy":"product_tag","embeddable":true,"href":"https:\/\/stoic-curie.212-227-153-4.plesk.page\/de\/wp-json\/wp\/v2\/product_tag?post=736353"}],"curies":[{"name":"wp","href":"https:\/\/api.w.org\/{rel}","templated":true}]}}