{"id":736357,"date":"2025-03-03T16:31:53","date_gmt":"2025-03-03T15:31:53","guid":{"rendered":"https:\/\/stoic-curie.212-227-153-4.plesk.page\/producto\/latzhose-helly-hansen-pier-2-blau-groesse-xl\/"},"modified":"2026-02-24T23:35:07","modified_gmt":"2026-02-24T23:35:07","slug":"latzhose-helly-hansen-pier-2-blau-groesse-xl","status":"publish","type":"product","link":"https:\/\/stoic-curie.212-227-153-4.plesk.page\/de\/product\/latzhose-helly-hansen-pier-2-blau-groesse-xl\/","title":{"rendered":"Latzhose Helly Hansen Pier 2 Blau &#8211; Gr\u00f6\u00dfe XL"},"content":{"rendered":"<p>Latzhose Helly Hansen Pier 2 Blau &#8211; Gr\u00f6\u00dfe XL &#8211; <\/p>\n<p>Die Helly Hansen Pier 3.0 Hose ist ideal f\u00fcr alle K\u00fcsten- oder Bootsaktivit\u00e4ten. Sie besteht aus HellyTech Performance 2-lagigem Material, das eine dauerhafte Wasserabweisung (DWR) bietet und wasserdicht, winddicht sowie atmungsaktiv ist. Die Hose verf\u00fcgt \u00fcber vollst\u00e4ndig versiegelte N\u00e4hte, ein schnell trocknendes Netzfutter, Verst\u00e4rkungen an Sitz und Knien, einen hohen R\u00fccken mit verstellbaren Hosentr\u00e4gern, eine verstellbare Taille, einen beidseitigen Rei\u00dfverschluss vorne, eine Cargotasche, verstellbare Bein\u00f6ffnungen sowie ein ergonomisches Sitz- und Kniedesign.<\/p>\n","protected":false},"excerpt":{"rendered":"<p>Latzhose Helly Hansen Pier 2 Blau &#8211; Gr\u00f6\u00dfe XL &#8211; Die Helly Hansen Pier 3.0 Hose ist ideal f\u00fcr alle<\/p>\n","protected":false},"featured_media":5944597,"comment_status":"open","ping_status":"closed","template":"","meta":[],"product_brand":[3000],"product_cat":[1570],"product_tag":[],"class_list":{"0":"post-736357","1":"product","2":"type-product","3":"status-publish","4":"has-post-thumbnail","6":"product_brand-helly-hansen-de","7":"product_cat-nautische-bekleidung-helly-hansen","9":"first","10":"instock","11":"shipping-taxable","12":"purchasable","13":"product-type-simple"},"_links":{"self":[{"href":"https:\/\/stoic-curie.212-227-153-4.plesk.page\/de\/wp-json\/wp\/v2\/product\/736357","targetHints":{"allow":["GET"]}}],"collection":[{"href":"https:\/\/stoic-curie.212-227-153-4.plesk.page\/de\/wp-json\/wp\/v2\/product"}],"about":[{"href":"https:\/\/stoic-curie.212-227-153-4.plesk.page\/de\/wp-json\/wp\/v2\/types\/product"}],"replies":[{"embeddable":true,"href":"https:\/\/stoic-curie.212-227-153-4.plesk.page\/de\/wp-json\/wp\/v2\/comments?post=736357"}],"version-history":[{"count":0,"href":"https:\/\/stoic-curie.212-227-153-4.plesk.page\/de\/wp-json\/wp\/v2\/product\/736357\/revisions"}],"wp:featuredmedia":[{"embeddable":true,"href":"https:\/\/stoic-curie.212-227-153-4.plesk.page\/de\/wp-json\/wp\/v2\/media\/5944597"}],"wp:attachment":[{"href":"https:\/\/stoic-curie.212-227-153-4.plesk.page\/de\/wp-json\/wp\/v2\/media?parent=736357"}],"wp:term":[{"taxonomy":"product_brand","embeddable":true,"href":"https:\/\/stoic-curie.212-227-153-4.plesk.page\/de\/wp-json\/wp\/v2\/product_brand?post=736357"},{"taxonomy":"product_cat","embeddable":true,"href":"https:\/\/stoic-curie.212-227-153-4.plesk.page\/de\/wp-json\/wp\/v2\/product_cat?post=736357"},{"taxonomy":"product_tag","embeddable":true,"href":"https:\/\/stoic-curie.212-227-153-4.plesk.page\/de\/wp-json\/wp\/v2\/product_tag?post=736357"}],"curies":[{"name":"wp","href":"https:\/\/api.w.org\/{rel}","templated":true}]}}