{"id":736360,"date":"2025-03-03T16:31:54","date_gmt":"2025-03-03T15:31:54","guid":{"rendered":"https:\/\/stoic-curie.212-227-153-4.plesk.page\/producto\/marine-solarpanel-mit-rahmen-100-w-670-x-1020-x-h35-mm\/"},"modified":"2026-02-24T23:35:07","modified_gmt":"2026-02-24T23:35:07","slug":"marine-solarpanel-mit-rahmen-100-w-670-x-1020-x-h35-mm","status":"publish","type":"product","link":"https:\/\/stoic-curie.212-227-153-4.plesk.page\/de\/product\/marine-solarpanel-mit-rahmen-100-w-670-x-1020-x-h35-mm\/","title":{"rendered":"Marine Solarpanel mit Rahmen 100 W, 670 x 1020 x H35 mm"},"content":{"rendered":"<p>Marine Solarpanel mit Rahmen 100 W, 670 x 1020 x H35 mm &#8211; <\/p>\n<p>Leichte und robuste monokristalline starre Solarmodule. Das hochwertige, hochtransparente geh\u00e4rtete Glas bietet eine gute Sto\u00dffestigkeit. Das fortschrittliche EVA-Einschlusssystem mit dreischichtigem R\u00fcckblatt erf\u00fcllt die strengsten Sicherheitsanforderungen f\u00fcr den Hochvoltbetrieb. Der stabile eloxierte Aluminiumrahmen erm\u00f6glicht eine einfache Montage der Module mit einer Vielzahl von Montagesystemen. Wp = Nennleistung (W) Imp = Maximalstrom (A) Voc = Leerlaufspannung (V)<\/p>\n","protected":false},"excerpt":{"rendered":"<p>Marine Solarpanel mit Rahmen 100 W, 670 x 1020 x H35 mm &#8211; Leichte und robuste monokristalline starre Solarmodule. Das<\/p>\n","protected":false},"featured_media":5944600,"comment_status":"open","ping_status":"closed","template":"","meta":[],"product_brand":[2830],"product_cat":[1462],"product_tag":[],"class_list":{"0":"post-736360","1":"product","2":"type-product","3":"status-publish","4":"has-post-thumbnail","6":"product_brand-blue-sea-systems-de","7":"product_cat-solarpaneele","9":"first","10":"instock","11":"shipping-taxable","12":"purchasable","13":"product-type-simple"},"_links":{"self":[{"href":"https:\/\/stoic-curie.212-227-153-4.plesk.page\/de\/wp-json\/wp\/v2\/product\/736360","targetHints":{"allow":["GET"]}}],"collection":[{"href":"https:\/\/stoic-curie.212-227-153-4.plesk.page\/de\/wp-json\/wp\/v2\/product"}],"about":[{"href":"https:\/\/stoic-curie.212-227-153-4.plesk.page\/de\/wp-json\/wp\/v2\/types\/product"}],"replies":[{"embeddable":true,"href":"https:\/\/stoic-curie.212-227-153-4.plesk.page\/de\/wp-json\/wp\/v2\/comments?post=736360"}],"version-history":[{"count":0,"href":"https:\/\/stoic-curie.212-227-153-4.plesk.page\/de\/wp-json\/wp\/v2\/product\/736360\/revisions"}],"wp:featuredmedia":[{"embeddable":true,"href":"https:\/\/stoic-curie.212-227-153-4.plesk.page\/de\/wp-json\/wp\/v2\/media\/5944600"}],"wp:attachment":[{"href":"https:\/\/stoic-curie.212-227-153-4.plesk.page\/de\/wp-json\/wp\/v2\/media?parent=736360"}],"wp:term":[{"taxonomy":"product_brand","embeddable":true,"href":"https:\/\/stoic-curie.212-227-153-4.plesk.page\/de\/wp-json\/wp\/v2\/product_brand?post=736360"},{"taxonomy":"product_cat","embeddable":true,"href":"https:\/\/stoic-curie.212-227-153-4.plesk.page\/de\/wp-json\/wp\/v2\/product_cat?post=736360"},{"taxonomy":"product_tag","embeddable":true,"href":"https:\/\/stoic-curie.212-227-153-4.plesk.page\/de\/wp-json\/wp\/v2\/product_tag?post=736360"}],"curies":[{"name":"wp","href":"https:\/\/api.w.org\/{rel}","templated":true}]}}