{"id":736364,"date":"2025-03-03T16:31:54","date_gmt":"2025-03-03T15:31:54","guid":{"rendered":"https:\/\/stoic-curie.212-227-153-4.plesk.page\/producto\/tasche-helly-hansen-duffel-schwarz-90lt\/"},"modified":"2026-02-24T23:35:07","modified_gmt":"2026-02-24T23:35:07","slug":"tasche-helly-hansen-duffel-schwarz-90lt","status":"publish","type":"product","link":"https:\/\/stoic-curie.212-227-153-4.plesk.page\/de\/product\/tasche-helly-hansen-duffel-schwarz-90lt\/","title":{"rendered":"Tasche Helly Hansen Duffel Schwarz 90lt"},"content":{"rendered":"<p>Tasche Helly Hansen Duffel Schwarz 90lt &#8211; <\/p>\n<p>Helly Hansen Duffel Arbeits Tasche aus wasserdichtem Material, mit gro\u00dfem Hauptfach mit Rei\u00dfverschluss, einem gepolsterten Innenfach f\u00fcr den Laptop, einem Fach f\u00fcr das Erste-Hilfe-Set, einem externen Fach f\u00fcr Schuhe, Griffen mit gepolstertem Schultergurt und einem Halter f\u00fcr Ausweisdokumente.<\/p>\n","protected":false},"excerpt":{"rendered":"<p>Tasche Helly Hansen Duffel Schwarz 90lt &#8211; Helly Hansen Duffel Arbeits Tasche aus wasserdichtem Material, mit gro\u00dfem Hauptfach mit Rei\u00dfverschluss,<\/p>\n","protected":false},"featured_media":5944607,"comment_status":"open","ping_status":"closed","template":"","meta":[],"product_brand":[3000],"product_cat":[1570,1568],"product_tag":[],"class_list":{"0":"post-736364","1":"product","2":"type-product","3":"status-publish","4":"has-post-thumbnail","6":"product_brand-helly-hansen-de","7":"product_cat-nautische-bekleidung-helly-hansen","8":"product_cat-trockensaecke","10":"first","11":"instock","12":"shipping-taxable","13":"purchasable","14":"product-type-simple"},"_links":{"self":[{"href":"https:\/\/stoic-curie.212-227-153-4.plesk.page\/de\/wp-json\/wp\/v2\/product\/736364","targetHints":{"allow":["GET"]}}],"collection":[{"href":"https:\/\/stoic-curie.212-227-153-4.plesk.page\/de\/wp-json\/wp\/v2\/product"}],"about":[{"href":"https:\/\/stoic-curie.212-227-153-4.plesk.page\/de\/wp-json\/wp\/v2\/types\/product"}],"replies":[{"embeddable":true,"href":"https:\/\/stoic-curie.212-227-153-4.plesk.page\/de\/wp-json\/wp\/v2\/comments?post=736364"}],"version-history":[{"count":0,"href":"https:\/\/stoic-curie.212-227-153-4.plesk.page\/de\/wp-json\/wp\/v2\/product\/736364\/revisions"}],"wp:featuredmedia":[{"embeddable":true,"href":"https:\/\/stoic-curie.212-227-153-4.plesk.page\/de\/wp-json\/wp\/v2\/media\/5944607"}],"wp:attachment":[{"href":"https:\/\/stoic-curie.212-227-153-4.plesk.page\/de\/wp-json\/wp\/v2\/media?parent=736364"}],"wp:term":[{"taxonomy":"product_brand","embeddable":true,"href":"https:\/\/stoic-curie.212-227-153-4.plesk.page\/de\/wp-json\/wp\/v2\/product_brand?post=736364"},{"taxonomy":"product_cat","embeddable":true,"href":"https:\/\/stoic-curie.212-227-153-4.plesk.page\/de\/wp-json\/wp\/v2\/product_cat?post=736364"},{"taxonomy":"product_tag","embeddable":true,"href":"https:\/\/stoic-curie.212-227-153-4.plesk.page\/de\/wp-json\/wp\/v2\/product_tag?post=736364"}],"curies":[{"name":"wp","href":"https:\/\/api.w.org\/{rel}","templated":true}]}}