{"id":736365,"date":"2025-03-03T16:31:55","date_gmt":"2025-03-03T15:31:55","guid":{"rendered":"https:\/\/stoic-curie.212-227-153-4.plesk.page\/producto\/rucksack-helly-hansen-work-day-schwarz\/"},"modified":"2026-02-24T23:35:07","modified_gmt":"2026-02-24T23:35:07","slug":"rucksack-helly-hansen-work-day-schwarz","status":"publish","type":"product","link":"https:\/\/stoic-curie.212-227-153-4.plesk.page\/de\/product\/rucksack-helly-hansen-work-day-schwarz\/","title":{"rendered":"Rucksack Helly Hansen Work Day Schwarz"},"content":{"rendered":"<p>Rucksack Helly Hansen Work Day Schwarz &#8211; <\/p>\n<p>Helly Hansen Arbeitsrucksack aus wasserabweisendem Arbeitsmaterial mit einem Rei\u00dfverschluss-Hauptfach, einem gepolsterten Innenfach f\u00fcr Laptops, einer Flaschenhalterung, einem Fach f\u00fcr das Erste-Hilfe-Set, zwei Front- und zwei Seitentaschen, verschiedenen Werkzeugf\u00e4chern und einem D-Ring. Kompatible Gr\u00f6\u00dfen f\u00fcr Handgep\u00e4ck im Flugzeug.<\/p>\n","protected":false},"excerpt":{"rendered":"<p>Rucksack Helly Hansen Work Day Schwarz &#8211; Helly Hansen Arbeitsrucksack aus wasserabweisendem Arbeitsmaterial mit einem Rei\u00dfverschluss-Hauptfach, einem gepolsterten Innenfach f\u00fcr<\/p>\n","protected":false},"featured_media":5944610,"comment_status":"open","ping_status":"closed","template":"","meta":[],"product_brand":[3000],"product_cat":[1570,1568],"product_tag":[],"class_list":{"0":"post-736365","1":"product","2":"type-product","3":"status-publish","4":"has-post-thumbnail","6":"product_brand-helly-hansen-de","7":"product_cat-nautische-bekleidung-helly-hansen","8":"product_cat-trockensaecke","10":"first","11":"instock","12":"shipping-taxable","13":"purchasable","14":"product-type-simple"},"_links":{"self":[{"href":"https:\/\/stoic-curie.212-227-153-4.plesk.page\/de\/wp-json\/wp\/v2\/product\/736365","targetHints":{"allow":["GET"]}}],"collection":[{"href":"https:\/\/stoic-curie.212-227-153-4.plesk.page\/de\/wp-json\/wp\/v2\/product"}],"about":[{"href":"https:\/\/stoic-curie.212-227-153-4.plesk.page\/de\/wp-json\/wp\/v2\/types\/product"}],"replies":[{"embeddable":true,"href":"https:\/\/stoic-curie.212-227-153-4.plesk.page\/de\/wp-json\/wp\/v2\/comments?post=736365"}],"version-history":[{"count":0,"href":"https:\/\/stoic-curie.212-227-153-4.plesk.page\/de\/wp-json\/wp\/v2\/product\/736365\/revisions"}],"wp:featuredmedia":[{"embeddable":true,"href":"https:\/\/stoic-curie.212-227-153-4.plesk.page\/de\/wp-json\/wp\/v2\/media\/5944610"}],"wp:attachment":[{"href":"https:\/\/stoic-curie.212-227-153-4.plesk.page\/de\/wp-json\/wp\/v2\/media?parent=736365"}],"wp:term":[{"taxonomy":"product_brand","embeddable":true,"href":"https:\/\/stoic-curie.212-227-153-4.plesk.page\/de\/wp-json\/wp\/v2\/product_brand?post=736365"},{"taxonomy":"product_cat","embeddable":true,"href":"https:\/\/stoic-curie.212-227-153-4.plesk.page\/de\/wp-json\/wp\/v2\/product_cat?post=736365"},{"taxonomy":"product_tag","embeddable":true,"href":"https:\/\/stoic-curie.212-227-153-4.plesk.page\/de\/wp-json\/wp\/v2\/product_tag?post=736365"}],"curies":[{"name":"wp","href":"https:\/\/api.w.org\/{rel}","templated":true}]}}