{"id":736373,"date":"2025-03-03T16:31:56","date_gmt":"2025-03-03T15:31:56","guid":{"rendered":"https:\/\/stoic-curie.212-227-153-4.plesk.page\/producto\/latzhose-helly-hansen-mandal-orange-groesse-xxxl\/"},"modified":"2026-02-24T23:35:07","modified_gmt":"2026-02-24T23:35:07","slug":"latzhose-helly-hansen-mandal-orange-groesse-xxxl","status":"publish","type":"product","link":"https:\/\/stoic-curie.212-227-153-4.plesk.page\/de\/product\/latzhose-helly-hansen-mandal-orange-groesse-xxxl\/","title":{"rendered":"Latzhose Helly Hansen Mandal Orange &#8211; Gr\u00f6\u00dfe XXXL"},"content":{"rendered":"<p>Latzhose Helly Hansen Mandal Orange &#8211; Gr\u00f6\u00dfe XXXL &#8211; <\/p>\n<p>Die Helly Hansen Mandal Bib besteht aus einem 410 g\/m2 Polyestergewebe mit PU-Beschichtung, das ideal zum Schutz vor Wasser beim Angeln oder anderen Aktivit\u00e4ten an Bord oder auf dem Deck ist. Sie verf\u00fcgt \u00fcber eine innere Fronttasche mit Rei\u00dfverschluss, verstellbare elastische Tr\u00e4ger und eine Bundverstellung mit Kn\u00f6pfen.<\/p>\n","protected":false},"excerpt":{"rendered":"<p>Latzhose Helly Hansen Mandal Orange &#8211; Gr\u00f6\u00dfe XXXL &#8211; Die Helly Hansen Mandal Bib besteht aus einem 410 g\/m2 Polyestergewebe<\/p>\n","protected":false},"featured_media":5944595,"comment_status":"open","ping_status":"closed","template":"","meta":[],"product_brand":[3000],"product_cat":[1570],"product_tag":[],"class_list":{"0":"post-736373","1":"product","2":"type-product","3":"status-publish","4":"has-post-thumbnail","6":"product_brand-helly-hansen-de","7":"product_cat-nautische-bekleidung-helly-hansen","9":"first","10":"instock","11":"shipping-taxable","12":"purchasable","13":"product-type-simple"},"_links":{"self":[{"href":"https:\/\/stoic-curie.212-227-153-4.plesk.page\/de\/wp-json\/wp\/v2\/product\/736373","targetHints":{"allow":["GET"]}}],"collection":[{"href":"https:\/\/stoic-curie.212-227-153-4.plesk.page\/de\/wp-json\/wp\/v2\/product"}],"about":[{"href":"https:\/\/stoic-curie.212-227-153-4.plesk.page\/de\/wp-json\/wp\/v2\/types\/product"}],"replies":[{"embeddable":true,"href":"https:\/\/stoic-curie.212-227-153-4.plesk.page\/de\/wp-json\/wp\/v2\/comments?post=736373"}],"version-history":[{"count":0,"href":"https:\/\/stoic-curie.212-227-153-4.plesk.page\/de\/wp-json\/wp\/v2\/product\/736373\/revisions"}],"wp:featuredmedia":[{"embeddable":true,"href":"https:\/\/stoic-curie.212-227-153-4.plesk.page\/de\/wp-json\/wp\/v2\/media\/5944595"}],"wp:attachment":[{"href":"https:\/\/stoic-curie.212-227-153-4.plesk.page\/de\/wp-json\/wp\/v2\/media?parent=736373"}],"wp:term":[{"taxonomy":"product_brand","embeddable":true,"href":"https:\/\/stoic-curie.212-227-153-4.plesk.page\/de\/wp-json\/wp\/v2\/product_brand?post=736373"},{"taxonomy":"product_cat","embeddable":true,"href":"https:\/\/stoic-curie.212-227-153-4.plesk.page\/de\/wp-json\/wp\/v2\/product_cat?post=736373"},{"taxonomy":"product_tag","embeddable":true,"href":"https:\/\/stoic-curie.212-227-153-4.plesk.page\/de\/wp-json\/wp\/v2\/product_tag?post=736373"}],"curies":[{"name":"wp","href":"https:\/\/api.w.org\/{rel}","templated":true}]}}