{"id":736374,"date":"2025-03-03T16:31:56","date_gmt":"2025-03-03T15:31:56","guid":{"rendered":"https:\/\/stoic-curie.212-227-153-4.plesk.page\/producto\/solmax-windgenerator-90w-12v\/"},"modified":"2026-02-24T23:35:07","modified_gmt":"2026-02-24T23:35:07","slug":"solmax-windgenerator-90w-12v","status":"publish","type":"product","link":"https:\/\/stoic-curie.212-227-153-4.plesk.page\/de\/product\/solmax-windgenerator-90w-12v\/","title":{"rendered":"Solmax Windgenerator 90W 12V"},"content":{"rendered":"<p>Solmax Windgenerator 90W 12V &#8211; <\/p>\n<p>12V-Windgenerator inklusive integriertem Ladeger\u00e4t, das eine direkte Verbindung zur Batterie erm\u00f6glicht. IP65 Polymergeh\u00e4use mit 45 mm Rohranschluss. Verst\u00e4rkte Fiberglasbl\u00e4tter, die bei voller Leistung 90W Leistung entwickeln und in einem Windgeschwindigkeitsbereich von 3.6120 km\/h arbeiten.<\/p>\n","protected":false},"excerpt":{"rendered":"<p>Solmax Windgenerator 90W 12V &#8211; 12V-Windgenerator inklusive integriertem Ladeger\u00e4t, das eine direkte Verbindung zur Batterie erm\u00f6glicht. IP65 Polymergeh\u00e4use mit 45<\/p>\n","protected":false},"featured_media":5944612,"comment_status":"open","ping_status":"closed","template":"","meta":[],"product_brand":[2830],"product_cat":[1441,1462],"product_tag":[],"class_list":{"0":"post-736374","1":"product","2":"type-product","3":"status-publish","4":"has-post-thumbnail","6":"product_brand-blue-sea-systems-de","7":"product_cat-marine-generatoren","8":"product_cat-solarpaneele","10":"first","11":"instock","12":"shipping-taxable","13":"purchasable","14":"product-type-simple"},"_links":{"self":[{"href":"https:\/\/stoic-curie.212-227-153-4.plesk.page\/de\/wp-json\/wp\/v2\/product\/736374","targetHints":{"allow":["GET"]}}],"collection":[{"href":"https:\/\/stoic-curie.212-227-153-4.plesk.page\/de\/wp-json\/wp\/v2\/product"}],"about":[{"href":"https:\/\/stoic-curie.212-227-153-4.plesk.page\/de\/wp-json\/wp\/v2\/types\/product"}],"replies":[{"embeddable":true,"href":"https:\/\/stoic-curie.212-227-153-4.plesk.page\/de\/wp-json\/wp\/v2\/comments?post=736374"}],"version-history":[{"count":0,"href":"https:\/\/stoic-curie.212-227-153-4.plesk.page\/de\/wp-json\/wp\/v2\/product\/736374\/revisions"}],"wp:featuredmedia":[{"embeddable":true,"href":"https:\/\/stoic-curie.212-227-153-4.plesk.page\/de\/wp-json\/wp\/v2\/media\/5944612"}],"wp:attachment":[{"href":"https:\/\/stoic-curie.212-227-153-4.plesk.page\/de\/wp-json\/wp\/v2\/media?parent=736374"}],"wp:term":[{"taxonomy":"product_brand","embeddable":true,"href":"https:\/\/stoic-curie.212-227-153-4.plesk.page\/de\/wp-json\/wp\/v2\/product_brand?post=736374"},{"taxonomy":"product_cat","embeddable":true,"href":"https:\/\/stoic-curie.212-227-153-4.plesk.page\/de\/wp-json\/wp\/v2\/product_cat?post=736374"},{"taxonomy":"product_tag","embeddable":true,"href":"https:\/\/stoic-curie.212-227-153-4.plesk.page\/de\/wp-json\/wp\/v2\/product_tag?post=736374"}],"curies":[{"name":"wp","href":"https:\/\/api.w.org\/{rel}","templated":true}]}}