{"id":736375,"date":"2025-03-03T16:31:57","date_gmt":"2025-03-03T15:31:57","guid":{"rendered":"https:\/\/stoic-curie.212-227-153-4.plesk.page\/producto\/set-6-stueck-magnetische-trinkglaeser-82-x-h100-mm\/"},"modified":"2026-02-24T23:35:07","modified_gmt":"2026-02-24T23:35:07","slug":"set-6-stueck-magnetische-trinkglaeser-82-x-h100-mm","status":"publish","type":"product","link":"https:\/\/stoic-curie.212-227-153-4.plesk.page\/de\/product\/set-6-stueck-magnetische-trinkglaeser-82-x-h100-mm\/","title":{"rendered":"Set 6 St\u00fcck Magnetische Trinkgl\u00e4ser (82 x H100 mm)"},"content":{"rendered":"<p>Set 6 St\u00fcck Magnetische Trinkgl\u00e4ser (82 x H100 mm) &#8211; <\/p>\n<p>Elegante Silwy-Trinkbecher mit integrierten Magneten im Boden, die sie selbst bei rauer See an ihrem Platz halten. Hergestellt aus robustem, bruchsicherem, hochtransparentem, zertifiziertem und getesteten Lebensmittelkunststoff. Perfektes Kr\u00e4fteverh\u00e4ltnis zwischen Untersetzer und magnetischem Trinkbecher. Metallische Nano-Gel-Untersetzer k\u00f6nnen r\u00fcckstandslos entfernt, dauerhaft verwendet und auf allen Oberfl\u00e4chen haftend verwendet werden. Geliefert als Set von 6 Bechern inklusive metallischen Gel-Untersetzern.<\/p>\n","protected":false},"excerpt":{"rendered":"<p>Set 6 St\u00fcck Magnetische Trinkgl\u00e4ser (82 x H100 mm) &#8211; Elegante Silwy-Trinkbecher mit integrierten Magneten im Boden, die sie selbst<\/p>\n","protected":false},"featured_media":5944630,"comment_status":"open","ping_status":"closed","template":"","meta":[],"product_brand":[3110],"product_cat":[1358],"product_tag":[],"class_list":{"0":"post-736375","1":"product","2":"type-product","3":"status-publish","4":"has-post-thumbnail","6":"product_brand-marine-business-mb-de","7":"product_cat-bootsgeschirr","9":"first","10":"instock","11":"shipping-taxable","12":"purchasable","13":"product-type-simple"},"_links":{"self":[{"href":"https:\/\/stoic-curie.212-227-153-4.plesk.page\/de\/wp-json\/wp\/v2\/product\/736375","targetHints":{"allow":["GET"]}}],"collection":[{"href":"https:\/\/stoic-curie.212-227-153-4.plesk.page\/de\/wp-json\/wp\/v2\/product"}],"about":[{"href":"https:\/\/stoic-curie.212-227-153-4.plesk.page\/de\/wp-json\/wp\/v2\/types\/product"}],"replies":[{"embeddable":true,"href":"https:\/\/stoic-curie.212-227-153-4.plesk.page\/de\/wp-json\/wp\/v2\/comments?post=736375"}],"version-history":[{"count":0,"href":"https:\/\/stoic-curie.212-227-153-4.plesk.page\/de\/wp-json\/wp\/v2\/product\/736375\/revisions"}],"wp:featuredmedia":[{"embeddable":true,"href":"https:\/\/stoic-curie.212-227-153-4.plesk.page\/de\/wp-json\/wp\/v2\/media\/5944630"}],"wp:attachment":[{"href":"https:\/\/stoic-curie.212-227-153-4.plesk.page\/de\/wp-json\/wp\/v2\/media?parent=736375"}],"wp:term":[{"taxonomy":"product_brand","embeddable":true,"href":"https:\/\/stoic-curie.212-227-153-4.plesk.page\/de\/wp-json\/wp\/v2\/product_brand?post=736375"},{"taxonomy":"product_cat","embeddable":true,"href":"https:\/\/stoic-curie.212-227-153-4.plesk.page\/de\/wp-json\/wp\/v2\/product_cat?post=736375"},{"taxonomy":"product_tag","embeddable":true,"href":"https:\/\/stoic-curie.212-227-153-4.plesk.page\/de\/wp-json\/wp\/v2\/product_tag?post=736375"}],"curies":[{"name":"wp","href":"https:\/\/api.w.org\/{rel}","templated":true}]}}