{"id":736378,"date":"2025-03-03T16:31:57","date_gmt":"2025-03-03T15:31:57","guid":{"rendered":"https:\/\/stoic-curie.212-227-153-4.plesk.page\/producto\/paar-magnetische-bierglaeser-74-x-h217mm\/"},"modified":"2026-02-24T23:35:07","modified_gmt":"2026-02-24T23:35:07","slug":"paar-magnetische-bierglaeser-74-x-h217mm","status":"publish","type":"product","link":"https:\/\/stoic-curie.212-227-153-4.plesk.page\/de\/product\/paar-magnetische-bierglaeser-74-x-h217mm\/","title":{"rendered":"Paar magnetische Biergl\u00e4ser 74 x H217mm"},"content":{"rendered":"<p>Paar magnetische Biergl\u00e4ser 74 x H217mm &#8211; <\/p>\n<p>Elegante Silwy Kristallglas-Biergl\u00e4ser mit integrierten Magneten im Boden, die sie selbst bei rauer See stabil halten. Perfektes Kraftverh\u00e4ltnis zwischen Untersetzer und magnetischem Trinkbecher. Metallische Nano-Gel-Untersetzer sind r\u00fcckstandslos abnehmbar, k\u00f6nnen dauerhaft verwendet werden und haften auf allen Oberfl\u00e4chen. Geliefert im Set mit 2 Bechern einschlie\u00dflich metallischer Gel-Untersetzer.<\/p>\n","protected":false},"excerpt":{"rendered":"<p>Paar magnetische Biergl\u00e4ser 74 x H217mm &#8211; Elegante Silwy Kristallglas-Biergl\u00e4ser mit integrierten Magneten im Boden, die sie selbst bei rauer<\/p>\n","protected":false},"featured_media":5944640,"comment_status":"open","ping_status":"closed","template":"","meta":[],"product_brand":[3110],"product_cat":[1358],"product_tag":[],"class_list":{"0":"post-736378","1":"product","2":"type-product","3":"status-publish","4":"has-post-thumbnail","6":"product_brand-marine-business-mb-de","7":"product_cat-bootsgeschirr","9":"first","10":"instock","11":"shipping-taxable","12":"purchasable","13":"product-type-simple"},"_links":{"self":[{"href":"https:\/\/stoic-curie.212-227-153-4.plesk.page\/de\/wp-json\/wp\/v2\/product\/736378","targetHints":{"allow":["GET"]}}],"collection":[{"href":"https:\/\/stoic-curie.212-227-153-4.plesk.page\/de\/wp-json\/wp\/v2\/product"}],"about":[{"href":"https:\/\/stoic-curie.212-227-153-4.plesk.page\/de\/wp-json\/wp\/v2\/types\/product"}],"replies":[{"embeddable":true,"href":"https:\/\/stoic-curie.212-227-153-4.plesk.page\/de\/wp-json\/wp\/v2\/comments?post=736378"}],"version-history":[{"count":0,"href":"https:\/\/stoic-curie.212-227-153-4.plesk.page\/de\/wp-json\/wp\/v2\/product\/736378\/revisions"}],"wp:featuredmedia":[{"embeddable":true,"href":"https:\/\/stoic-curie.212-227-153-4.plesk.page\/de\/wp-json\/wp\/v2\/media\/5944640"}],"wp:attachment":[{"href":"https:\/\/stoic-curie.212-227-153-4.plesk.page\/de\/wp-json\/wp\/v2\/media?parent=736378"}],"wp:term":[{"taxonomy":"product_brand","embeddable":true,"href":"https:\/\/stoic-curie.212-227-153-4.plesk.page\/de\/wp-json\/wp\/v2\/product_brand?post=736378"},{"taxonomy":"product_cat","embeddable":true,"href":"https:\/\/stoic-curie.212-227-153-4.plesk.page\/de\/wp-json\/wp\/v2\/product_cat?post=736378"},{"taxonomy":"product_tag","embeddable":true,"href":"https:\/\/stoic-curie.212-227-153-4.plesk.page\/de\/wp-json\/wp\/v2\/product_tag?post=736378"}],"curies":[{"name":"wp","href":"https:\/\/api.w.org\/{rel}","templated":true}]}}