{"id":736384,"date":"2025-03-03T16:31:58","date_gmt":"2025-03-03T15:31:58","guid":{"rendered":"https:\/\/stoic-curie.212-227-153-4.plesk.page\/producto\/jobe-infinity-stossfaenger-abmessungen-60-x-45-x-43-cm\/"},"modified":"2026-02-24T23:35:07","modified_gmt":"2026-02-24T23:35:07","slug":"jobe-infinity-stossfaenger-abmessungen-60-x-45-x-43-cm","status":"publish","type":"product","link":"https:\/\/stoic-curie.212-227-153-4.plesk.page\/de\/product\/jobe-infinity-stossfaenger-abmessungen-60-x-45-x-43-cm\/","title":{"rendered":"Jobe Infinity Sto\u00dff\u00e4nger, Abmessungen: 60 x 45 x 43 cm"},"content":{"rendered":"<p>Jobe Infinity Sto\u00dff\u00e4nger, Abmessungen: 60 x 45 x 43 cm &#8211; <\/p>\n<p>Der aus EVA gefertigte Jobe Infinity Bumper sch\u00fctzt den Infinity Pool (3020308) und die Infinity Island (3020312) vor m\u00f6glichen Sch\u00e4den. Er sorgt auch daf\u00fcr, dass die Plattform der Infinity Island nicht unter dem Heckdashboard h\u00e4ngen bleibt. Es wird empfohlen, mindestens zwei Bumper zu verwenden.<\/p>\n","protected":false},"excerpt":{"rendered":"<p>Jobe Infinity Sto\u00dff\u00e4nger, Abmessungen: 60 x 45 x 43 cm &#8211; Der aus EVA gefertigte Jobe Infinity Bumper sch\u00fctzt den<\/p>\n","protected":false},"featured_media":5944658,"comment_status":"open","ping_status":"closed","template":"","meta":[],"product_brand":[3040],"product_cat":[1559],"product_tag":[],"class_list":{"0":"post-736384","1":"product","2":"type-product","3":"status-publish","4":"has-post-thumbnail","6":"product_brand-jobe-sports-de","7":"product_cat-wasserski-zubehoer","9":"first","10":"instock","11":"shipping-taxable","12":"purchasable","13":"product-type-simple"},"_links":{"self":[{"href":"https:\/\/stoic-curie.212-227-153-4.plesk.page\/de\/wp-json\/wp\/v2\/product\/736384","targetHints":{"allow":["GET"]}}],"collection":[{"href":"https:\/\/stoic-curie.212-227-153-4.plesk.page\/de\/wp-json\/wp\/v2\/product"}],"about":[{"href":"https:\/\/stoic-curie.212-227-153-4.plesk.page\/de\/wp-json\/wp\/v2\/types\/product"}],"replies":[{"embeddable":true,"href":"https:\/\/stoic-curie.212-227-153-4.plesk.page\/de\/wp-json\/wp\/v2\/comments?post=736384"}],"version-history":[{"count":0,"href":"https:\/\/stoic-curie.212-227-153-4.plesk.page\/de\/wp-json\/wp\/v2\/product\/736384\/revisions"}],"wp:featuredmedia":[{"embeddable":true,"href":"https:\/\/stoic-curie.212-227-153-4.plesk.page\/de\/wp-json\/wp\/v2\/media\/5944658"}],"wp:attachment":[{"href":"https:\/\/stoic-curie.212-227-153-4.plesk.page\/de\/wp-json\/wp\/v2\/media?parent=736384"}],"wp:term":[{"taxonomy":"product_brand","embeddable":true,"href":"https:\/\/stoic-curie.212-227-153-4.plesk.page\/de\/wp-json\/wp\/v2\/product_brand?post=736384"},{"taxonomy":"product_cat","embeddable":true,"href":"https:\/\/stoic-curie.212-227-153-4.plesk.page\/de\/wp-json\/wp\/v2\/product_cat?post=736384"},{"taxonomy":"product_tag","embeddable":true,"href":"https:\/\/stoic-curie.212-227-153-4.plesk.page\/de\/wp-json\/wp\/v2\/product_tag?post=736384"}],"curies":[{"name":"wp","href":"https:\/\/api.w.org\/{rel}","templated":true}]}}