{"id":736394,"date":"2025-03-03T16:32:00","date_gmt":"2025-03-03T15:32:00","guid":{"rendered":"https:\/\/stoic-curie.212-227-153-4.plesk.page\/producto\/fussschalter-auf-ab-12-24v-edelstahl-weiss-paar\/"},"modified":"2026-02-24T23:35:07","modified_gmt":"2026-02-24T23:35:07","slug":"fussschalter-auf-ab-12-24v-edelstahl-weiss-paar","status":"publish","type":"product","link":"https:\/\/stoic-curie.212-227-153-4.plesk.page\/de\/product\/fussschalter-auf-ab-12-24v-edelstahl-weiss-paar\/","title":{"rendered":"Fu\u00dfschalter Auf-Ab 12\/24V Edelstahl Wei\u00df Paar"},"content":{"rendered":"<p>Fu\u00dfschalter Auf-Ab 12\/24V Edelstahl Wei\u00df Paar &#8211; <\/p>\n<p>Auf- und Abw\u00e4rts Fu\u00dfschalterpaar f\u00fcr 12\/24V mit Geh\u00e4use und Abdeckung aus Edelstahl.<\/p>\n","protected":false},"excerpt":{"rendered":"<p>Fu\u00dfschalter Auf-Ab 12\/24V Edelstahl Wei\u00df Paar &#8211; Auf- und Abw\u00e4rts Fu\u00dfschalterpaar f\u00fcr 12\/24V mit Geh\u00e4use und Abdeckung aus Edelstahl.<\/p>\n","protected":false},"featured_media":5944667,"comment_status":"open","ping_status":"closed","template":"","meta":[],"product_brand":[3280],"product_cat":[1324],"product_tag":[],"class_list":{"0":"post-736394","1":"product","2":"type-product","3":"status-publish","4":"has-post-thumbnail","6":"product_brand-quick-de","7":"product_cat-ankerwinden-quick","9":"first","10":"instock","11":"shipping-taxable","12":"purchasable","13":"product-type-simple"},"_links":{"self":[{"href":"https:\/\/stoic-curie.212-227-153-4.plesk.page\/de\/wp-json\/wp\/v2\/product\/736394","targetHints":{"allow":["GET"]}}],"collection":[{"href":"https:\/\/stoic-curie.212-227-153-4.plesk.page\/de\/wp-json\/wp\/v2\/product"}],"about":[{"href":"https:\/\/stoic-curie.212-227-153-4.plesk.page\/de\/wp-json\/wp\/v2\/types\/product"}],"replies":[{"embeddable":true,"href":"https:\/\/stoic-curie.212-227-153-4.plesk.page\/de\/wp-json\/wp\/v2\/comments?post=736394"}],"version-history":[{"count":0,"href":"https:\/\/stoic-curie.212-227-153-4.plesk.page\/de\/wp-json\/wp\/v2\/product\/736394\/revisions"}],"wp:featuredmedia":[{"embeddable":true,"href":"https:\/\/stoic-curie.212-227-153-4.plesk.page\/de\/wp-json\/wp\/v2\/media\/5944667"}],"wp:attachment":[{"href":"https:\/\/stoic-curie.212-227-153-4.plesk.page\/de\/wp-json\/wp\/v2\/media?parent=736394"}],"wp:term":[{"taxonomy":"product_brand","embeddable":true,"href":"https:\/\/stoic-curie.212-227-153-4.plesk.page\/de\/wp-json\/wp\/v2\/product_brand?post=736394"},{"taxonomy":"product_cat","embeddable":true,"href":"https:\/\/stoic-curie.212-227-153-4.plesk.page\/de\/wp-json\/wp\/v2\/product_cat?post=736394"},{"taxonomy":"product_tag","embeddable":true,"href":"https:\/\/stoic-curie.212-227-153-4.plesk.page\/de\/wp-json\/wp\/v2\/product_tag?post=736394"}],"curies":[{"name":"wp","href":"https:\/\/api.w.org\/{rel}","templated":true}]}}