{"id":736399,"date":"2025-03-03T16:32:02","date_gmt":"2025-03-03T15:32:02","guid":{"rendered":"https:\/\/stoic-curie.212-227-153-4.plesk.page\/producto\/manuelle-winde-mit-seil-76-m-1130-kg\/"},"modified":"2026-02-24T23:35:07","modified_gmt":"2026-02-24T23:35:07","slug":"manuelle-winde-mit-seil-76-m-1130-kg","status":"publish","type":"product","link":"https:\/\/stoic-curie.212-227-153-4.plesk.page\/de\/product\/manuelle-winde-mit-seil-76-m-1130-kg\/","title":{"rendered":"Manuelle Winde mit Seil 7,6 m, 1130 kg"},"content":{"rendered":"<p>Manuelle Winde mit Seil 7,6 m, 1130 kg &#8211; <\/p>\n<p>Lackierter Stahl-Handwinde komplett mit 7,6 m Kabel und Haken f\u00fcr ein einfaches Bootziehen. Maximal zul\u00e4ssige Last in kg: Gewichtslimit, das die Winde bei horizontalem Ziehen mit optimalem Gleiten unterst\u00fctzen kann. Bei schr\u00e4gen Lasten wird empfohlen, ein Drittel des Gewichtslimits nicht zu \u00fcberschreiten.<\/p>\n","protected":false},"excerpt":{"rendered":"<p>Manuelle Winde mit Seil 7,6 m, 1130 kg &#8211; Lackierter Stahl-Handwinde komplett mit 7,6 m Kabel und Haken f\u00fcr ein<\/p>\n","protected":false},"featured_media":5944672,"comment_status":"open","ping_status":"closed","template":"","meta":[],"product_brand":[2890],"product_cat":[1547],"product_tag":[],"class_list":{"0":"post-736399","1":"product","2":"type-product","3":"status-publish","4":"has-post-thumbnail","6":"product_brand-domar-de","7":"product_cat-anhaengerwinden","9":"first","10":"instock","11":"shipping-taxable","12":"purchasable","13":"product-type-simple"},"_links":{"self":[{"href":"https:\/\/stoic-curie.212-227-153-4.plesk.page\/de\/wp-json\/wp\/v2\/product\/736399","targetHints":{"allow":["GET"]}}],"collection":[{"href":"https:\/\/stoic-curie.212-227-153-4.plesk.page\/de\/wp-json\/wp\/v2\/product"}],"about":[{"href":"https:\/\/stoic-curie.212-227-153-4.plesk.page\/de\/wp-json\/wp\/v2\/types\/product"}],"replies":[{"embeddable":true,"href":"https:\/\/stoic-curie.212-227-153-4.plesk.page\/de\/wp-json\/wp\/v2\/comments?post=736399"}],"version-history":[{"count":0,"href":"https:\/\/stoic-curie.212-227-153-4.plesk.page\/de\/wp-json\/wp\/v2\/product\/736399\/revisions"}],"wp:featuredmedia":[{"embeddable":true,"href":"https:\/\/stoic-curie.212-227-153-4.plesk.page\/de\/wp-json\/wp\/v2\/media\/5944672"}],"wp:attachment":[{"href":"https:\/\/stoic-curie.212-227-153-4.plesk.page\/de\/wp-json\/wp\/v2\/media?parent=736399"}],"wp:term":[{"taxonomy":"product_brand","embeddable":true,"href":"https:\/\/stoic-curie.212-227-153-4.plesk.page\/de\/wp-json\/wp\/v2\/product_brand?post=736399"},{"taxonomy":"product_cat","embeddable":true,"href":"https:\/\/stoic-curie.212-227-153-4.plesk.page\/de\/wp-json\/wp\/v2\/product_cat?post=736399"},{"taxonomy":"product_tag","embeddable":true,"href":"https:\/\/stoic-curie.212-227-153-4.plesk.page\/de\/wp-json\/wp\/v2\/product_tag?post=736399"}],"curies":[{"name":"wp","href":"https:\/\/api.w.org\/{rel}","templated":true}]}}