{"id":736404,"date":"2025-03-03T16:32:03","date_gmt":"2025-03-03T15:32:03","guid":{"rendered":"https:\/\/stoic-curie.212-227-153-4.plesk.page\/producto\/paar-lautsprecher-fusion-xs-fl40cwb\/"},"modified":"2026-02-24T23:35:07","modified_gmt":"2026-02-24T23:35:07","slug":"paar-lautsprecher-fusion-xs-fl40cwb","status":"publish","type":"product","link":"https:\/\/stoic-curie.212-227-153-4.plesk.page\/de\/product\/paar-lautsprecher-fusion-xs-fl40cwb\/","title":{"rendered":"Paar Lautsprecher Fusion Xs-fl40cwb"},"content":{"rendered":"<p>Paar Lautsprecher Fusion Xs-fl40cwb &#8211; <\/p>\n<p>IP65 wasserdichte 2-Wege Fusion XS Marine-Lautsprecher. Gebogene Membrantechnologie mit Aluminium-Dome-Hocht\u00f6ner. In wei\u00dfem und schwarzem Gitter erh\u00e4ltlich. Verkauft im Paar.<\/p>\n","protected":false},"excerpt":{"rendered":"<p>Paar Lautsprecher Fusion Xs-fl40cwb &#8211; IP65 wasserdichte 2-Wege Fusion XS Marine-Lautsprecher. Gebogene Membrantechnologie mit Aluminium-Dome-Hocht\u00f6ner. In wei\u00dfem und schwarzem Gitter<\/p>\n","protected":false},"featured_media":5944676,"comment_status":"open","ping_status":"closed","template":"","meta":[],"product_brand":[2960],"product_cat":[1446],"product_tag":[],"class_list":{"0":"post-736404","1":"product","2":"type-product","3":"status-publish","4":"has-post-thumbnail","6":"product_brand-fusion-de","7":"product_cat-stereoanlage-und-lautsprecher","9":"first","10":"instock","11":"shipping-taxable","12":"purchasable","13":"product-type-simple"},"_links":{"self":[{"href":"https:\/\/stoic-curie.212-227-153-4.plesk.page\/de\/wp-json\/wp\/v2\/product\/736404","targetHints":{"allow":["GET"]}}],"collection":[{"href":"https:\/\/stoic-curie.212-227-153-4.plesk.page\/de\/wp-json\/wp\/v2\/product"}],"about":[{"href":"https:\/\/stoic-curie.212-227-153-4.plesk.page\/de\/wp-json\/wp\/v2\/types\/product"}],"replies":[{"embeddable":true,"href":"https:\/\/stoic-curie.212-227-153-4.plesk.page\/de\/wp-json\/wp\/v2\/comments?post=736404"}],"version-history":[{"count":0,"href":"https:\/\/stoic-curie.212-227-153-4.plesk.page\/de\/wp-json\/wp\/v2\/product\/736404\/revisions"}],"wp:featuredmedia":[{"embeddable":true,"href":"https:\/\/stoic-curie.212-227-153-4.plesk.page\/de\/wp-json\/wp\/v2\/media\/5944676"}],"wp:attachment":[{"href":"https:\/\/stoic-curie.212-227-153-4.plesk.page\/de\/wp-json\/wp\/v2\/media?parent=736404"}],"wp:term":[{"taxonomy":"product_brand","embeddable":true,"href":"https:\/\/stoic-curie.212-227-153-4.plesk.page\/de\/wp-json\/wp\/v2\/product_brand?post=736404"},{"taxonomy":"product_cat","embeddable":true,"href":"https:\/\/stoic-curie.212-227-153-4.plesk.page\/de\/wp-json\/wp\/v2\/product_cat?post=736404"},{"taxonomy":"product_tag","embeddable":true,"href":"https:\/\/stoic-curie.212-227-153-4.plesk.page\/de\/wp-json\/wp\/v2\/product_tag?post=736404"}],"curies":[{"name":"wp","href":"https:\/\/api.w.org\/{rel}","templated":true}]}}