{"id":736416,"date":"2025-03-03T16:32:06","date_gmt":"2025-03-03T15:32:06","guid":{"rendered":"https:\/\/stoic-curie.212-227-153-4.plesk.page\/producto\/luken-vom-typ-g-rund-groesse-22-aluminium\/"},"modified":"2026-02-24T23:35:07","modified_gmt":"2026-02-24T23:35:07","slug":"luken-vom-typ-g-rund-groesse-22-aluminium","status":"publish","type":"product","link":"https:\/\/stoic-curie.212-227-153-4.plesk.page\/de\/product\/luken-vom-typ-g-rund-groesse-22-aluminium\/","title":{"rendered":"Luken vom Typ G rund Gr\u00f6\u00dfe 22 Aluminium"},"content":{"rendered":"<p>Luken vom Typ G rund Gr\u00f6\u00dfe 22 Aluminium &#8211; <\/p>\n<p>Anodisiertem Aluminium runder Rahmen Goiot Typ Klappe mit lichtdurchl\u00e4ssigem rauchgrauem 10 mm Methacrylglas. Nivellierte Dichtung und Griffe sorgen f\u00fcr einen wasserdichten Abschluss.<\/p>\n","protected":false},"excerpt":{"rendered":"<p>Luken vom Typ G rund Gr\u00f6\u00dfe 22 Aluminium &#8211; Anodisiertem Aluminium runder Rahmen Goiot Typ Klappe mit lichtdurchl\u00e4ssigem rauchgrauem 10<\/p>\n","protected":false},"featured_media":5944694,"comment_status":"open","ping_status":"closed","template":"","meta":[],"product_brand":[2855],"product_cat":[1415],"product_tag":[],"class_list":{"0":"post-736416","1":"product","2":"type-product","3":"status-publish","4":"has-post-thumbnail","6":"product_brand-can-marine-de","7":"product_cat-bootsluken","9":"first","10":"instock","11":"shipping-taxable","12":"purchasable","13":"product-type-simple"},"_links":{"self":[{"href":"https:\/\/stoic-curie.212-227-153-4.plesk.page\/de\/wp-json\/wp\/v2\/product\/736416","targetHints":{"allow":["GET"]}}],"collection":[{"href":"https:\/\/stoic-curie.212-227-153-4.plesk.page\/de\/wp-json\/wp\/v2\/product"}],"about":[{"href":"https:\/\/stoic-curie.212-227-153-4.plesk.page\/de\/wp-json\/wp\/v2\/types\/product"}],"replies":[{"embeddable":true,"href":"https:\/\/stoic-curie.212-227-153-4.plesk.page\/de\/wp-json\/wp\/v2\/comments?post=736416"}],"version-history":[{"count":0,"href":"https:\/\/stoic-curie.212-227-153-4.plesk.page\/de\/wp-json\/wp\/v2\/product\/736416\/revisions"}],"wp:featuredmedia":[{"embeddable":true,"href":"https:\/\/stoic-curie.212-227-153-4.plesk.page\/de\/wp-json\/wp\/v2\/media\/5944694"}],"wp:attachment":[{"href":"https:\/\/stoic-curie.212-227-153-4.plesk.page\/de\/wp-json\/wp\/v2\/media?parent=736416"}],"wp:term":[{"taxonomy":"product_brand","embeddable":true,"href":"https:\/\/stoic-curie.212-227-153-4.plesk.page\/de\/wp-json\/wp\/v2\/product_brand?post=736416"},{"taxonomy":"product_cat","embeddable":true,"href":"https:\/\/stoic-curie.212-227-153-4.plesk.page\/de\/wp-json\/wp\/v2\/product_cat?post=736416"},{"taxonomy":"product_tag","embeddable":true,"href":"https:\/\/stoic-curie.212-227-153-4.plesk.page\/de\/wp-json\/wp\/v2\/product_tag?post=736416"}],"curies":[{"name":"wp","href":"https:\/\/api.w.org\/{rel}","templated":true}]}}