{"id":736435,"date":"2025-03-03T16:32:10","date_gmt":"2025-03-03T15:32:10","guid":{"rendered":"https:\/\/stoic-curie.212-227-153-4.plesk.page\/producto\/aufblasbares-boot-eurovinil-air-180-cm\/"},"modified":"2026-02-24T23:35:07","modified_gmt":"2026-02-24T23:35:07","slug":"aufblasbares-boot-eurovinil-air-180-cm","status":"publish","type":"product","link":"https:\/\/stoic-curie.212-227-153-4.plesk.page\/de\/product\/aufblasbares-boot-eurovinil-air-180-cm\/","title":{"rendered":"Dinghy Eurovinil Modell: Aufblasbares Basic 180"},"content":{"rendered":"<p>Dinghy Eurovinil Modell: Aufblasbares Basic 180 &#8211; <\/p>\n<div class=\"expander\">\n<div style=\"color: rgb(0, 0, 0); font-family: tahoma, arial, verdana, sans-serif; font-size: 12px;\">\n<p>Wir freuen uns, unser kompaktes Tender vorzustellen, das sorgf\u00e4ltig aus hochwertigem, strapazierf\u00e4higem 1100D PVC-Stoff gefertigt ist. Dieses Modell zeichnet sich durch seinen innovativen aufblasbaren Kiel aus, der oft als &#8220;Airmat&#8221; bezeichnet wird. Dieses einzigartige Design nutzt Drop-Stitch-Stoff, der au\u00dfergew\u00f6hnliche Steifigkeit und Stabilit\u00e4t beim Navigieren in verschiedenen Wasserbedingungen bietet. Die Kombination dieser Materialien sorgt daf\u00fcr, dass Sie ein zuverl\u00e4ssiges und robustes Tender f\u00fcr all Ihre Bootsabenteuer haben.<\/p>\n<p>Zu dem Tender geh\u00f6ren mehrere wichtige Elemente, die Ihr Erlebnis verbessern und sicherstellen, dass Sie gut f\u00fcr Ihre Ausfl\u00fcge vorbereitet sind. Diese Elemente umfassen eine Pumpe zum einfachen Aufblasen, ein Reparaturset f\u00fcr unvorhergesehene Probleme, Ruder f\u00fcr manuelle Antrieb, eine schwenkbare Bank f\u00fcr Komfort, ein Festmacherseil zur Sicherung Ihres Tenders und eine praktische Tragetasche mit den Ma\u00dfen 80 x 40 x 50 cm. Dieses umfassende Paket erleichtert den Transport und den Aufbau Ihres Tenders, wo auch immer Sie hingehen.<\/p>\n<p>Unsere aufblasbare Reihe gilt als Bestseller von Eurovinil, was die jahrelange Expertise und das Engagement widerspiegelt, die in die Branche der aufblasbaren Boote investiert wurden. Das Tender verf\u00fcgt \u00fcber einen aufblasbaren &#8220;V&#8221;-Kiel sowie die spezielle &#8220;Airmat&#8221;, die nicht nur au\u00dfergew\u00f6hnliche St\u00e4rke bietet, sondern auch bemerkenswerten Widerstand gegen Durchstiche und Abnutzung, was Langlebigkeit und Zuverl\u00e4ssigkeit gew\u00e4hrleistet.<\/p>\n<p>Der standardm\u00e4\u00dfige schwenkbare Bank ist f\u00fcr den Komfort der Benutzer konzipiert, sodass Personen ihre Position leicht anpassen k\u00f6nnen. Diese Funktion ist besonders vorteilhaft, wenn man in verschiedenen Situationen in das Boot einsteigt oder unterschiedliche Lasten unterbringt. Dar\u00fcber hinaus hilft der Spritzschutzfl\u00fcgel effektiv, zu verhindern, dass Wasser in das Boot eindringt, selbst wenn es voll beladen ist, und h\u00e4lt Sie und Ihre Besitzt\u00fcmer trocken.<\/p>\n<p>Eine der herausragenden Eigenschaften dieses Tenders ist die M\u00f6glichkeit, ihn schnell zu entleeren und bequem zu lagern. Sie k\u00f6nnen ihn problemlos in einem Schrank unterbringen, ihn umgedreht auf dem Bugdeck oder dem Br\u00fccken-Dach positionieren oder an den Heckdavits befestigen. Sein kompaktes Design erm\u00f6glicht eine praktisch \u00fcberall an Bord, sodass Sie die zahlreichen Vorteile eines Tenders genie\u00dfen k\u00f6nnen, ohne wertvollen Wohnraum auf Ihrem Boot zu opfern. Dies macht ihn zu einer idealen Wahl f\u00fcr Bootsbegeisterte, die sowohl Funktionalit\u00e4t als auch Bequemlichkeit sch\u00e4tzen.<\/p>\n<\/div>\n<\/div>\n","protected":false},"excerpt":{"rendered":"<p>Dinghy Eurovinil Modell: Aufblasbares Basic 180 &#8211; Wir freuen uns, unser kompaktes Tender vorzustellen, das sorgf\u00e4ltig aus hochwertigem, strapazierf\u00e4higem 1100D<\/p>\n","protected":false},"featured_media":5937416,"comment_status":"open","ping_status":"closed","template":"","meta":[],"product_brand":[2925],"product_cat":[1546],"product_tag":[],"class_list":{"0":"post-736435","1":"product","2":"type-product","3":"status-publish","4":"has-post-thumbnail","6":"product_brand-eurovinil-de","7":"product_cat-schlauchboote-und-beiboote","9":"first","10":"instock","11":"shipping-taxable","12":"purchasable","13":"product-type-simple"},"_links":{"self":[{"href":"https:\/\/stoic-curie.212-227-153-4.plesk.page\/de\/wp-json\/wp\/v2\/product\/736435","targetHints":{"allow":["GET"]}}],"collection":[{"href":"https:\/\/stoic-curie.212-227-153-4.plesk.page\/de\/wp-json\/wp\/v2\/product"}],"about":[{"href":"https:\/\/stoic-curie.212-227-153-4.plesk.page\/de\/wp-json\/wp\/v2\/types\/product"}],"replies":[{"embeddable":true,"href":"https:\/\/stoic-curie.212-227-153-4.plesk.page\/de\/wp-json\/wp\/v2\/comments?post=736435"}],"version-history":[{"count":0,"href":"https:\/\/stoic-curie.212-227-153-4.plesk.page\/de\/wp-json\/wp\/v2\/product\/736435\/revisions"}],"wp:featuredmedia":[{"embeddable":true,"href":"https:\/\/stoic-curie.212-227-153-4.plesk.page\/de\/wp-json\/wp\/v2\/media\/5937416"}],"wp:attachment":[{"href":"https:\/\/stoic-curie.212-227-153-4.plesk.page\/de\/wp-json\/wp\/v2\/media?parent=736435"}],"wp:term":[{"taxonomy":"product_brand","embeddable":true,"href":"https:\/\/stoic-curie.212-227-153-4.plesk.page\/de\/wp-json\/wp\/v2\/product_brand?post=736435"},{"taxonomy":"product_cat","embeddable":true,"href":"https:\/\/stoic-curie.212-227-153-4.plesk.page\/de\/wp-json\/wp\/v2\/product_cat?post=736435"},{"taxonomy":"product_tag","embeddable":true,"href":"https:\/\/stoic-curie.212-227-153-4.plesk.page\/de\/wp-json\/wp\/v2\/product_tag?post=736435"}],"curies":[{"name":"wp","href":"https:\/\/api.w.org\/{rel}","templated":true}]}}