{"id":736436,"date":"2025-03-03T16:32:10","date_gmt":"2025-03-03T15:32:10","guid":{"rendered":"https:\/\/stoic-curie.212-227-153-4.plesk.page\/producto\/tragbare-kuehlschraenke-icey-tek-hd-56-l-rot\/"},"modified":"2026-02-24T23:35:07","modified_gmt":"2026-02-24T23:35:07","slug":"tragbare-kuehlschraenke-icey-tek-hd-56-l-rot","status":"publish","type":"product","link":"https:\/\/stoic-curie.212-227-153-4.plesk.page\/de\/product\/tragbare-kuehlschraenke-icey-tek-hd-56-l-rot\/","title":{"rendered":"Tragbarer K\u00fchlschrank Icey-Tek HD 56l Rot"},"content":{"rendered":"<p>Tragbarer K\u00fchlschrank Icey-Tek HD 56l Rot &#8211; <\/p>\n<p>Der 56L Icey-Tek Tragbare K\u00fchlschrank ist die kompakteste Option in der gr\u00f6\u00dferen Reihe. Er wird besonders von Anglern und Outdoor-Enthusiasten gesch\u00e4tzt, eignet sich jedoch auch hervorragend als K\u00fchler f\u00fcr Partys und Grillabende. Sein schlankes, l\u00e4ngliches Design verbessert die Organisation des Inhalts und erm\u00f6glicht einen einfachen Zugriff auf die Artikel, ohne dass man im K\u00fchler herumsuchen muss. Diese Konfiguration ist ideal zum Halten von kleinen bis mittelgro\u00dfen Riff- und Spiel-Fischen und passt bequem in den Kofferraum der meisten Autos oder auf die R\u00fcckbank.<\/p>\n<p>Jede 56L Icebox verf\u00fcgt \u00fcber drei robuste Spritzguss-Scharniere, die \u00fcber 90 Grad \u00f6ffnen. Diese starken Scharniere machen das Halten des Deckels ohne Seile \u00fcberfl\u00fcssig.<\/p>\n<p>Spezifikationen:<\/p>\n<ul>\n<li>Externe Abmessungen (B x T x H): 42 x 79,0 x 40,9 cm<\/li>\n<li>Interne Abmessungen (B x T x H): 30 x 65,5 x 30,5 cm<\/li>\n<li>Kapazit\u00e4t: 56 Liter<\/li>\n<li>Entw\u00e4sserung: links\/rechts<\/li>\n<li>Gewicht: 10 kg<\/li>\n<\/ul>\n","protected":false},"excerpt":{"rendered":"<p>Tragbarer K\u00fchlschrank Icey-Tek HD 56l Rot &#8211; Der 56L Icey-Tek Tragbare K\u00fchlschrank ist die kompakteste Option in der gr\u00f6\u00dferen Reihe.<\/p>\n","protected":false},"featured_media":5944736,"comment_status":"open","ping_status":"closed","template":"","meta":[],"product_brand":[3005],"product_cat":[1556,1359],"product_tag":[],"class_list":{"0":"post-736436","1":"product","2":"type-product","3":"status-publish","4":"has-post-thumbnail","6":"product_brand-icey-tek-de","7":"product_cat-angelzubehoer","8":"product_cat-kuehlbox-kuehlgeraete","10":"first","11":"instock","12":"shipping-taxable","13":"purchasable","14":"product-type-simple"},"_links":{"self":[{"href":"https:\/\/stoic-curie.212-227-153-4.plesk.page\/de\/wp-json\/wp\/v2\/product\/736436","targetHints":{"allow":["GET"]}}],"collection":[{"href":"https:\/\/stoic-curie.212-227-153-4.plesk.page\/de\/wp-json\/wp\/v2\/product"}],"about":[{"href":"https:\/\/stoic-curie.212-227-153-4.plesk.page\/de\/wp-json\/wp\/v2\/types\/product"}],"replies":[{"embeddable":true,"href":"https:\/\/stoic-curie.212-227-153-4.plesk.page\/de\/wp-json\/wp\/v2\/comments?post=736436"}],"version-history":[{"count":0,"href":"https:\/\/stoic-curie.212-227-153-4.plesk.page\/de\/wp-json\/wp\/v2\/product\/736436\/revisions"}],"wp:featuredmedia":[{"embeddable":true,"href":"https:\/\/stoic-curie.212-227-153-4.plesk.page\/de\/wp-json\/wp\/v2\/media\/5944736"}],"wp:attachment":[{"href":"https:\/\/stoic-curie.212-227-153-4.plesk.page\/de\/wp-json\/wp\/v2\/media?parent=736436"}],"wp:term":[{"taxonomy":"product_brand","embeddable":true,"href":"https:\/\/stoic-curie.212-227-153-4.plesk.page\/de\/wp-json\/wp\/v2\/product_brand?post=736436"},{"taxonomy":"product_cat","embeddable":true,"href":"https:\/\/stoic-curie.212-227-153-4.plesk.page\/de\/wp-json\/wp\/v2\/product_cat?post=736436"},{"taxonomy":"product_tag","embeddable":true,"href":"https:\/\/stoic-curie.212-227-153-4.plesk.page\/de\/wp-json\/wp\/v2\/product_tag?post=736436"}],"curies":[{"name":"wp","href":"https:\/\/api.w.org\/{rel}","templated":true}]}}