{"id":736437,"date":"2025-03-03T16:32:10","date_gmt":"2025-03-03T15:32:10","guid":{"rendered":"https:\/\/stoic-curie.212-227-153-4.plesk.page\/producto\/tragbare-kuehlschraenke-icey-tek-hd-70-l-rot\/"},"modified":"2026-02-24T23:35:07","modified_gmt":"2026-02-24T23:35:07","slug":"tragbare-kuehlschraenke-icey-tek-hd-70-l-rot","status":"publish","type":"product","link":"https:\/\/stoic-curie.212-227-153-4.plesk.page\/de\/product\/tragbare-kuehlschraenke-icey-tek-hd-70-l-rot\/","title":{"rendered":"Tragbarer K\u00fchlschrank Icey-Tek HD 70lt Rot"},"content":{"rendered":"<p>Tragbarer K\u00fchlschrank Icey-Tek HD 70lt Rot &#8211; <\/p>\n<p style=\"color: rgb(34, 34, 34); font-family: Arial, Helvetica, sans-serif; font-size: small;\">Die 70L K\u00fchlbox ist unser Bestseller und somit eine hervorragende Wahl f\u00fcr Ihren ersten K\u00fchler. Ihr l\u00e4ngliches Design ist ideal f\u00fcr mittelgro\u00dfe Angelausfl\u00fcge und bietet gen\u00fcgend Platz f\u00fcr Lebensmittel und Vorr\u00e4te f\u00fcr 2 bis 3 Personen \u00fcber ein Wochenende. Sie passt bequem in den Kofferraum der meisten Fahrzeuge oder kann auf dem R\u00fccksitz oder im Bett Ihres Trucks platziert werden.<\/p>\n<p style=\"color: rgb(34, 34, 34); font-family: Arial, Helvetica, sans-serif; font-size: small;\">Unsere Icey-Tek K\u00fchlboxen sind sowohl f\u00fcr professionelle als auch f\u00fcr Freizeitaktivit\u00e4ten konzipiert und gew\u00e4hrleisten die bestm\u00f6gliche Aufbewahrung von Fischen und Lebensmitteln. Dank ihrer dichten Isolierung k\u00f6nnen sie \u00fcber mehrere Tage kalte Temperaturen halten. Jede K\u00fchlbox ist mit zwei 1-Zoll-Gewinde\u00f6ffnungen mit Kappen ausgestattet, die als Lebendfischbeh\u00e4lter dienen k\u00f6nnen. Diese K\u00fchlboxen sind robust konstruiert und verf\u00fcgen \u00fcber starke spritzgegossene Scharniere und thermoplastische Elastomer-Verschl\u00fcsse, die auch als Sitzgelegenheit genutzt werden k\u00f6nnen.<\/p>\n<p style=\"color: rgb(34, 34, 34); font-family: Arial, Helvetica, sans-serif; font-size: small;\">Die Modelle 160L und 260L sind mit einem doppelt ge\u00f6ffneten Klappdeckel f\u00fcr zus\u00e4tzlichen Komfort ausgestattet.<\/p>\n<p style=\"color: rgb(34, 34, 34); font-family: Arial, Helvetica, sans-serif; font-size: small;\">Jede 70L K\u00fchlbox enth\u00e4lt drei robuste spritzgegossene Scharniere, die \u00fcber 90 Grad hinaus stoppen, sodass keine Seile erforderlich sind, um die Deckel offen zu halten.<\/p>\n<p style=\"color: rgb(34, 34, 34); font-family: Arial, Helvetica, sans-serif; font-size: small;\">Die Wandst\u00e4rke reicht von 80 mm im Deckel, wo die Isolierung besonders wichtig ist, bis zu 40 mm bis 45 mm am Boden und an den Seiten. Diese Konstruktion bietet au\u00dfergew\u00f6hnliche W\u00e4rmed\u00e4mmung, ohne das Gewicht erheblich zu erh\u00f6hen.<\/p>\n<p style=\"color: rgb(34, 34, 34); font-family: Arial, Helvetica, sans-serif; font-size: small;\"><strong>Externe Abmessungen:<\/strong><\/p>\n<ul style=\"color: rgb(34, 34, 34); font-family: Arial, Helvetica, sans-serif; font-size: small;\">\n<li>L\u00e4nge: 855 mm<\/li>\n<li>H\u00f6he: 445 mm<\/li>\n<li>Breite: 435 mm<\/li>\n<\/ul>\n<p style=\"color: rgb(34, 34, 34); font-family: Arial, Helvetica, sans-serif; font-size: small;\"><strong>Interne Abmessungen:<\/strong><\/p>\n<ul style=\"color: rgb(34, 34, 34); font-family: Arial, Helvetica, sans-serif; font-size: small;\">\n<li>L\u00e4nge: 695 mm<\/li>\n<li>H\u00f6he: 320 mm<\/li>\n<li>Breite: 310 mm<\/li>\n<\/ul>\n<p style=\"color: rgb(34, 34, 34); font-family: Arial, Helvetica, sans-serif; font-size: small;\"><strong>Gewicht:<\/strong>&nbsp;12,5 kg<br \/><strong>H\u00f6he des Deckels bei ge\u00f6ffnetem Zustand:<\/strong>&nbsp;875 mm<br \/><strong>Deckelkante:<\/strong>&nbsp;28 mm<\/p>\n","protected":false},"excerpt":{"rendered":"<p>Tragbarer K\u00fchlschrank Icey-Tek HD 70lt Rot &#8211; Die 70L K\u00fchlbox ist unser Bestseller und somit eine hervorragende Wahl f\u00fcr Ihren<\/p>\n","protected":false},"featured_media":5944736,"comment_status":"open","ping_status":"closed","template":"","meta":[],"product_brand":[3005],"product_cat":[1556,1359],"product_tag":[],"class_list":{"0":"post-736437","1":"product","2":"type-product","3":"status-publish","4":"has-post-thumbnail","6":"product_brand-icey-tek-de","7":"product_cat-angelzubehoer","8":"product_cat-kuehlbox-kuehlgeraete","10":"first","11":"instock","12":"shipping-taxable","13":"purchasable","14":"product-type-simple"},"_links":{"self":[{"href":"https:\/\/stoic-curie.212-227-153-4.plesk.page\/de\/wp-json\/wp\/v2\/product\/736437","targetHints":{"allow":["GET"]}}],"collection":[{"href":"https:\/\/stoic-curie.212-227-153-4.plesk.page\/de\/wp-json\/wp\/v2\/product"}],"about":[{"href":"https:\/\/stoic-curie.212-227-153-4.plesk.page\/de\/wp-json\/wp\/v2\/types\/product"}],"replies":[{"embeddable":true,"href":"https:\/\/stoic-curie.212-227-153-4.plesk.page\/de\/wp-json\/wp\/v2\/comments?post=736437"}],"version-history":[{"count":0,"href":"https:\/\/stoic-curie.212-227-153-4.plesk.page\/de\/wp-json\/wp\/v2\/product\/736437\/revisions"}],"wp:featuredmedia":[{"embeddable":true,"href":"https:\/\/stoic-curie.212-227-153-4.plesk.page\/de\/wp-json\/wp\/v2\/media\/5944736"}],"wp:attachment":[{"href":"https:\/\/stoic-curie.212-227-153-4.plesk.page\/de\/wp-json\/wp\/v2\/media?parent=736437"}],"wp:term":[{"taxonomy":"product_brand","embeddable":true,"href":"https:\/\/stoic-curie.212-227-153-4.plesk.page\/de\/wp-json\/wp\/v2\/product_brand?post=736437"},{"taxonomy":"product_cat","embeddable":true,"href":"https:\/\/stoic-curie.212-227-153-4.plesk.page\/de\/wp-json\/wp\/v2\/product_cat?post=736437"},{"taxonomy":"product_tag","embeddable":true,"href":"https:\/\/stoic-curie.212-227-153-4.plesk.page\/de\/wp-json\/wp\/v2\/product_tag?post=736437"}],"curies":[{"name":"wp","href":"https:\/\/api.w.org\/{rel}","templated":true}]}}