{"id":736438,"date":"2025-03-03T16:32:10","date_gmt":"2025-03-03T15:32:10","guid":{"rendered":"https:\/\/stoic-curie.212-227-153-4.plesk.page\/producto\/tragbare-kuehlschraenke-icey-tek-hd-90-l-rot\/"},"modified":"2026-02-24T23:35:07","modified_gmt":"2026-02-24T23:35:07","slug":"tragbare-kuehlschraenke-icey-tek-hd-90-l-rot","status":"publish","type":"product","link":"https:\/\/stoic-curie.212-227-153-4.plesk.page\/de\/product\/tragbare-kuehlschraenke-icey-tek-hd-90-l-rot\/","title":{"rendered":"Tragbarer K\u00fchlschrank Icey-Tek HD 90lt Rot"},"content":{"rendered":"<p>Tragbarer K\u00fchlschrank Icey-Tek HD 90lt Rot &#8211; <\/p>\n<p style=\"color: rgb(34, 34, 34); font-family: Arial, Helvetica, sans-serif; font-size: small;\">Wir stellen die Icey-Tek K\u00fchler vor, die stolz in Australien hergestellt und sorgf\u00e4ltig f\u00fcr Fachleute konzipiert wurden, die zuverl\u00e4ssige Lagerl\u00f6sungen f\u00fcr Fisch und Lebensmittel suchen. Diese K\u00fchler sind mit dichter Isolierung ausgestattet, die sicherstellt, dass die Inhalte \u00fcber l\u00e4ngere Zeit kalt bleiben, wodurch die Erhaltung Ihres Fangs optimiert wird. Jeder K\u00fchler ist mit zwei 1-Zoll Gewindebohrungen und Deckeln ausgestattet, was ihn ideal f\u00fcr die Verwendung als Lebendfalle f\u00fcr Fische macht.<\/p>\n<p style=\"color: rgb(34, 34, 34); font-family: Arial, Helvetica, sans-serif; font-size: small;\">Die Icey-Tek K\u00fchler sind auf Langlebigkeit ausgelegt und verf\u00fcgen \u00fcber robuste spritzgegossene Scharniere und thermoplastische Elastomer-Verschl\u00fcsse, die es ihnen erm\u00f6glichen, auch als Sitzgelegenheit zu dienen. Die Modelle mit 160 und 260 Litern sind mit einem praktischen Doppeldeckel ausgestattet, w\u00e4hrend das 90-Liter-Modell aufgrund seiner Beliebtheit eng Konkurrenz mit der 70-Liter-Version hat. Diese gr\u00f6\u00dferen Kapazit\u00e4ten eignen sich besonders gut f\u00fcr Familien leidenschaftlicher Angler und Camper. Auch wenn sie m\u00f6glicherweise nicht im Kofferraum der meisten Fahrzeuge Platz finden, k\u00f6nnen sie bequem auf der R\u00fcckbank einer Limousine oder im Heck eines Nutzfahrzeugs untergebracht werden. Diese K\u00fchler k\u00f6nnen mittelgro\u00dfe pelagische und gro\u00dfe Riff-Fische aufnehmen, was sie ideal f\u00fcr Angeltouren sowie zur Lagerung von Lebensmitteln und Getr\u00e4nken w\u00e4hrend Campingausfl\u00fcgen oder Wochenendausfl\u00fcgen macht. Zudem sind sie eine ausgezeichnete Erg\u00e4nzung f\u00fcr Ihr Zuhause bei Grillabenden und gesellschaftlichen Zusammenk\u00fcnften, da Sie mehrere Kartons Getr\u00e4nke k\u00fchl halten k\u00f6nnen, ohne Platz im K\u00fchlschrank zu beanspruchen.<\/p>\n<p style=\"color: rgb(34, 34, 34); font-family: Arial, Helvetica, sans-serif; font-size: small;\">Jeder 90-Liter K\u00fchler ist mit drei robusten spritzgegossenen Scharnieren ausgestattet, die \u00fcber 90 Grad \u00f6ffnen, sodass es nicht n\u00f6tig ist, Seile zu verwenden, um die Deckel in ge\u00f6ffneter Position zu sichern.<\/p>\n<p style=\"color: rgb(34, 34, 34); font-family: Arial, Helvetica, sans-serif; font-size: small;\">Die Wandst\u00e4rke der K\u00fchler variiert, wobei der Deckel 80 mm misst, wo Isolierung entscheidend ist, und die Basis sowie die Seiten von 40 mm bis 45 mm reichen. Dieses durchdachte Design gew\u00e4hrleistet eine au\u00dfergew\u00f6hnliche thermische Isolierung und h\u00e4lt gleichzeitig das Gewicht in einem handhabbaren Rahmen.<\/p>\n<p style=\"color: rgb(34, 34, 34); font-family: Arial, Helvetica, sans-serif; font-size: small;\"><strong>Externe Ma\u00dfe:<\/strong><\/p>\n<ul style=\"color: rgb(34, 34, 34); font-family: Arial, Helvetica, sans-serif; font-size: small;\">\n<li>L\u00e4nge: 925 mm<\/li>\n<li>H\u00f6he: 480 mm<\/li>\n<li>Breite: 470 mm<\/li>\n<\/ul>\n<p style=\"color: rgb(34, 34, 34); font-family: Arial, Helvetica, sans-serif; font-size: small;\"><strong>Interne Ma\u00dfe:<\/strong><\/p>\n<ul style=\"color: rgb(34, 34, 34); font-family: Arial, Helvetica, sans-serif; font-size: small;\">\n<li>L\u00e4nge: 770 mm<\/li>\n<li>H\u00f6he: 345 mm<\/li>\n<li>Breite: 340 mm<\/li>\n<\/ul>\n<p style=\"color: rgb(34, 34, 34); font-family: Arial, Helvetica, sans-serif; font-size: small;\"><strong>Gewicht:<\/strong>&nbsp;14 kg<br \/><strong>H\u00f6he des Deckels im offenen Zustand:<\/strong>&nbsp;935 mm<br \/><strong>Deckelrand:<\/strong>&nbsp;38 mm<\/p>\n","protected":false},"excerpt":{"rendered":"<p>Tragbarer K\u00fchlschrank Icey-Tek HD 90lt Rot &#8211; Wir stellen die Icey-Tek K\u00fchler vor, die stolz in Australien hergestellt und sorgf\u00e4ltig<\/p>\n","protected":false},"featured_media":5944736,"comment_status":"open","ping_status":"closed","template":"","meta":[],"product_brand":[3005],"product_cat":[1556,1359],"product_tag":[],"class_list":{"0":"post-736438","1":"product","2":"type-product","3":"status-publish","4":"has-post-thumbnail","6":"product_brand-icey-tek-de","7":"product_cat-angelzubehoer","8":"product_cat-kuehlbox-kuehlgeraete","10":"first","11":"instock","12":"shipping-taxable","13":"purchasable","14":"product-type-simple"},"_links":{"self":[{"href":"https:\/\/stoic-curie.212-227-153-4.plesk.page\/de\/wp-json\/wp\/v2\/product\/736438","targetHints":{"allow":["GET"]}}],"collection":[{"href":"https:\/\/stoic-curie.212-227-153-4.plesk.page\/de\/wp-json\/wp\/v2\/product"}],"about":[{"href":"https:\/\/stoic-curie.212-227-153-4.plesk.page\/de\/wp-json\/wp\/v2\/types\/product"}],"replies":[{"embeddable":true,"href":"https:\/\/stoic-curie.212-227-153-4.plesk.page\/de\/wp-json\/wp\/v2\/comments?post=736438"}],"version-history":[{"count":0,"href":"https:\/\/stoic-curie.212-227-153-4.plesk.page\/de\/wp-json\/wp\/v2\/product\/736438\/revisions"}],"wp:featuredmedia":[{"embeddable":true,"href":"https:\/\/stoic-curie.212-227-153-4.plesk.page\/de\/wp-json\/wp\/v2\/media\/5944736"}],"wp:attachment":[{"href":"https:\/\/stoic-curie.212-227-153-4.plesk.page\/de\/wp-json\/wp\/v2\/media?parent=736438"}],"wp:term":[{"taxonomy":"product_brand","embeddable":true,"href":"https:\/\/stoic-curie.212-227-153-4.plesk.page\/de\/wp-json\/wp\/v2\/product_brand?post=736438"},{"taxonomy":"product_cat","embeddable":true,"href":"https:\/\/stoic-curie.212-227-153-4.plesk.page\/de\/wp-json\/wp\/v2\/product_cat?post=736438"},{"taxonomy":"product_tag","embeddable":true,"href":"https:\/\/stoic-curie.212-227-153-4.plesk.page\/de\/wp-json\/wp\/v2\/product_tag?post=736438"}],"curies":[{"name":"wp","href":"https:\/\/api.w.org\/{rel}","templated":true}]}}