{"id":736439,"date":"2025-03-03T16:32:11","date_gmt":"2025-03-03T15:32:11","guid":{"rendered":"https:\/\/stoic-curie.212-227-153-4.plesk.page\/producto\/icey-tek-blaue-tragbare-eisboxen-56-liter\/"},"modified":"2026-02-24T23:35:07","modified_gmt":"2026-02-24T23:35:07","slug":"icey-tek-blaue-tragbare-eisboxen-56-liter","status":"publish","type":"product","link":"https:\/\/stoic-curie.212-227-153-4.plesk.page\/de\/product\/icey-tek-blaue-tragbare-eisboxen-56-liter\/","title":{"rendered":"Tragbarer K\u00fchlschrank Icey-Tek HD 56lt Blau"},"content":{"rendered":"<p>Tragbarer K\u00fchlschrank Icey-Tek HD 56lt Blau &#8211; <\/p>\n<p>Der 56L Icey-Tek Tragbare K\u00fchlschrank ist die kompakteste Option in ihrer gr\u00f6\u00dferen Serie. Er wird besonders von Anglern und Outdoor-Enthusiasten gesch\u00e4tzt und dient ebenfalls als au\u00dfergew\u00f6hnlicher K\u00fchler f\u00fcr gesellige Zusammenk\u00fcnfte und Grillpartys. Sein elegantes, schlankes Design verbessert die Organisation des Inhalts und erm\u00f6glicht einen einfachen Zugriff auf die Gegenst\u00e4nde, ohne dass man im K\u00fchler herumkramen muss. Diese Anordnung ist besonders gut geeignet, um kleine bis mittelgro\u00dfe Riff- und Spiel-Fische unterzubringen, und passt bequem in den Kofferraum der meisten Fahrzeuge oder auf den R\u00fccksitz.<\/p>\n<p>Jede 56L Icebox ist mit drei langlebigen, spritzgegossenen Scharnieren ausgestattet, die \u00fcber 90 Grad \u00f6ffnen. Diese robusten Scharniere machen es \u00fcberfl\u00fcssig, Seile zu verwenden, um den Deckel in ge\u00f6ffneter Position zu sichern.<\/p>\n<p>Spezifikationen:<\/p>\n<ul>\n<li>\u00c4u\u00dfere Abmessungen (BxTxH): 42 x 79 x 41 cm<\/li>\n<li>Innere Abmessungen (BxTxH): 30 x 66 x 30 cm<\/li>\n<li>Kapazit\u00e4t: 56 Liter<\/li>\n<li>Entw\u00e4sserung: links\/rechts<\/li>\n<li>Gewicht: 10 kg<\/li>\n<\/ul>\n","protected":false},"excerpt":{"rendered":"<p>Tragbarer K\u00fchlschrank Icey-Tek HD 56lt Blau &#8211; Der 56L Icey-Tek Tragbare K\u00fchlschrank ist die kompakteste Option in ihrer gr\u00f6\u00dferen Serie.<\/p>\n","protected":false},"featured_media":5944738,"comment_status":"open","ping_status":"closed","template":"","meta":[],"product_brand":[3005],"product_cat":[1556,1359],"product_tag":[],"class_list":{"0":"post-736439","1":"product","2":"type-product","3":"status-publish","4":"has-post-thumbnail","6":"product_brand-icey-tek-de","7":"product_cat-angelzubehoer","8":"product_cat-kuehlbox-kuehlgeraete","10":"first","11":"instock","12":"shipping-taxable","13":"purchasable","14":"product-type-simple"},"_links":{"self":[{"href":"https:\/\/stoic-curie.212-227-153-4.plesk.page\/de\/wp-json\/wp\/v2\/product\/736439","targetHints":{"allow":["GET"]}}],"collection":[{"href":"https:\/\/stoic-curie.212-227-153-4.plesk.page\/de\/wp-json\/wp\/v2\/product"}],"about":[{"href":"https:\/\/stoic-curie.212-227-153-4.plesk.page\/de\/wp-json\/wp\/v2\/types\/product"}],"replies":[{"embeddable":true,"href":"https:\/\/stoic-curie.212-227-153-4.plesk.page\/de\/wp-json\/wp\/v2\/comments?post=736439"}],"version-history":[{"count":0,"href":"https:\/\/stoic-curie.212-227-153-4.plesk.page\/de\/wp-json\/wp\/v2\/product\/736439\/revisions"}],"wp:featuredmedia":[{"embeddable":true,"href":"https:\/\/stoic-curie.212-227-153-4.plesk.page\/de\/wp-json\/wp\/v2\/media\/5944738"}],"wp:attachment":[{"href":"https:\/\/stoic-curie.212-227-153-4.plesk.page\/de\/wp-json\/wp\/v2\/media?parent=736439"}],"wp:term":[{"taxonomy":"product_brand","embeddable":true,"href":"https:\/\/stoic-curie.212-227-153-4.plesk.page\/de\/wp-json\/wp\/v2\/product_brand?post=736439"},{"taxonomy":"product_cat","embeddable":true,"href":"https:\/\/stoic-curie.212-227-153-4.plesk.page\/de\/wp-json\/wp\/v2\/product_cat?post=736439"},{"taxonomy":"product_tag","embeddable":true,"href":"https:\/\/stoic-curie.212-227-153-4.plesk.page\/de\/wp-json\/wp\/v2\/product_tag?post=736439"}],"curies":[{"name":"wp","href":"https:\/\/api.w.org\/{rel}","templated":true}]}}